{"id":746,"date":"2026-01-22T13:42:08","date_gmt":"2026-01-22T13:42:08","guid":{"rendered":"https:\/\/fertility.com.gt\/?page_id=746"},"modified":"2026-01-22T13:42:10","modified_gmt":"2026-01-22T13:42:10","slug":"pgt-m-2","status":"publish","type":"page","link":"https:\/\/fertility.com.gt\/es\/pgt-m-2\/","title":{"rendered":"PGT-M"},"content":{"rendered":"\n<h1 class=\"wp-block-heading has-text-align-center\">Diagn\u00f3stico gen\u00e9tico preimplantacional para enfermedades monog\u00e9nicas<\/h1>\n\n\n\n<p class=\"\">El PGT-M (Preimplantation Genetic Testing for Monogenic Disorders) es una<br>prueba que permite identificar si un embri\u00f3n es portador o est\u00e1 afectado por una<br>enfermedad gen\u00e9tica causada por un solo gen. Su objetivo es ayudar a las<br>familias con riesgo hereditario a tener un beb\u00e9 sano, evitando la transmisi\u00f3n de<br>una condici\u00f3n gen\u00e9tica espec\u00edfica.<br>Este estudio se recomienda cuando uno o ambos miembros de la pareja tienen:<\/p>\n\n\n\n<ul class=\"wp-block-list\">\n<li class=\"\">Una enfermedad gen\u00e9tica conocida<\/li>\n\n\n\n<li class=\"\">Mutaciones identificadas en estudios de portadores<\/li>\n\n\n\n<li class=\"\">Antecedentes familiares de trastornos hereditarios graves<\/li>\n\n\n\n<li class=\"\">Riesgo de transmitir condiciones autos\u00f3micas dominantes, recesivas o ligadas al<br>cromosoma X<br>Antes de iniciar el ciclo de FIV el centro en conjunto con el laboratorio de gen\u00e9tica<br>dise\u00f1a un an\u00e1lisis personalizado para la familia, utilizando t\u00e9cnicas de<br>secuenciaci\u00f3n y marcadores ligados al gen afectado.<br>Luego, se realiza el FIV y los embriones que alcanzan la etapa de blastocisto (d\u00eda<br>5-6), con una laser especial se realiza un orificio parecido al que el embri\u00f3n har\u00e1<br>en el momento de eclosionar, disminuyendo la posibilidad de da\u00f1o a los mismos.<br>Luego, se toma una peque\u00f1a muestra de c\u00e9lulas (5-10) de la capa externa del<br>embri\u00f3n llamada trofectodermo o de las c\u00e9lulas que formar\u00e1n la placenta, sin<br>afectar su capacidad de desarrollo. Esa muestra se env\u00eda a un laboratorio<br>especializado que utiliza tecnolog\u00eda de secuenciaci\u00f3n de \u00faltima generaci\u00f3n para<br>evaluar todos los cromosomas. Solo aquellos que tienen los 46 cromosomas se<br>les realiza el estudio para detectar el gen mutado, con esto se determina si el<br>embri\u00f3n est\u00e1:<\/li>\n\n\n\n<li class=\"\">Sano<\/li>\n\n\n\n<li class=\"\">Portador (sin manifestar la enfermedad)<\/li>\n\n\n\n<li class=\"\">Afectado<\/li>\n<\/ul>\n\n\n\n<p class=\"\">Solo se transfieren los embriones libres de la enfermedad, y en algunos casos,<br>seg\u00fan la condici\u00f3n y el consejo gen\u00e9tico, tambi\u00e9n pueden considerarse embriones<br>portadores.<br>El PGT-M es una herramienta poderosa para prevenir enfermedades hereditarias<br>como fibrosis qu\u00edstica, distrofias musculares, anemia falciforme, enfermedades<br>metab\u00f3licas, epilepsias gen\u00e9ticas y muchos otros trastornos.<br>En Fertility Guatemala acompa\u00f1amos a cada familia desde el estudio inicial hasta<br>la interpretaci\u00f3n detallada de resultados. Combinamos FIV avanzada, gen\u00e9tica de<br>precisi\u00f3n y un apoyo humano cercano para ayudar a lograr un embarazo seguro y<br>un beb\u00e9 sano en casa.<\/p>\n\n\n\n\n\n<p class=\"\"><\/p>\n","protected":false},"excerpt":{"rendered":"<p>Diagn\u00f3stico gen\u00e9tico preimplantacional para enfermedades monog\u00e9nicas El PGT-M (Preimplantation Genetic Testing for Monogenic Disorders) es unaprueba que permite identificar si un embri\u00f3n es portador o est\u00e1 afectado por unaenfermedad gen\u00e9tica causada por un solo gen. Su objetivo es ayudar a lasfamilias con riesgo hereditario a tener un beb\u00e9 sano, evitando la transmisi\u00f3n deuna condici\u00f3n gen\u00e9tica [&#8230;]\n","protected":false},"author":1,"featured_media":0,"parent":0,"menu_order":0,"comment_status":"closed","ping_status":"closed","template":"","meta":{"nf_dc_page":"","om_disable_all_campaigns":false,"_monsterinsights_skip_tracking":false,"_monsterinsights_sitenote_active":false,"_monsterinsights_sitenote_note":"","_monsterinsights_sitenote_category":0,"_joinchat":[],"footnotes":""},"class_list":["post-746","page","type-page","status-publish","hentry"],"yoast_head":"<!-- This site is optimized with the Yoast SEO plugin v27.4 - https:\/\/yoast.com\/product\/yoast-seo-wordpress\/ -->\n<title>PGT-M - Fertility Guatemala<\/title>\n<meta name=\"robots\" content=\"index, follow, max-snippet:-1, max-image-preview:large, max-video-preview:-1\" \/>\n<link rel=\"canonical\" href=\"https:\/\/fertility.com.gt\/es\/pgt-m-2\/\" \/>\n<meta property=\"og:locale\" content=\"es_ES\" \/>\n<meta property=\"og:type\" content=\"article\" \/>\n<meta property=\"og:title\" content=\"PGT-M - Fertility Guatemala\" \/>\n<meta property=\"og:description\" content=\"Diagn\u00f3stico gen\u00e9tico preimplantacional para enfermedades monog\u00e9nicas El PGT-M (Preimplantation Genetic Testing for Monogenic Disorders) es unaprueba que permite identificar si un embri\u00f3n es portador o est\u00e1 afectado por unaenfermedad gen\u00e9tica causada por un solo gen. Su objetivo es ayudar a lasfamilias con riesgo hereditario a tener un beb\u00e9 sano, evitando la transmisi\u00f3n deuna condici\u00f3n gen\u00e9tica [...]\" \/>\n<meta property=\"og:url\" content=\"https:\/\/fertility.com.gt\/es\/pgt-m-2\/\" \/>\n<meta property=\"og:site_name\" content=\"Fertility Guatemala\" \/>\n<meta property=\"article:modified_time\" content=\"2026-01-22T13:42:10+00:00\" \/>\n<meta name=\"twitter:card\" content=\"summary_large_image\" \/>\n<meta name=\"twitter:label1\" content=\"Est. reading time\" \/>\n\t<meta name=\"twitter:data1\" content=\"2 minutos\" \/>\n<script type=\"application\/ld+json\" class=\"yoast-schema-graph\">{\"@context\":\"https:\\\/\\\/schema.org\",\"@graph\":[{\"@type\":\"WebPage\",\"@id\":\"https:\\\/\\\/fertility.com.gt\\\/pgt-m-2\\\/\",\"url\":\"https:\\\/\\\/fertility.com.gt\\\/pgt-m-2\\\/\",\"name\":\"PGT-M - Fertility Guatemala\",\"isPartOf\":{\"@id\":\"https:\\\/\\\/fertility.com.gt\\\/#website\"},\"datePublished\":\"2026-01-22T13:42:08+00:00\",\"dateModified\":\"2026-01-22T13:42:10+00:00\",\"breadcrumb\":{\"@id\":\"https:\\\/\\\/fertility.com.gt\\\/pgt-m-2\\\/#breadcrumb\"},\"inLanguage\":\"es\",\"potentialAction\":[{\"@type\":\"ReadAction\",\"target\":[\"https:\\\/\\\/fertility.com.gt\\\/pgt-m-2\\\/\"]}]},{\"@type\":\"BreadcrumbList\",\"@id\":\"https:\\\/\\\/fertility.com.gt\\\/pgt-m-2\\\/#breadcrumb\",\"itemListElement\":[{\"@type\":\"ListItem\",\"position\":1,\"name\":\"Home\",\"item\":\"https:\\\/\\\/fertility.com.gt\\\/\"},{\"@type\":\"ListItem\",\"position\":2,\"name\":\"PGT-M\"}]},{\"@type\":\"WebSite\",\"@id\":\"https:\\\/\\\/fertility.com.gt\\\/#website\",\"url\":\"https:\\\/\\\/fertility.com.gt\\\/\",\"name\":\"Fertility Guatemala\",\"description\":\"\",\"publisher\":{\"@id\":\"https:\\\/\\\/fertility.com.gt\\\/#organization\"},\"potentialAction\":[{\"@type\":\"SearchAction\",\"target\":{\"@type\":\"EntryPoint\",\"urlTemplate\":\"https:\\\/\\\/fertility.com.gt\\\/?s={search_term_string}\"},\"query-input\":{\"@type\":\"PropertyValueSpecification\",\"valueRequired\":true,\"valueName\":\"search_term_string\"}}],\"inLanguage\":\"es\"},{\"@type\":\"Organization\",\"@id\":\"https:\\\/\\\/fertility.com.gt\\\/#organization\",\"name\":\"Fertility Guatemala\",\"url\":\"https:\\\/\\\/fertility.com.gt\\\/\",\"logo\":{\"@type\":\"ImageObject\",\"inLanguage\":\"es\",\"@id\":\"https:\\\/\\\/fertility.com.gt\\\/#\\\/schema\\\/logo\\\/image\\\/\",\"url\":\"https:\\\/\\\/i0.wp.com\\\/fertility.com.gt\\\/wp-content\\\/uploads\\\/2025\\\/10\\\/Fertility_Logo_RGB_3-scaled.png?fit=2560%2C1024&ssl=1\",\"contentUrl\":\"https:\\\/\\\/i0.wp.com\\\/fertility.com.gt\\\/wp-content\\\/uploads\\\/2025\\\/10\\\/Fertility_Logo_RGB_3-scaled.png?fit=2560%2C1024&ssl=1\",\"width\":2560,\"height\":1024,\"caption\":\"Fertility Guatemala\"},\"image\":{\"@id\":\"https:\\\/\\\/fertility.com.gt\\\/#\\\/schema\\\/logo\\\/image\\\/\"}}]}<\/script>\n<!-- \/ Yoast SEO plugin. -->","yoast_head_json":{"title":"PGT-M - Fertility Guatemala","robots":{"index":"index","follow":"follow","max-snippet":"max-snippet:-1","max-image-preview":"max-image-preview:large","max-video-preview":"max-video-preview:-1"},"canonical":"https:\/\/fertility.com.gt\/es\/pgt-m-2\/","og_locale":"es_ES","og_type":"article","og_title":"PGT-M - Fertility Guatemala","og_description":"Diagn\u00f3stico gen\u00e9tico preimplantacional para enfermedades monog\u00e9nicas El PGT-M (Preimplantation Genetic Testing for Monogenic Disorders) es unaprueba que permite identificar si un embri\u00f3n es portador o est\u00e1 afectado por unaenfermedad gen\u00e9tica causada por un solo gen. Su objetivo es ayudar a lasfamilias con riesgo hereditario a tener un beb\u00e9 sano, evitando la transmisi\u00f3n deuna condici\u00f3n gen\u00e9tica [...]","og_url":"https:\/\/fertility.com.gt\/es\/pgt-m-2\/","og_site_name":"Fertility Guatemala","article_modified_time":"2026-01-22T13:42:10+00:00","twitter_card":"summary_large_image","twitter_misc":{"Est. reading time":"2 minutos"},"schema":{"@context":"https:\/\/schema.org","@graph":[{"@type":"WebPage","@id":"https:\/\/fertility.com.gt\/pgt-m-2\/","url":"https:\/\/fertility.com.gt\/pgt-m-2\/","name":"PGT-M - Fertility Guatemala","isPartOf":{"@id":"https:\/\/fertility.com.gt\/#website"},"datePublished":"2026-01-22T13:42:08+00:00","dateModified":"2026-01-22T13:42:10+00:00","breadcrumb":{"@id":"https:\/\/fertility.com.gt\/pgt-m-2\/#breadcrumb"},"inLanguage":"es","potentialAction":[{"@type":"ReadAction","target":["https:\/\/fertility.com.gt\/pgt-m-2\/"]}]},{"@type":"BreadcrumbList","@id":"https:\/\/fertility.com.gt\/pgt-m-2\/#breadcrumb","itemListElement":[{"@type":"ListItem","position":1,"name":"Home","item":"https:\/\/fertility.com.gt\/"},{"@type":"ListItem","position":2,"name":"PGT-M"}]},{"@type":"WebSite","@id":"https:\/\/fertility.com.gt\/#website","url":"https:\/\/fertility.com.gt\/","name":"Fertility Guatemala","description":"","publisher":{"@id":"https:\/\/fertility.com.gt\/#organization"},"potentialAction":[{"@type":"SearchAction","target":{"@type":"EntryPoint","urlTemplate":"https:\/\/fertility.com.gt\/?s={search_term_string}"},"query-input":{"@type":"PropertyValueSpecification","valueRequired":true,"valueName":"search_term_string"}}],"inLanguage":"es"},{"@type":"Organization","@id":"https:\/\/fertility.com.gt\/#organization","name":"Fertility Guatemala","url":"https:\/\/fertility.com.gt\/","logo":{"@type":"ImageObject","inLanguage":"es","@id":"https:\/\/fertility.com.gt\/#\/schema\/logo\/image\/","url":"https:\/\/i0.wp.com\/fertility.com.gt\/wp-content\/uploads\/2025\/10\/Fertility_Logo_RGB_3-scaled.png?fit=2560%2C1024&ssl=1","contentUrl":"https:\/\/i0.wp.com\/fertility.com.gt\/wp-content\/uploads\/2025\/10\/Fertility_Logo_RGB_3-scaled.png?fit=2560%2C1024&ssl=1","width":2560,"height":1024,"caption":"Fertility Guatemala"},"image":{"@id":"https:\/\/fertility.com.gt\/#\/schema\/logo\/image\/"}}]}},"jetpack_sharing_enabled":true,"_links":{"self":[{"href":"https:\/\/fertility.com.gt\/es\/wp-json\/wp\/v2\/pages\/746","targetHints":{"allow":["GET"]}}],"collection":[{"href":"https:\/\/fertility.com.gt\/es\/wp-json\/wp\/v2\/pages"}],"about":[{"href":"https:\/\/fertility.com.gt\/es\/wp-json\/wp\/v2\/types\/page"}],"author":[{"embeddable":true,"href":"https:\/\/fertility.com.gt\/es\/wp-json\/wp\/v2\/users\/1"}],"replies":[{"embeddable":true,"href":"https:\/\/fertility.com.gt\/es\/wp-json\/wp\/v2\/comments?post=746"}],"version-history":[{"count":1,"href":"https:\/\/fertility.com.gt\/es\/wp-json\/wp\/v2\/pages\/746\/revisions"}],"predecessor-version":[{"id":747,"href":"https:\/\/fertility.com.gt\/es\/wp-json\/wp\/v2\/pages\/746\/revisions\/747"}],"wp:attachment":[{"href":"https:\/\/fertility.com.gt\/es\/wp-json\/wp\/v2\/media?parent=746"}],"curies":[{"name":"wp","href":"https:\/\/api.w.org\/{rel}","templated":true}]}}