{"id":728,"date":"2025-12-08T05:44:05","date_gmt":"2025-12-08T05:44:05","guid":{"rendered":"https:\/\/fertility.com.gt\/?page_id=728"},"modified":"2025-12-08T05:44:06","modified_gmt":"2025-12-08T05:44:06","slug":"prp-endometrial","status":"publish","type":"page","link":"https:\/\/fertility.com.gt\/es\/prp-endometrial\/","title":{"rendered":"PRP Endometrial\u00a0"},"content":{"rendered":"\n<h1 class=\"wp-block-heading has-text-align-center\"><strong>Plasma Rico en plaquetas para el grosor endometrial y como inmunomodulador\u00a0<\/strong><\/h1>\n\n\n\n<p class=\"\">El PRP endometrial (plasma rico en plaquetas) es una t\u00e9cnica que utiliza los factores de crecimiento presentes en la propia sangre de la paciente para favorecer un endometrio m\u00e1s receptivo. Despu\u00e9s de obtener una peque\u00f1a muestra de sangre, se procesa para concentrar plaquetas, prote\u00ednas reparadoras y factores de crecimiento. Este concentrado se introduce suavemente en la cavidad uterina con un cat\u00e9ter especial mediante un procedimiento sencillo y bien tolerado.<\/p>\n\n\n\n<p class=\"\">El PRP act\u00faa en dos niveles importantes para la implantaci\u00f3n:<\/p>\n\n\n\n<p class=\"\"><strong>A<\/strong>. Mejora del grosor y la calidad endometrial. Los factores de crecimiento del PRP apoyan la regeneraci\u00f3n celular, aumentan la microcirculaci\u00f3n y promueven un ambiente m\u00e1s saludable para la formaci\u00f3n de un endometrio adecuado. Esto puede ser especialmente \u00fatil en pacientes con endometrios delgados o que han tenido una respuesta limitada a tratamientos convencionales como estradiol o vasodilatadores. Pacientes con historia de adherencias o s\u00edndrome de Asherman.<\/p>\n\n\n\n<p class=\"\"><strong>B. Modulaci\u00f3n del sistema inmunol\u00f3gico<\/strong><\/p>\n\n\n\n<p class=\"\">El PRP tambi\u00e9n influye en el equilibrio inmunol\u00f3gico del endometrio. Puede favorecer un perfil m\u00e1s receptivo, reducir se\u00f1ales inflamatorias que interfieren con la implantaci\u00f3n y mejorar la comunicaci\u00f3n entre el embri\u00f3n y el tejido endometrial. Este efecto es valioso en pacientes con fallas de implantaci\u00f3n o perfiles inmunol\u00f3gicos alterados.<\/p>\n\n\n\n<p class=\"\">El PRP endometrial es una opci\u00f3n segura porque proviene del propio cuerpo de la paciente y puede integrarse f\u00e1cilmente dentro de un ciclo de transferencia de embriones. Su aplicaci\u00f3n es r\u00e1pida, no requiere anestesia y ofrece una alternativa moderna cuando se busca optimizar cada etapa del tratamiento.<\/p>\n\n\n\n<p class=\"\">En Fertility Guatemala aplicamos esta t\u00e9cnica con protocolos estandarizados, equipos especializados y acompa\u00f1amiento humano. Nuestro objetivo es ofrecer cada oportunidad posible para lograr un endometrio receptivo, una implantaci\u00f3n exitosa y un bebe en casa.<\/p>\n\n\n","protected":false},"excerpt":{"rendered":"<p>Plasma Rico en plaquetas para el grosor endometrial y como inmunomodulador\u00a0 El PRP endometrial (plasma rico en plaquetas) es una t\u00e9cnica que utiliza los factores de crecimiento presentes en la propia sangre de la paciente para favorecer un endometrio m\u00e1s receptivo. Despu\u00e9s de obtener una peque\u00f1a muestra de sangre, se procesa para concentrar plaquetas, prote\u00ednas [&#8230;]\n","protected":false},"author":1,"featured_media":0,"parent":0,"menu_order":0,"comment_status":"closed","ping_status":"closed","template":"","meta":{"nf_dc_page":"","om_disable_all_campaigns":false,"_monsterinsights_skip_tracking":false,"_monsterinsights_sitenote_active":false,"_monsterinsights_sitenote_note":"","_monsterinsights_sitenote_category":0,"_joinchat":[],"footnotes":""},"class_list":["post-728","page","type-page","status-publish","hentry"],"yoast_head":"<!-- This site is optimized with the Yoast SEO plugin v27.4 - https:\/\/yoast.com\/product\/yoast-seo-wordpress\/ -->\n<title>PRP Endometrial\u00a0 - Fertility Guatemala<\/title>\n<meta name=\"robots\" content=\"index, follow, max-snippet:-1, max-image-preview:large, max-video-preview:-1\" \/>\n<link rel=\"canonical\" href=\"https:\/\/fertility.com.gt\/es\/prp-endometrial\/\" \/>\n<meta property=\"og:locale\" content=\"es_ES\" \/>\n<meta property=\"og:type\" content=\"article\" \/>\n<meta property=\"og:title\" content=\"PRP Endometrial\u00a0 - Fertility Guatemala\" \/>\n<meta property=\"og:description\" content=\"Plasma Rico en plaquetas para el grosor endometrial y como inmunomodulador\u00a0 El PRP endometrial (plasma rico en plaquetas) es una t\u00e9cnica que utiliza los factores de crecimiento presentes en la propia sangre de la paciente para favorecer un endometrio m\u00e1s receptivo. Despu\u00e9s de obtener una peque\u00f1a muestra de sangre, se procesa para concentrar plaquetas, prote\u00ednas [...]\" \/>\n<meta property=\"og:url\" content=\"https:\/\/fertility.com.gt\/es\/prp-endometrial\/\" \/>\n<meta property=\"og:site_name\" content=\"Fertility Guatemala\" \/>\n<meta property=\"article:modified_time\" content=\"2025-12-08T05:44:06+00:00\" \/>\n<meta name=\"twitter:card\" content=\"summary_large_image\" \/>\n<meta name=\"twitter:label1\" content=\"Est. reading time\" \/>\n\t<meta name=\"twitter:data1\" content=\"2 minutos\" \/>\n<script type=\"application\/ld+json\" class=\"yoast-schema-graph\">{\"@context\":\"https:\\\/\\\/schema.org\",\"@graph\":[{\"@type\":\"WebPage\",\"@id\":\"https:\\\/\\\/fertility.com.gt\\\/prp-endometrial\\\/\",\"url\":\"https:\\\/\\\/fertility.com.gt\\\/prp-endometrial\\\/\",\"name\":\"PRP Endometrial\u00a0 - Fertility Guatemala\",\"isPartOf\":{\"@id\":\"https:\\\/\\\/fertility.com.gt\\\/#website\"},\"datePublished\":\"2025-12-08T05:44:05+00:00\",\"dateModified\":\"2025-12-08T05:44:06+00:00\",\"breadcrumb\":{\"@id\":\"https:\\\/\\\/fertility.com.gt\\\/prp-endometrial\\\/#breadcrumb\"},\"inLanguage\":\"es\",\"potentialAction\":[{\"@type\":\"ReadAction\",\"target\":[\"https:\\\/\\\/fertility.com.gt\\\/prp-endometrial\\\/\"]}]},{\"@type\":\"BreadcrumbList\",\"@id\":\"https:\\\/\\\/fertility.com.gt\\\/prp-endometrial\\\/#breadcrumb\",\"itemListElement\":[{\"@type\":\"ListItem\",\"position\":1,\"name\":\"Home\",\"item\":\"https:\\\/\\\/fertility.com.gt\\\/\"},{\"@type\":\"ListItem\",\"position\":2,\"name\":\"PRP Endometrial\u00a0\"}]},{\"@type\":\"WebSite\",\"@id\":\"https:\\\/\\\/fertility.com.gt\\\/#website\",\"url\":\"https:\\\/\\\/fertility.com.gt\\\/\",\"name\":\"Fertility Guatemala\",\"description\":\"\",\"publisher\":{\"@id\":\"https:\\\/\\\/fertility.com.gt\\\/#organization\"},\"potentialAction\":[{\"@type\":\"SearchAction\",\"target\":{\"@type\":\"EntryPoint\",\"urlTemplate\":\"https:\\\/\\\/fertility.com.gt\\\/?s={search_term_string}\"},\"query-input\":{\"@type\":\"PropertyValueSpecification\",\"valueRequired\":true,\"valueName\":\"search_term_string\"}}],\"inLanguage\":\"es\"},{\"@type\":\"Organization\",\"@id\":\"https:\\\/\\\/fertility.com.gt\\\/#organization\",\"name\":\"Fertility Guatemala\",\"url\":\"https:\\\/\\\/fertility.com.gt\\\/\",\"logo\":{\"@type\":\"ImageObject\",\"inLanguage\":\"es\",\"@id\":\"https:\\\/\\\/fertility.com.gt\\\/#\\\/schema\\\/logo\\\/image\\\/\",\"url\":\"https:\\\/\\\/i0.wp.com\\\/fertility.com.gt\\\/wp-content\\\/uploads\\\/2025\\\/10\\\/Fertility_Logo_RGB_3-scaled.png?fit=2560%2C1024&ssl=1\",\"contentUrl\":\"https:\\\/\\\/i0.wp.com\\\/fertility.com.gt\\\/wp-content\\\/uploads\\\/2025\\\/10\\\/Fertility_Logo_RGB_3-scaled.png?fit=2560%2C1024&ssl=1\",\"width\":2560,\"height\":1024,\"caption\":\"Fertility Guatemala\"},\"image\":{\"@id\":\"https:\\\/\\\/fertility.com.gt\\\/#\\\/schema\\\/logo\\\/image\\\/\"}}]}<\/script>\n<!-- \/ Yoast SEO plugin. -->","yoast_head_json":{"title":"PRP Endometrial\u00a0 - Fertility Guatemala","robots":{"index":"index","follow":"follow","max-snippet":"max-snippet:-1","max-image-preview":"max-image-preview:large","max-video-preview":"max-video-preview:-1"},"canonical":"https:\/\/fertility.com.gt\/es\/prp-endometrial\/","og_locale":"es_ES","og_type":"article","og_title":"PRP Endometrial\u00a0 - Fertility Guatemala","og_description":"Plasma Rico en plaquetas para el grosor endometrial y como inmunomodulador\u00a0 El PRP endometrial (plasma rico en plaquetas) es una t\u00e9cnica que utiliza los factores de crecimiento presentes en la propia sangre de la paciente para favorecer un endometrio m\u00e1s receptivo. Despu\u00e9s de obtener una peque\u00f1a muestra de sangre, se procesa para concentrar plaquetas, prote\u00ednas [...]","og_url":"https:\/\/fertility.com.gt\/es\/prp-endometrial\/","og_site_name":"Fertility Guatemala","article_modified_time":"2025-12-08T05:44:06+00:00","twitter_card":"summary_large_image","twitter_misc":{"Est. reading time":"2 minutos"},"schema":{"@context":"https:\/\/schema.org","@graph":[{"@type":"WebPage","@id":"https:\/\/fertility.com.gt\/prp-endometrial\/","url":"https:\/\/fertility.com.gt\/prp-endometrial\/","name":"PRP Endometrial\u00a0 - Fertility Guatemala","isPartOf":{"@id":"https:\/\/fertility.com.gt\/#website"},"datePublished":"2025-12-08T05:44:05+00:00","dateModified":"2025-12-08T05:44:06+00:00","breadcrumb":{"@id":"https:\/\/fertility.com.gt\/prp-endometrial\/#breadcrumb"},"inLanguage":"es","potentialAction":[{"@type":"ReadAction","target":["https:\/\/fertility.com.gt\/prp-endometrial\/"]}]},{"@type":"BreadcrumbList","@id":"https:\/\/fertility.com.gt\/prp-endometrial\/#breadcrumb","itemListElement":[{"@type":"ListItem","position":1,"name":"Home","item":"https:\/\/fertility.com.gt\/"},{"@type":"ListItem","position":2,"name":"PRP Endometrial\u00a0"}]},{"@type":"WebSite","@id":"https:\/\/fertility.com.gt\/#website","url":"https:\/\/fertility.com.gt\/","name":"Fertility Guatemala","description":"","publisher":{"@id":"https:\/\/fertility.com.gt\/#organization"},"potentialAction":[{"@type":"SearchAction","target":{"@type":"EntryPoint","urlTemplate":"https:\/\/fertility.com.gt\/?s={search_term_string}"},"query-input":{"@type":"PropertyValueSpecification","valueRequired":true,"valueName":"search_term_string"}}],"inLanguage":"es"},{"@type":"Organization","@id":"https:\/\/fertility.com.gt\/#organization","name":"Fertility Guatemala","url":"https:\/\/fertility.com.gt\/","logo":{"@type":"ImageObject","inLanguage":"es","@id":"https:\/\/fertility.com.gt\/#\/schema\/logo\/image\/","url":"https:\/\/i0.wp.com\/fertility.com.gt\/wp-content\/uploads\/2025\/10\/Fertility_Logo_RGB_3-scaled.png?fit=2560%2C1024&ssl=1","contentUrl":"https:\/\/i0.wp.com\/fertility.com.gt\/wp-content\/uploads\/2025\/10\/Fertility_Logo_RGB_3-scaled.png?fit=2560%2C1024&ssl=1","width":2560,"height":1024,"caption":"Fertility Guatemala"},"image":{"@id":"https:\/\/fertility.com.gt\/#\/schema\/logo\/image\/"}}]}},"jetpack_sharing_enabled":true,"_links":{"self":[{"href":"https:\/\/fertility.com.gt\/es\/wp-json\/wp\/v2\/pages\/728","targetHints":{"allow":["GET"]}}],"collection":[{"href":"https:\/\/fertility.com.gt\/es\/wp-json\/wp\/v2\/pages"}],"about":[{"href":"https:\/\/fertility.com.gt\/es\/wp-json\/wp\/v2\/types\/page"}],"author":[{"embeddable":true,"href":"https:\/\/fertility.com.gt\/es\/wp-json\/wp\/v2\/users\/1"}],"replies":[{"embeddable":true,"href":"https:\/\/fertility.com.gt\/es\/wp-json\/wp\/v2\/comments?post=728"}],"version-history":[{"count":1,"href":"https:\/\/fertility.com.gt\/es\/wp-json\/wp\/v2\/pages\/728\/revisions"}],"predecessor-version":[{"id":729,"href":"https:\/\/fertility.com.gt\/es\/wp-json\/wp\/v2\/pages\/728\/revisions\/729"}],"wp:attachment":[{"href":"https:\/\/fertility.com.gt\/es\/wp-json\/wp\/v2\/media?parent=728"}],"curies":[{"name":"wp","href":"https:\/\/api.w.org\/{rel}","templated":true}]}}