{"id":725,"date":"2025-12-08T05:42:18","date_gmt":"2025-12-08T05:42:18","guid":{"rendered":"https:\/\/fertility.com.gt\/?page_id=725"},"modified":"2025-12-08T05:42:19","modified_gmt":"2025-12-08T05:42:19","slug":"prp-ovarico","status":"publish","type":"page","link":"https:\/\/fertility.com.gt\/es\/prp-ovarico\/","title":{"rendered":"PRP ov\u00e1rico"},"content":{"rendered":"\n<h1 class=\"wp-block-heading has-text-align-center\"><strong>Reactivaci\u00f3n ov\u00e1rica con plasma rico en plaquetas<\/strong><\/h1>\n\n\n\n<p class=\"\">La reactivaci\u00f3n ov\u00e1rica con PRP (plasma rico en plaquetas) es una t\u00e9cnica innovadora y en fase de estudio. Busca estimular los ovarios utilizando los propios factores de crecimiento de la paciente para reactivar las c\u00e9lulas madre que en teor\u00eda se encuentran en el ovario. El PRP se obtiene mediante una muestra de sangre que se procesa para concentrar plaquetas, prote\u00ednas reparadoras y factores de crecimiento. Luego, este concentrado se aplica directamente en los ovarios mediante un procedimiento m\u00ednimamente invasivo.<\/p>\n\n\n\n<p class=\"\">El procedimiento se planifica en los primeros 5 d\u00edas del ciclo menstrual y se realiza en la sala de aspiraciones, bajo sedaci\u00f3n y bajo todos los controles de seguridad para la paciente. Al estar listo el PRP con una aguja especial y guiado con ultrasonido transvaginal se inyecta entre 1-2 cc por ovario con varias punciones en la periferia de los fol\u00edculos o a nivel del estroma ov\u00e1rico. Es ambulatorio y sin mayores efectos adversos. La paciente luego de dos o tres ciclo se cita para iniciar con la estimulaci\u00f3n ov\u00e1rica o se expone a la posibilidad de embarazo espontaneo.<\/p>\n\n\n\n<p class=\"\">El objetivo es activar las c\u00e9lulas madre para formar m\u00e1s y nuevos ovocitos que sean sensibles a las hormonas y poder lograr un embarazo o sacar nuevos y m\u00e1s \u00f3vulos. tambi\u00e9n busca mejorar la comunicaci\u00f3n celular dentro del tejido ov\u00e1rico, favorecer la microcirculaci\u00f3n y despertar actividad en zonas que han perdido respuesta. En algunas pacientes, esto puede traducirse en ciclos m\u00e1s regulares, niveles hormonales m\u00e1s favorables o incluso la posibilidad de obtener \u00f3vulos cuando antes no era posible.<\/p>\n\n\n\n<p class=\"\">La reactivaci\u00f3n ov\u00e1rica con PRP se considera en:<\/p>\n\n\n\n<p class=\"\">\u2022 Mujeres con baja reserva ov\u00e1rica<\/p>\n\n\n\n<p class=\"\">\u2022 Fallas de estimulaci\u00f3n en ciclos previos<\/p>\n\n\n\n<p class=\"\">\u2022 Perimenopausia temprana<\/p>\n\n\n\n<p class=\"\">\u2022 Pacientes que desean intentar opciones propias antes de recurrir a ovodonaci\u00f3n<\/p>\n\n\n\n<p class=\"\">Aunque no garantiza resultados en todas las pacientes, es una alternativa prometedora que utiliza el potencial regenerativo del propio cuerpo para ofrecer nuevas oportunidades.<\/p>\n\n\n\n<p class=\"\">En Fertility Guatemala realizamos esta t\u00e9cnica con protocolos precisos, guiados por ultrasonido y con un acompa\u00f1amiento cercano. Explicamos expectativas reales, indicaciones y posibilidades, para que cada paciente tome decisiones informadas y con la tranquilidad de estar en&nbsp;manos&nbsp;expertas.<\/p>\n\n\n","protected":false},"excerpt":{"rendered":"<p>Reactivaci\u00f3n ov\u00e1rica con plasma rico en plaquetas La reactivaci\u00f3n ov\u00e1rica con PRP (plasma rico en plaquetas) es una t\u00e9cnica innovadora y en fase de estudio. Busca estimular los ovarios utilizando los propios factores de crecimiento de la paciente para reactivar las c\u00e9lulas madre que en teor\u00eda se encuentran en el ovario. El PRP se obtiene [&#8230;]\n","protected":false},"author":1,"featured_media":0,"parent":0,"menu_order":0,"comment_status":"closed","ping_status":"closed","template":"","meta":{"nf_dc_page":"","om_disable_all_campaigns":false,"_monsterinsights_skip_tracking":false,"_monsterinsights_sitenote_active":false,"_monsterinsights_sitenote_note":"","_monsterinsights_sitenote_category":0,"_joinchat":[],"footnotes":""},"class_list":["post-725","page","type-page","status-publish","hentry"],"yoast_head":"<!-- This site is optimized with the Yoast SEO plugin v27.4 - https:\/\/yoast.com\/product\/yoast-seo-wordpress\/ -->\n<title>PRP ov\u00e1rico - Fertility Guatemala<\/title>\n<meta name=\"robots\" content=\"index, follow, max-snippet:-1, max-image-preview:large, max-video-preview:-1\" \/>\n<link rel=\"canonical\" href=\"https:\/\/fertility.com.gt\/es\/prp-ovarico\/\" \/>\n<meta property=\"og:locale\" content=\"es_ES\" \/>\n<meta property=\"og:type\" content=\"article\" \/>\n<meta property=\"og:title\" content=\"PRP ov\u00e1rico - Fertility Guatemala\" \/>\n<meta property=\"og:description\" content=\"Reactivaci\u00f3n ov\u00e1rica con plasma rico en plaquetas La reactivaci\u00f3n ov\u00e1rica con PRP (plasma rico en plaquetas) es una t\u00e9cnica innovadora y en fase de estudio. Busca estimular los ovarios utilizando los propios factores de crecimiento de la paciente para reactivar las c\u00e9lulas madre que en teor\u00eda se encuentran en el ovario. El PRP se obtiene [...]\" \/>\n<meta property=\"og:url\" content=\"https:\/\/fertility.com.gt\/es\/prp-ovarico\/\" \/>\n<meta property=\"og:site_name\" content=\"Fertility Guatemala\" \/>\n<meta property=\"article:modified_time\" content=\"2025-12-08T05:42:19+00:00\" \/>\n<meta name=\"twitter:card\" content=\"summary_large_image\" \/>\n<meta name=\"twitter:label1\" content=\"Est. reading time\" \/>\n\t<meta name=\"twitter:data1\" content=\"2 minutos\" \/>\n<script type=\"application\/ld+json\" class=\"yoast-schema-graph\">{\"@context\":\"https:\\\/\\\/schema.org\",\"@graph\":[{\"@type\":\"WebPage\",\"@id\":\"https:\\\/\\\/fertility.com.gt\\\/prp-ovarico\\\/\",\"url\":\"https:\\\/\\\/fertility.com.gt\\\/prp-ovarico\\\/\",\"name\":\"PRP ov\u00e1rico - Fertility Guatemala\",\"isPartOf\":{\"@id\":\"https:\\\/\\\/fertility.com.gt\\\/#website\"},\"datePublished\":\"2025-12-08T05:42:18+00:00\",\"dateModified\":\"2025-12-08T05:42:19+00:00\",\"breadcrumb\":{\"@id\":\"https:\\\/\\\/fertility.com.gt\\\/prp-ovarico\\\/#breadcrumb\"},\"inLanguage\":\"es\",\"potentialAction\":[{\"@type\":\"ReadAction\",\"target\":[\"https:\\\/\\\/fertility.com.gt\\\/prp-ovarico\\\/\"]}]},{\"@type\":\"BreadcrumbList\",\"@id\":\"https:\\\/\\\/fertility.com.gt\\\/prp-ovarico\\\/#breadcrumb\",\"itemListElement\":[{\"@type\":\"ListItem\",\"position\":1,\"name\":\"Home\",\"item\":\"https:\\\/\\\/fertility.com.gt\\\/\"},{\"@type\":\"ListItem\",\"position\":2,\"name\":\"PRP ov\u00e1rico\"}]},{\"@type\":\"WebSite\",\"@id\":\"https:\\\/\\\/fertility.com.gt\\\/#website\",\"url\":\"https:\\\/\\\/fertility.com.gt\\\/\",\"name\":\"Fertility Guatemala\",\"description\":\"\",\"publisher\":{\"@id\":\"https:\\\/\\\/fertility.com.gt\\\/#organization\"},\"potentialAction\":[{\"@type\":\"SearchAction\",\"target\":{\"@type\":\"EntryPoint\",\"urlTemplate\":\"https:\\\/\\\/fertility.com.gt\\\/?s={search_term_string}\"},\"query-input\":{\"@type\":\"PropertyValueSpecification\",\"valueRequired\":true,\"valueName\":\"search_term_string\"}}],\"inLanguage\":\"es\"},{\"@type\":\"Organization\",\"@id\":\"https:\\\/\\\/fertility.com.gt\\\/#organization\",\"name\":\"Fertility Guatemala\",\"url\":\"https:\\\/\\\/fertility.com.gt\\\/\",\"logo\":{\"@type\":\"ImageObject\",\"inLanguage\":\"es\",\"@id\":\"https:\\\/\\\/fertility.com.gt\\\/#\\\/schema\\\/logo\\\/image\\\/\",\"url\":\"https:\\\/\\\/i0.wp.com\\\/fertility.com.gt\\\/wp-content\\\/uploads\\\/2025\\\/10\\\/Fertility_Logo_RGB_3-scaled.png?fit=2560%2C1024&ssl=1\",\"contentUrl\":\"https:\\\/\\\/i0.wp.com\\\/fertility.com.gt\\\/wp-content\\\/uploads\\\/2025\\\/10\\\/Fertility_Logo_RGB_3-scaled.png?fit=2560%2C1024&ssl=1\",\"width\":2560,\"height\":1024,\"caption\":\"Fertility Guatemala\"},\"image\":{\"@id\":\"https:\\\/\\\/fertility.com.gt\\\/#\\\/schema\\\/logo\\\/image\\\/\"}}]}<\/script>\n<!-- \/ Yoast SEO plugin. -->","yoast_head_json":{"title":"PRP ov\u00e1rico - Fertility Guatemala","robots":{"index":"index","follow":"follow","max-snippet":"max-snippet:-1","max-image-preview":"max-image-preview:large","max-video-preview":"max-video-preview:-1"},"canonical":"https:\/\/fertility.com.gt\/es\/prp-ovarico\/","og_locale":"es_ES","og_type":"article","og_title":"PRP ov\u00e1rico - Fertility Guatemala","og_description":"Reactivaci\u00f3n ov\u00e1rica con plasma rico en plaquetas La reactivaci\u00f3n ov\u00e1rica con PRP (plasma rico en plaquetas) es una t\u00e9cnica innovadora y en fase de estudio. Busca estimular los ovarios utilizando los propios factores de crecimiento de la paciente para reactivar las c\u00e9lulas madre que en teor\u00eda se encuentran en el ovario. El PRP se obtiene [...]","og_url":"https:\/\/fertility.com.gt\/es\/prp-ovarico\/","og_site_name":"Fertility Guatemala","article_modified_time":"2025-12-08T05:42:19+00:00","twitter_card":"summary_large_image","twitter_misc":{"Est. reading time":"2 minutos"},"schema":{"@context":"https:\/\/schema.org","@graph":[{"@type":"WebPage","@id":"https:\/\/fertility.com.gt\/prp-ovarico\/","url":"https:\/\/fertility.com.gt\/prp-ovarico\/","name":"PRP ov\u00e1rico - Fertility Guatemala","isPartOf":{"@id":"https:\/\/fertility.com.gt\/#website"},"datePublished":"2025-12-08T05:42:18+00:00","dateModified":"2025-12-08T05:42:19+00:00","breadcrumb":{"@id":"https:\/\/fertility.com.gt\/prp-ovarico\/#breadcrumb"},"inLanguage":"es","potentialAction":[{"@type":"ReadAction","target":["https:\/\/fertility.com.gt\/prp-ovarico\/"]}]},{"@type":"BreadcrumbList","@id":"https:\/\/fertility.com.gt\/prp-ovarico\/#breadcrumb","itemListElement":[{"@type":"ListItem","position":1,"name":"Home","item":"https:\/\/fertility.com.gt\/"},{"@type":"ListItem","position":2,"name":"PRP ov\u00e1rico"}]},{"@type":"WebSite","@id":"https:\/\/fertility.com.gt\/#website","url":"https:\/\/fertility.com.gt\/","name":"Fertility Guatemala","description":"","publisher":{"@id":"https:\/\/fertility.com.gt\/#organization"},"potentialAction":[{"@type":"SearchAction","target":{"@type":"EntryPoint","urlTemplate":"https:\/\/fertility.com.gt\/?s={search_term_string}"},"query-input":{"@type":"PropertyValueSpecification","valueRequired":true,"valueName":"search_term_string"}}],"inLanguage":"es"},{"@type":"Organization","@id":"https:\/\/fertility.com.gt\/#organization","name":"Fertility Guatemala","url":"https:\/\/fertility.com.gt\/","logo":{"@type":"ImageObject","inLanguage":"es","@id":"https:\/\/fertility.com.gt\/#\/schema\/logo\/image\/","url":"https:\/\/i0.wp.com\/fertility.com.gt\/wp-content\/uploads\/2025\/10\/Fertility_Logo_RGB_3-scaled.png?fit=2560%2C1024&ssl=1","contentUrl":"https:\/\/i0.wp.com\/fertility.com.gt\/wp-content\/uploads\/2025\/10\/Fertility_Logo_RGB_3-scaled.png?fit=2560%2C1024&ssl=1","width":2560,"height":1024,"caption":"Fertility Guatemala"},"image":{"@id":"https:\/\/fertility.com.gt\/#\/schema\/logo\/image\/"}}]}},"jetpack_sharing_enabled":true,"_links":{"self":[{"href":"https:\/\/fertility.com.gt\/es\/wp-json\/wp\/v2\/pages\/725","targetHints":{"allow":["GET"]}}],"collection":[{"href":"https:\/\/fertility.com.gt\/es\/wp-json\/wp\/v2\/pages"}],"about":[{"href":"https:\/\/fertility.com.gt\/es\/wp-json\/wp\/v2\/types\/page"}],"author":[{"embeddable":true,"href":"https:\/\/fertility.com.gt\/es\/wp-json\/wp\/v2\/users\/1"}],"replies":[{"embeddable":true,"href":"https:\/\/fertility.com.gt\/es\/wp-json\/wp\/v2\/comments?post=725"}],"version-history":[{"count":1,"href":"https:\/\/fertility.com.gt\/es\/wp-json\/wp\/v2\/pages\/725\/revisions"}],"predecessor-version":[{"id":726,"href":"https:\/\/fertility.com.gt\/es\/wp-json\/wp\/v2\/pages\/725\/revisions\/726"}],"wp:attachment":[{"href":"https:\/\/fertility.com.gt\/es\/wp-json\/wp\/v2\/media?parent=725"}],"curies":[{"name":"wp","href":"https:\/\/api.w.org\/{rel}","templated":true}]}}