{"id":691,"date":"2025-12-08T05:16:36","date_gmt":"2025-12-08T05:16:36","guid":{"rendered":"https:\/\/fertility.com.gt\/?page_id=691"},"modified":"2026-02-23T23:27:35","modified_gmt":"2026-02-23T23:27:35","slug":"intrauterina-iiuinseminacion","status":"publish","type":"page","link":"https:\/\/fertility.com.gt\/es\/intrauterina-iiuinseminacion\/","title":{"rendered":"Inseminaci\u00f3n Intrauterina (IIU)"},"content":{"rendered":"\n<!DOCTYPE html>\n<html lang=\"es\">\n<head>\n<meta charset=\"UTF-8\">\n<meta name=\"viewport\" content=\"width=device-width, initial-scale=1.0\">\n<title>Inseminaci\u00f3n Intrauterina (IIU)<\/title>\n\n<style>\nbody{\n    margin:0;\n    font-family: Georgia, 'Times New Roman', serif;\n    background:#f4f6f9;\n    color:#222;\n}\n\n.blog-container{\n    max-width:900px;\n    margin:80px auto;\n    padding:0 20px;\n}\n\n\/* T\u00cdTULO CENTRADO ESTILO EDITORIAL *\/\n.blog-container h2{\n    font-size:34px;\n    margin-bottom:40px;\n    font-weight:600;\n    text-align:center;\n    position:relative;\n}\n\n.blog-container h2::after{\n    content:\"\";\n    width:80px;\n    height:3px;\n    background:#1f3c88;\n    display:block;\n    margin:15px auto 0;\n    border-radius:2px;\n}\n\n.blog-container p{\n    font-size:18px;\n    line-height:1.9;\n    text-align:justify;\n    margin-bottom:25px;\n}\n\n\/* Imagen estilo peri\u00f3dico *\/\n.img-float{\n    float:right;\n    width:380px;\n    margin:10px 0 20px 30px;\n    border-radius:12px;\n    box-shadow:0 10px 30px rgba(0,0,0,0.12);\n}\n\n\/* Limpiar float *\/\n.clear{\n    clear:both;\n}\n\n\/* Responsive *\/\n@media (max-width:768px){\n    .blog-container{\n        margin:50px auto;\n    }\n\n    .blog-container h2{\n        font-size:28px;\n    }\n\n    .blog-container p{\n        font-size:16px;\n    }\n\n    .img-float{\n        float:none;\n        width:100%;\n        margin:0 0 20px 0;\n    }\n}\n<\/style>\n<\/head>\n\n<body>\n\n<section class=\"blog-container\">\n\n    <h2>Inseminaci\u00f3n intrauterina (IIU)<\/h2>\n\n    <img data-recalc-dims=\"1\" decoding=\"async\" loading=\"lazy\" src=\"https:\/\/i0.wp.com\/fertility.com.gt\/wp-content\/uploads\/2026\/02\/PHOTO-2025-11-06-15-42-11.jpg?w=1020&#038;ssl=1\" \n         alt=\"Inseminaci\u00f3n intrauterina\" \n         class=\"img-float\">\n\n    <p>\n    La estimulaci\u00f3n ov\u00e1rica controlada (EOC) es un tratamiento que utiliza inductores de la ovulaci\u00f3n para favorecer el crecimiento y maduraci\u00f3n de uno o dos fol\u00edculos en los ovarios. Cuando se combina con la inseminaci\u00f3n intrauterina (IIU), aumenta la tasa de embarazo de un 3-5% a un 23-25%. Es una de las t\u00e9cnicas de reproducci\u00f3n asistida m\u00e1s utilizadas y que, con las indicaciones correctas, logra aumentar la tasa de beb\u00e9 en casa.\n    <\/p>\n\n    <p>\n    Est\u00e1 indicado para pacientes con des\u00f3rdenes ovulatorios, factor masculino leve a moderado y\/o subfertilidad sin causa aparente. Es un procedimiento ambulatorio que se realiza en la cl\u00ednica sin mayores molestias.\n    <\/p>\n\n    <p>\n    Luego de que la EOC logre uno o dos fol\u00edculos mayores de 17 mm, se sincroniza el momento ovulatorio con la inseminaci\u00f3n intrauterina, colocando 36 horas antes la hCG\/LH. El d\u00eda de la inseminaci\u00f3n, el hombre con dos o tres d\u00edas de abstinencia llega a Fertility a dar la muestra de semen, la cual se somete a concentraci\u00f3n, selecci\u00f3n y capacitaci\u00f3n de la mayor cantidad posible de espermatozoides m\u00f3viles progresivos.\n    <\/p>\n\n    <p>\n    Una vez lista la muestra, se posiciona a la paciente en la camilla y mediante el uso de un esp\u00e9culo se introduce un cat\u00e9ter especial que pasa por el canal cervical hasta la cavidad uterina. Despu\u00e9s del orificio cervical interno, se procede a inyectar lentamente la muestra preparada. El procedimiento no causa dolor, aunque el esp\u00e9culo puede generar leves molestias. La pareja puede estar presente y posteriormente, con un protector especial en el transductor transvaginal, se realiza un ultrasonido para demostrar d\u00f3nde qued\u00f3 la muestra y visualizar los fol\u00edculos y\/o cuerpos l\u00fateos.\n    <\/p>\n\n    <p>\n    Luego del procedimiento, la paciente puede continuar con su vida normal y, en 15-17 d\u00edas, si hay retraso menstrual, se realiza la prueba de embarazo. En algunos casos se utiliza progesterona como suplemento hormonal.\n    <\/p>\n\n    <div class=\"clear\"><\/div>\n\n<\/section>\n\n<\/body>\n<\/html>\n\n\n\n<p class=\"\">Escrito por:<br>Dr. Rodrigo Salguero Ruata<br>Medicina Reproductiva e Infertilidad<\/p>\n","protected":false},"excerpt":{"rendered":"<p>Inseminaci\u00f3n Intrauterina (IIU) Inseminaci\u00f3n intrauterina (IIU) La estimulaci\u00f3n ov\u00e1rica controlada (EOC) es un tratamiento que utiliza inductores de la ovulaci\u00f3n para favorecer el crecimiento y maduraci\u00f3n de uno o dos fol\u00edculos en los ovarios. Cuando se combina con la inseminaci\u00f3n intrauterina (IIU), aumenta la tasa de embarazo de un 3-5% a un 23-25%. Es una [&#8230;]\n","protected":false},"author":1,"featured_media":0,"parent":0,"menu_order":0,"comment_status":"closed","ping_status":"closed","template":"","meta":{"nf_dc_page":"","om_disable_all_campaigns":false,"_monsterinsights_skip_tracking":false,"_monsterinsights_sitenote_active":false,"_monsterinsights_sitenote_note":"","_monsterinsights_sitenote_category":0,"_joinchat":[],"footnotes":""},"class_list":["post-691","page","type-page","status-publish","hentry"],"yoast_head":"<!-- This site is optimized with the Yoast SEO plugin v27.4 - https:\/\/yoast.com\/product\/yoast-seo-wordpress\/ -->\n<title>Inseminaci\u00f3n Intrauterina (IIU) - Fertility Guatemala<\/title>\n<meta name=\"robots\" content=\"index, follow, max-snippet:-1, max-image-preview:large, max-video-preview:-1\" \/>\n<link rel=\"canonical\" href=\"https:\/\/fertility.com.gt\/es\/intrauterina-iiuinseminacion\/\" \/>\n<meta property=\"og:locale\" content=\"es_ES\" \/>\n<meta property=\"og:type\" content=\"article\" \/>\n<meta property=\"og:title\" content=\"Inseminaci\u00f3n Intrauterina (IIU) - Fertility Guatemala\" \/>\n<meta property=\"og:description\" content=\"Inseminaci\u00f3n Intrauterina (IIU) Inseminaci\u00f3n intrauterina (IIU) La estimulaci\u00f3n ov\u00e1rica controlada (EOC) es un tratamiento que utiliza inductores de la ovulaci\u00f3n para favorecer el crecimiento y maduraci\u00f3n de uno o dos fol\u00edculos en los ovarios. Cuando se combina con la inseminaci\u00f3n intrauterina (IIU), aumenta la tasa de embarazo de un 3-5% a un 23-25%. Es una [...]\" \/>\n<meta property=\"og:url\" content=\"https:\/\/fertility.com.gt\/es\/intrauterina-iiuinseminacion\/\" \/>\n<meta property=\"og:site_name\" content=\"Fertility Guatemala\" \/>\n<meta property=\"article:modified_time\" content=\"2026-02-23T23:27:35+00:00\" \/>\n<meta property=\"og:image\" content=\"https:\/\/fertility.com.gt\/wp-content\/uploads\/2026\/02\/PHOTO-2025-11-06-15-42-11.jpg\" \/>\n<meta name=\"twitter:card\" content=\"summary_large_image\" \/>\n<meta name=\"twitter:label1\" content=\"Est. reading time\" \/>\n\t<meta name=\"twitter:data1\" content=\"2 minutos\" \/>\n<script type=\"application\/ld+json\" class=\"yoast-schema-graph\">{\"@context\":\"https:\\\/\\\/schema.org\",\"@graph\":[{\"@type\":\"WebPage\",\"@id\":\"https:\\\/\\\/fertility.com.gt\\\/intrauterina-iiuinseminacion\\\/\",\"url\":\"https:\\\/\\\/fertility.com.gt\\\/intrauterina-iiuinseminacion\\\/\",\"name\":\"Inseminaci\u00f3n Intrauterina (IIU) - Fertility Guatemala\",\"isPartOf\":{\"@id\":\"https:\\\/\\\/fertility.com.gt\\\/#website\"},\"primaryImageOfPage\":{\"@id\":\"https:\\\/\\\/fertility.com.gt\\\/intrauterina-iiuinseminacion\\\/#primaryimage\"},\"image\":{\"@id\":\"https:\\\/\\\/fertility.com.gt\\\/intrauterina-iiuinseminacion\\\/#primaryimage\"},\"thumbnailUrl\":\"https:\\\/\\\/fertility.com.gt\\\/wp-content\\\/uploads\\\/2026\\\/02\\\/PHOTO-2025-11-06-15-42-11.jpg\",\"datePublished\":\"2025-12-08T05:16:36+00:00\",\"dateModified\":\"2026-02-23T23:27:35+00:00\",\"breadcrumb\":{\"@id\":\"https:\\\/\\\/fertility.com.gt\\\/intrauterina-iiuinseminacion\\\/#breadcrumb\"},\"inLanguage\":\"es\",\"potentialAction\":[{\"@type\":\"ReadAction\",\"target\":[\"https:\\\/\\\/fertility.com.gt\\\/intrauterina-iiuinseminacion\\\/\"]}]},{\"@type\":\"ImageObject\",\"inLanguage\":\"es\",\"@id\":\"https:\\\/\\\/fertility.com.gt\\\/intrauterina-iiuinseminacion\\\/#primaryimage\",\"url\":\"https:\\\/\\\/fertility.com.gt\\\/wp-content\\\/uploads\\\/2026\\\/02\\\/PHOTO-2025-11-06-15-42-11.jpg\",\"contentUrl\":\"https:\\\/\\\/fertility.com.gt\\\/wp-content\\\/uploads\\\/2026\\\/02\\\/PHOTO-2025-11-06-15-42-11.jpg\"},{\"@type\":\"BreadcrumbList\",\"@id\":\"https:\\\/\\\/fertility.com.gt\\\/intrauterina-iiuinseminacion\\\/#breadcrumb\",\"itemListElement\":[{\"@type\":\"ListItem\",\"position\":1,\"name\":\"Home\",\"item\":\"https:\\\/\\\/fertility.com.gt\\\/\"},{\"@type\":\"ListItem\",\"position\":2,\"name\":\"Inseminaci\u00f3n Intrauterina (IIU)\"}]},{\"@type\":\"WebSite\",\"@id\":\"https:\\\/\\\/fertility.com.gt\\\/#website\",\"url\":\"https:\\\/\\\/fertility.com.gt\\\/\",\"name\":\"Fertility Guatemala\",\"description\":\"\",\"publisher\":{\"@id\":\"https:\\\/\\\/fertility.com.gt\\\/#organization\"},\"potentialAction\":[{\"@type\":\"SearchAction\",\"target\":{\"@type\":\"EntryPoint\",\"urlTemplate\":\"https:\\\/\\\/fertility.com.gt\\\/?s={search_term_string}\"},\"query-input\":{\"@type\":\"PropertyValueSpecification\",\"valueRequired\":true,\"valueName\":\"search_term_string\"}}],\"inLanguage\":\"es\"},{\"@type\":\"Organization\",\"@id\":\"https:\\\/\\\/fertility.com.gt\\\/#organization\",\"name\":\"Fertility Guatemala\",\"url\":\"https:\\\/\\\/fertility.com.gt\\\/\",\"logo\":{\"@type\":\"ImageObject\",\"inLanguage\":\"es\",\"@id\":\"https:\\\/\\\/fertility.com.gt\\\/#\\\/schema\\\/logo\\\/image\\\/\",\"url\":\"https:\\\/\\\/i0.wp.com\\\/fertility.com.gt\\\/wp-content\\\/uploads\\\/2025\\\/10\\\/Fertility_Logo_RGB_3-scaled.png?fit=2560%2C1024&ssl=1\",\"contentUrl\":\"https:\\\/\\\/i0.wp.com\\\/fertility.com.gt\\\/wp-content\\\/uploads\\\/2025\\\/10\\\/Fertility_Logo_RGB_3-scaled.png?fit=2560%2C1024&ssl=1\",\"width\":2560,\"height\":1024,\"caption\":\"Fertility Guatemala\"},\"image\":{\"@id\":\"https:\\\/\\\/fertility.com.gt\\\/#\\\/schema\\\/logo\\\/image\\\/\"}}]}<\/script>\n<!-- \/ Yoast SEO plugin. -->","yoast_head_json":{"title":"Inseminaci\u00f3n Intrauterina (IIU) - Fertility Guatemala","robots":{"index":"index","follow":"follow","max-snippet":"max-snippet:-1","max-image-preview":"max-image-preview:large","max-video-preview":"max-video-preview:-1"},"canonical":"https:\/\/fertility.com.gt\/es\/intrauterina-iiuinseminacion\/","og_locale":"es_ES","og_type":"article","og_title":"Inseminaci\u00f3n Intrauterina (IIU) - Fertility Guatemala","og_description":"Inseminaci\u00f3n Intrauterina (IIU) Inseminaci\u00f3n intrauterina (IIU) La estimulaci\u00f3n ov\u00e1rica controlada (EOC) es un tratamiento que utiliza inductores de la ovulaci\u00f3n para favorecer el crecimiento y maduraci\u00f3n de uno o dos fol\u00edculos en los ovarios. Cuando se combina con la inseminaci\u00f3n intrauterina (IIU), aumenta la tasa de embarazo de un 3-5% a un 23-25%. Es una [...]","og_url":"https:\/\/fertility.com.gt\/es\/intrauterina-iiuinseminacion\/","og_site_name":"Fertility Guatemala","article_modified_time":"2026-02-23T23:27:35+00:00","og_image":[{"url":"https:\/\/fertility.com.gt\/wp-content\/uploads\/2026\/02\/PHOTO-2025-11-06-15-42-11.jpg","type":"","width":"","height":""}],"twitter_card":"summary_large_image","twitter_misc":{"Est. reading time":"2 minutos"},"schema":{"@context":"https:\/\/schema.org","@graph":[{"@type":"WebPage","@id":"https:\/\/fertility.com.gt\/intrauterina-iiuinseminacion\/","url":"https:\/\/fertility.com.gt\/intrauterina-iiuinseminacion\/","name":"Inseminaci\u00f3n Intrauterina (IIU) - Fertility Guatemala","isPartOf":{"@id":"https:\/\/fertility.com.gt\/#website"},"primaryImageOfPage":{"@id":"https:\/\/fertility.com.gt\/intrauterina-iiuinseminacion\/#primaryimage"},"image":{"@id":"https:\/\/fertility.com.gt\/intrauterina-iiuinseminacion\/#primaryimage"},"thumbnailUrl":"https:\/\/fertility.com.gt\/wp-content\/uploads\/2026\/02\/PHOTO-2025-11-06-15-42-11.jpg","datePublished":"2025-12-08T05:16:36+00:00","dateModified":"2026-02-23T23:27:35+00:00","breadcrumb":{"@id":"https:\/\/fertility.com.gt\/intrauterina-iiuinseminacion\/#breadcrumb"},"inLanguage":"es","potentialAction":[{"@type":"ReadAction","target":["https:\/\/fertility.com.gt\/intrauterina-iiuinseminacion\/"]}]},{"@type":"ImageObject","inLanguage":"es","@id":"https:\/\/fertility.com.gt\/intrauterina-iiuinseminacion\/#primaryimage","url":"https:\/\/fertility.com.gt\/wp-content\/uploads\/2026\/02\/PHOTO-2025-11-06-15-42-11.jpg","contentUrl":"https:\/\/fertility.com.gt\/wp-content\/uploads\/2026\/02\/PHOTO-2025-11-06-15-42-11.jpg"},{"@type":"BreadcrumbList","@id":"https:\/\/fertility.com.gt\/intrauterina-iiuinseminacion\/#breadcrumb","itemListElement":[{"@type":"ListItem","position":1,"name":"Home","item":"https:\/\/fertility.com.gt\/"},{"@type":"ListItem","position":2,"name":"Inseminaci\u00f3n Intrauterina (IIU)"}]},{"@type":"WebSite","@id":"https:\/\/fertility.com.gt\/#website","url":"https:\/\/fertility.com.gt\/","name":"Fertility Guatemala","description":"","publisher":{"@id":"https:\/\/fertility.com.gt\/#organization"},"potentialAction":[{"@type":"SearchAction","target":{"@type":"EntryPoint","urlTemplate":"https:\/\/fertility.com.gt\/?s={search_term_string}"},"query-input":{"@type":"PropertyValueSpecification","valueRequired":true,"valueName":"search_term_string"}}],"inLanguage":"es"},{"@type":"Organization","@id":"https:\/\/fertility.com.gt\/#organization","name":"Fertility Guatemala","url":"https:\/\/fertility.com.gt\/","logo":{"@type":"ImageObject","inLanguage":"es","@id":"https:\/\/fertility.com.gt\/#\/schema\/logo\/image\/","url":"https:\/\/i0.wp.com\/fertility.com.gt\/wp-content\/uploads\/2025\/10\/Fertility_Logo_RGB_3-scaled.png?fit=2560%2C1024&ssl=1","contentUrl":"https:\/\/i0.wp.com\/fertility.com.gt\/wp-content\/uploads\/2025\/10\/Fertility_Logo_RGB_3-scaled.png?fit=2560%2C1024&ssl=1","width":2560,"height":1024,"caption":"Fertility Guatemala"},"image":{"@id":"https:\/\/fertility.com.gt\/#\/schema\/logo\/image\/"}}]}},"jetpack_sharing_enabled":true,"_links":{"self":[{"href":"https:\/\/fertility.com.gt\/es\/wp-json\/wp\/v2\/pages\/691","targetHints":{"allow":["GET"]}}],"collection":[{"href":"https:\/\/fertility.com.gt\/es\/wp-json\/wp\/v2\/pages"}],"about":[{"href":"https:\/\/fertility.com.gt\/es\/wp-json\/wp\/v2\/types\/page"}],"author":[{"embeddable":true,"href":"https:\/\/fertility.com.gt\/es\/wp-json\/wp\/v2\/users\/1"}],"replies":[{"embeddable":true,"href":"https:\/\/fertility.com.gt\/es\/wp-json\/wp\/v2\/comments?post=691"}],"version-history":[{"count":5,"href":"https:\/\/fertility.com.gt\/es\/wp-json\/wp\/v2\/pages\/691\/revisions"}],"predecessor-version":[{"id":835,"href":"https:\/\/fertility.com.gt\/es\/wp-json\/wp\/v2\/pages\/691\/revisions\/835"}],"wp:attachment":[{"href":"https:\/\/fertility.com.gt\/es\/wp-json\/wp\/v2\/media?parent=691"}],"curies":[{"name":"wp","href":"https:\/\/api.w.org\/{rel}","templated":true}]}}