{"id":657,"date":"2025-11-25T04:10:51","date_gmt":"2025-11-25T04:10:51","guid":{"rendered":"https:\/\/fertility.com.gt\/?page_id=657"},"modified":"2026-02-23T23:36:41","modified_gmt":"2026-02-23T23:36:41","slug":"eoc-coito-dirigido","status":"publish","type":"page","link":"https:\/\/fertility.com.gt\/es\/eoc-coito-dirigido\/","title":{"rendered":"EOC + Coito Dirigido"},"content":{"rendered":"\n<!DOCTYPE html>\n<html lang=\"es\">\n<head>\n<meta charset=\"UTF-8\">\n<meta name=\"viewport\" content=\"width=device-width, initial-scale=1.0\">\n<title>EOC + Coito Dirigido<\/title>\n<style>\nbody{\n    margin:0;\n    font-family: Georgia, 'Times New Roman', serif;\n    background:#f4f6f9;\n    color:#222;\n}\n\n.blog-container{\n    max-width:900px;\n    margin:80px auto;\n    padding:0 20px;\n}\n\n\/* T\u00cdTULO CENTRADO *\/\n.blog-container h2{\n    font-size:34px;\n    margin-bottom:40px;\n    font-weight:600;\n    text-align:center;\n    position:relative;\n}\n\n.blog-container h2::after{\n    content:\"\";\n    width:80px;\n    height:3px;\n    background:#1f3c88;\n    display:block;\n    margin:15px auto 0;\n    border-radius:2px;\n}\n\n.blog-container p{\n    font-size:18px;\n    line-height:1.9;\n    text-align:justify;\n    margin-bottom:25px;\n}\n\n\/* IMAGEN ARRIBA *\/\n.img-top{\n    width:100%;\n    display:block;\n    margin:0 0 25px 0;\n    border-radius:12px;\n    box-shadow:0 10px 30px rgba(0,0,0,0.12);\n}\n\n\/* Responsive *\/\n@media (max-width:768px){\n    .blog-container{\n        margin:50px auto;\n    }\n\n    .blog-container h2{\n        font-size:28px;\n    }\n\n    .blog-container p{\n        font-size:16px;\n    }\n\n    .img-top{\n        width:100%;\n        margin:0 0 20px 0;\n    }\n}\n<\/style>\n<\/head>\n<body>\n\n<section class=\"blog-container\">\n\n    <h2>EOC + Coito Dirigido<\/h2>\n\n    <!-- Imagen grande arriba -->\n    <img data-recalc-dims=\"1\" decoding=\"async\" loading=\"lazy\" src=\"https:\/\/i0.wp.com\/fertility.com.gt\/wp-content\/uploads\/2025\/11\/D758488-scaled.jpg?w=1020&#038;ssl=1\" alt=\"EOC + Coito Dirigido\" class=\"img-top\">\n\n    <p>\n    La estimulaci\u00f3n ov\u00e1rica controlada unida al coito dirigido es un tratamiento sencillo y eficaz que busca aumentar la tasa de embarazo de un 3-5% a un 15-18% mediante el aumento del n\u00famero de \u00f3vulos y programar el momento de su ovulaci\u00f3n para que la pareja pueda tener relaciones sexuales alrededor de ese momento.\n    <\/p>\n\n    <p>\n    La EOC se inicia en los primeros 5 d\u00edas del ciclo menstrual, luego se realiza un seguimiento folicular 7-10 d\u00edas despu\u00e9s y al detectar uno o dos fol\u00edculos mayores de 17 mm se decide colocar la hCG alrededor de las 12:00 pm. Con esto se tiene programada la ovulaci\u00f3n 36 horas despu\u00e9s y se recomienda tener relaciones sexuales un d\u00eda despu\u00e9s en la noche y luego por la ma\u00f1ana.\n    <\/p>\n\n    <p>\n    Es ideal para pacientes con ovulaci\u00f3n irregular, subfertilidad sin causa aparente y parejas con poca frecuencia sexual o que viven separadas.\n    <\/p>\n\n<\/section>\n\n<\/body>\n<\/html>\n\n\n\n<p class=\"\">Escrito por:<br>Dr. Rodrigo Salguero Ruata<br>Medicina Reproductiva e Infertilidad<\/p>\n","protected":false},"excerpt":{"rendered":"<p>EOC + Coito Dirigido EOC + Coito Dirigido La estimulaci\u00f3n ov\u00e1rica controlada unida al coito dirigido es un tratamiento sencillo y eficaz que busca aumentar la tasa de embarazo de un 3-5% a un 15-18% mediante el aumento del n\u00famero de \u00f3vulos y programar el momento de su ovulaci\u00f3n para que la pareja pueda tener [&#8230;]\n","protected":false},"author":1,"featured_media":0,"parent":0,"menu_order":0,"comment_status":"closed","ping_status":"closed","template":"","meta":{"nf_dc_page":"","om_disable_all_campaigns":false,"_monsterinsights_skip_tracking":false,"_monsterinsights_sitenote_active":false,"_monsterinsights_sitenote_note":"","_monsterinsights_sitenote_category":0,"_joinchat":[],"footnotes":""},"class_list":["post-657","page","type-page","status-publish","hentry"],"yoast_head":"<!-- This site is optimized with the Yoast SEO plugin v27.4 - https:\/\/yoast.com\/product\/yoast-seo-wordpress\/ -->\n<title>EOC + Coito Dirigido - Fertility Guatemala<\/title>\n<meta name=\"robots\" content=\"index, follow, max-snippet:-1, max-image-preview:large, max-video-preview:-1\" \/>\n<link rel=\"canonical\" href=\"https:\/\/fertility.com.gt\/es\/eoc-coito-dirigido\/\" \/>\n<meta property=\"og:locale\" content=\"es_ES\" \/>\n<meta property=\"og:type\" content=\"article\" \/>\n<meta property=\"og:title\" content=\"EOC + Coito Dirigido - Fertility Guatemala\" \/>\n<meta property=\"og:description\" content=\"EOC + Coito Dirigido EOC + Coito Dirigido La estimulaci\u00f3n ov\u00e1rica controlada unida al coito dirigido es un tratamiento sencillo y eficaz que busca aumentar la tasa de embarazo de un 3-5% a un 15-18% mediante el aumento del n\u00famero de \u00f3vulos y programar el momento de su ovulaci\u00f3n para que la pareja pueda tener [...]\" \/>\n<meta property=\"og:url\" content=\"https:\/\/fertility.com.gt\/es\/eoc-coito-dirigido\/\" \/>\n<meta property=\"og:site_name\" content=\"Fertility Guatemala\" \/>\n<meta property=\"article:modified_time\" content=\"2026-02-23T23:36:41+00:00\" \/>\n<meta property=\"og:image\" content=\"https:\/\/fertility.com.gt\/wp-content\/uploads\/2025\/11\/D758488-scaled.jpg\" \/>\n<meta name=\"twitter:card\" content=\"summary_large_image\" \/>\n<meta name=\"twitter:label1\" content=\"Est. reading time\" \/>\n\t<meta name=\"twitter:data1\" content=\"2 minutos\" \/>\n<script type=\"application\/ld+json\" class=\"yoast-schema-graph\">{\"@context\":\"https:\\\/\\\/schema.org\",\"@graph\":[{\"@type\":\"WebPage\",\"@id\":\"https:\\\/\\\/fertility.com.gt\\\/eoc-coito-dirigido\\\/\",\"url\":\"https:\\\/\\\/fertility.com.gt\\\/eoc-coito-dirigido\\\/\",\"name\":\"EOC + Coito Dirigido - Fertility Guatemala\",\"isPartOf\":{\"@id\":\"https:\\\/\\\/fertility.com.gt\\\/#website\"},\"primaryImageOfPage\":{\"@id\":\"https:\\\/\\\/fertility.com.gt\\\/eoc-coito-dirigido\\\/#primaryimage\"},\"image\":{\"@id\":\"https:\\\/\\\/fertility.com.gt\\\/eoc-coito-dirigido\\\/#primaryimage\"},\"thumbnailUrl\":\"https:\\\/\\\/fertility.com.gt\\\/wp-content\\\/uploads\\\/2025\\\/11\\\/D758488-scaled.jpg\",\"datePublished\":\"2025-11-25T04:10:51+00:00\",\"dateModified\":\"2026-02-23T23:36:41+00:00\",\"breadcrumb\":{\"@id\":\"https:\\\/\\\/fertility.com.gt\\\/eoc-coito-dirigido\\\/#breadcrumb\"},\"inLanguage\":\"es\",\"potentialAction\":[{\"@type\":\"ReadAction\",\"target\":[\"https:\\\/\\\/fertility.com.gt\\\/eoc-coito-dirigido\\\/\"]}]},{\"@type\":\"ImageObject\",\"inLanguage\":\"es\",\"@id\":\"https:\\\/\\\/fertility.com.gt\\\/eoc-coito-dirigido\\\/#primaryimage\",\"url\":\"https:\\\/\\\/fertility.com.gt\\\/wp-content\\\/uploads\\\/2025\\\/11\\\/D758488-scaled.jpg\",\"contentUrl\":\"https:\\\/\\\/fertility.com.gt\\\/wp-content\\\/uploads\\\/2025\\\/11\\\/D758488-scaled.jpg\"},{\"@type\":\"BreadcrumbList\",\"@id\":\"https:\\\/\\\/fertility.com.gt\\\/eoc-coito-dirigido\\\/#breadcrumb\",\"itemListElement\":[{\"@type\":\"ListItem\",\"position\":1,\"name\":\"Home\",\"item\":\"https:\\\/\\\/fertility.com.gt\\\/\"},{\"@type\":\"ListItem\",\"position\":2,\"name\":\"EOC + Coito Dirigido\"}]},{\"@type\":\"WebSite\",\"@id\":\"https:\\\/\\\/fertility.com.gt\\\/#website\",\"url\":\"https:\\\/\\\/fertility.com.gt\\\/\",\"name\":\"Fertility Guatemala\",\"description\":\"\",\"publisher\":{\"@id\":\"https:\\\/\\\/fertility.com.gt\\\/#organization\"},\"potentialAction\":[{\"@type\":\"SearchAction\",\"target\":{\"@type\":\"EntryPoint\",\"urlTemplate\":\"https:\\\/\\\/fertility.com.gt\\\/?s={search_term_string}\"},\"query-input\":{\"@type\":\"PropertyValueSpecification\",\"valueRequired\":true,\"valueName\":\"search_term_string\"}}],\"inLanguage\":\"es\"},{\"@type\":\"Organization\",\"@id\":\"https:\\\/\\\/fertility.com.gt\\\/#organization\",\"name\":\"Fertility Guatemala\",\"url\":\"https:\\\/\\\/fertility.com.gt\\\/\",\"logo\":{\"@type\":\"ImageObject\",\"inLanguage\":\"es\",\"@id\":\"https:\\\/\\\/fertility.com.gt\\\/#\\\/schema\\\/logo\\\/image\\\/\",\"url\":\"https:\\\/\\\/i0.wp.com\\\/fertility.com.gt\\\/wp-content\\\/uploads\\\/2025\\\/10\\\/Fertility_Logo_RGB_3-scaled.png?fit=2560%2C1024&ssl=1\",\"contentUrl\":\"https:\\\/\\\/i0.wp.com\\\/fertility.com.gt\\\/wp-content\\\/uploads\\\/2025\\\/10\\\/Fertility_Logo_RGB_3-scaled.png?fit=2560%2C1024&ssl=1\",\"width\":2560,\"height\":1024,\"caption\":\"Fertility Guatemala\"},\"image\":{\"@id\":\"https:\\\/\\\/fertility.com.gt\\\/#\\\/schema\\\/logo\\\/image\\\/\"}}]}<\/script>\n<!-- \/ Yoast SEO plugin. -->","yoast_head_json":{"title":"EOC + Coito Dirigido - Fertility Guatemala","robots":{"index":"index","follow":"follow","max-snippet":"max-snippet:-1","max-image-preview":"max-image-preview:large","max-video-preview":"max-video-preview:-1"},"canonical":"https:\/\/fertility.com.gt\/es\/eoc-coito-dirigido\/","og_locale":"es_ES","og_type":"article","og_title":"EOC + Coito Dirigido - Fertility Guatemala","og_description":"EOC + Coito Dirigido EOC + Coito Dirigido La estimulaci\u00f3n ov\u00e1rica controlada unida al coito dirigido es un tratamiento sencillo y eficaz que busca aumentar la tasa de embarazo de un 3-5% a un 15-18% mediante el aumento del n\u00famero de \u00f3vulos y programar el momento de su ovulaci\u00f3n para que la pareja pueda tener [...]","og_url":"https:\/\/fertility.com.gt\/es\/eoc-coito-dirigido\/","og_site_name":"Fertility Guatemala","article_modified_time":"2026-02-23T23:36:41+00:00","og_image":[{"url":"https:\/\/fertility.com.gt\/wp-content\/uploads\/2025\/11\/D758488-scaled.jpg","type":"","width":"","height":""}],"twitter_card":"summary_large_image","twitter_misc":{"Est. reading time":"2 minutos"},"schema":{"@context":"https:\/\/schema.org","@graph":[{"@type":"WebPage","@id":"https:\/\/fertility.com.gt\/eoc-coito-dirigido\/","url":"https:\/\/fertility.com.gt\/eoc-coito-dirigido\/","name":"EOC + Coito Dirigido - Fertility Guatemala","isPartOf":{"@id":"https:\/\/fertility.com.gt\/#website"},"primaryImageOfPage":{"@id":"https:\/\/fertility.com.gt\/eoc-coito-dirigido\/#primaryimage"},"image":{"@id":"https:\/\/fertility.com.gt\/eoc-coito-dirigido\/#primaryimage"},"thumbnailUrl":"https:\/\/fertility.com.gt\/wp-content\/uploads\/2025\/11\/D758488-scaled.jpg","datePublished":"2025-11-25T04:10:51+00:00","dateModified":"2026-02-23T23:36:41+00:00","breadcrumb":{"@id":"https:\/\/fertility.com.gt\/eoc-coito-dirigido\/#breadcrumb"},"inLanguage":"es","potentialAction":[{"@type":"ReadAction","target":["https:\/\/fertility.com.gt\/eoc-coito-dirigido\/"]}]},{"@type":"ImageObject","inLanguage":"es","@id":"https:\/\/fertility.com.gt\/eoc-coito-dirigido\/#primaryimage","url":"https:\/\/fertility.com.gt\/wp-content\/uploads\/2025\/11\/D758488-scaled.jpg","contentUrl":"https:\/\/fertility.com.gt\/wp-content\/uploads\/2025\/11\/D758488-scaled.jpg"},{"@type":"BreadcrumbList","@id":"https:\/\/fertility.com.gt\/eoc-coito-dirigido\/#breadcrumb","itemListElement":[{"@type":"ListItem","position":1,"name":"Home","item":"https:\/\/fertility.com.gt\/"},{"@type":"ListItem","position":2,"name":"EOC + Coito Dirigido"}]},{"@type":"WebSite","@id":"https:\/\/fertility.com.gt\/#website","url":"https:\/\/fertility.com.gt\/","name":"Fertility Guatemala","description":"","publisher":{"@id":"https:\/\/fertility.com.gt\/#organization"},"potentialAction":[{"@type":"SearchAction","target":{"@type":"EntryPoint","urlTemplate":"https:\/\/fertility.com.gt\/?s={search_term_string}"},"query-input":{"@type":"PropertyValueSpecification","valueRequired":true,"valueName":"search_term_string"}}],"inLanguage":"es"},{"@type":"Organization","@id":"https:\/\/fertility.com.gt\/#organization","name":"Fertility Guatemala","url":"https:\/\/fertility.com.gt\/","logo":{"@type":"ImageObject","inLanguage":"es","@id":"https:\/\/fertility.com.gt\/#\/schema\/logo\/image\/","url":"https:\/\/i0.wp.com\/fertility.com.gt\/wp-content\/uploads\/2025\/10\/Fertility_Logo_RGB_3-scaled.png?fit=2560%2C1024&ssl=1","contentUrl":"https:\/\/i0.wp.com\/fertility.com.gt\/wp-content\/uploads\/2025\/10\/Fertility_Logo_RGB_3-scaled.png?fit=2560%2C1024&ssl=1","width":2560,"height":1024,"caption":"Fertility Guatemala"},"image":{"@id":"https:\/\/fertility.com.gt\/#\/schema\/logo\/image\/"}}]}},"jetpack_sharing_enabled":true,"_links":{"self":[{"href":"https:\/\/fertility.com.gt\/es\/wp-json\/wp\/v2\/pages\/657","targetHints":{"allow":["GET"]}}],"collection":[{"href":"https:\/\/fertility.com.gt\/es\/wp-json\/wp\/v2\/pages"}],"about":[{"href":"https:\/\/fertility.com.gt\/es\/wp-json\/wp\/v2\/types\/page"}],"author":[{"embeddable":true,"href":"https:\/\/fertility.com.gt\/es\/wp-json\/wp\/v2\/users\/1"}],"replies":[{"embeddable":true,"href":"https:\/\/fertility.com.gt\/es\/wp-json\/wp\/v2\/comments?post=657"}],"version-history":[{"count":5,"href":"https:\/\/fertility.com.gt\/es\/wp-json\/wp\/v2\/pages\/657\/revisions"}],"predecessor-version":[{"id":838,"href":"https:\/\/fertility.com.gt\/es\/wp-json\/wp\/v2\/pages\/657\/revisions\/838"}],"wp:attachment":[{"href":"https:\/\/fertility.com.gt\/es\/wp-json\/wp\/v2\/media?parent=657"}],"curies":[{"name":"wp","href":"https:\/\/api.w.org\/{rel}","templated":true}]}}