{"id":651,"date":"2025-11-25T02:40:19","date_gmt":"2025-11-25T02:40:19","guid":{"rendered":"https:\/\/fertility.com.gt\/?page_id=651"},"modified":"2026-02-23T23:23:44","modified_gmt":"2026-02-23T23:23:44","slug":"eoc-aumento-de-la-actividad-sexual","status":"publish","type":"page","link":"https:\/\/fertility.com.gt\/es\/eoc-aumento-de-la-actividad-sexual\/","title":{"rendered":"EOC + aumento de la actividad sexual\u00a0"},"content":{"rendered":"\n<!DOCTYPE html>\n<html lang=\"es\">\n<head>\n<meta charset=\"UTF-8\">\n<meta name=\"viewport\" content=\"width=device-width, initial-scale=1.0\">\n<title>EOC + Aumento de la actividad sexual<\/title>\n\n<style>\nbody{\n    margin:0;\n    font-family: Georgia, 'Times New Roman', serif;\n    background:#f4f6f9;\n    color:#222;\n}\n\n.blog-container{\n    max-width:900px;\n    margin:80px auto;\n    padding:0 20px;\n}\n\n.blog-container h2{\n    font-size:34px;\n    margin-bottom:30px;\n    font-weight:600;\n}\n\n.blog-container p{\n    font-size:18px;\n    line-height:1.9;\n    text-align:justify;\n    margin-bottom:25px;\n}\n\n\/* Imagen estilo editorial *\/\n.img-float{\n    float:right;\n    width:380px;\n    margin:10px 0 20px 30px;\n    border-radius:12px;\n    box-shadow:0 10px 30px rgba(0,0,0,0.12);\n}\n\n\/* Limpiar float *\/\n.clear{\n    clear:both;\n}\n\n\/* Responsive *\/\n@media (max-width:768px){\n    .img-float{\n        float:none;\n        width:100%;\n        margin:0 0 20px 0;\n    }\n}\n<\/style>\n<\/head>\n\n<body>\n\n<section class=\"blog-container\">\n\n    <h2>EOC + aumento de la actividad sexual<\/h2>\n\n    <img data-recalc-dims=\"1\" decoding=\"async\" loading=\"lazy\" src=\"https:\/\/i0.wp.com\/fertility.com.gt\/wp-content\/uploads\/2025\/11\/D758810-scaled.jpg?w=1020&#038;ssl=1\" \n         alt=\"EOC y aumento de la actividad sexual\" \n         class=\"img-float\">\n\n    <p>\n    Es una de las t\u00e9cnicas de reproducci\u00f3n asistida (TRA) m\u00e1s sencillas y fisiol\u00f3gicas dentro de la medicina reproductiva. Su objetivo es aumentar la posibilidad de embarazo estimulando suavemente los ovarios para que produzcan uno o m\u00e1s fol\u00edculos con \u00f3vulos maduros (MII) e indicando la ventana de ovulaci\u00f3n para que la pareja pueda aumentar su frecuencia sexual a m\u00ednimo 3 veces por semana. Su tasa de embarazo aumenta de 3-5% al 10-15%.\n    <\/p>\n\n    <p>\n    Es ideal para aquellas parejas con actividad sexual irregular, ovulaci\u00f3n irregular y\/o subfertilidad sin causa aparente. Estas parejas tambi\u00e9n se benefician al tener una gu\u00eda para saber qu\u00e9 d\u00edas son los ideales para aumentar la frecuencia de las relaciones sexuales.\n    <\/p>\n\n    <div class=\"clear\"><\/div>\n\n<\/section>\n\n<\/body>\n<\/html>\n\n\n\n<p class=\"\">Escrito por:<br>Dr. Rodrigo Salguero Ruata<br>Medicina Reproductiva e Infertilidad<\/p>\n","protected":false},"excerpt":{"rendered":"<p>EOC + Aumento de la actividad sexual EOC + aumento de la actividad sexual Es una de las t\u00e9cnicas de reproducci\u00f3n asistida (TRA) m\u00e1s sencillas y fisiol\u00f3gicas dentro de la medicina reproductiva. Su objetivo es aumentar la posibilidad de embarazo estimulando suavemente los ovarios para que produzcan uno o m\u00e1s fol\u00edculos con \u00f3vulos maduros (MII) [&#8230;]\n","protected":false},"author":1,"featured_media":0,"parent":0,"menu_order":0,"comment_status":"closed","ping_status":"closed","template":"","meta":{"nf_dc_page":"","om_disable_all_campaigns":false,"_monsterinsights_skip_tracking":false,"_monsterinsights_sitenote_active":false,"_monsterinsights_sitenote_note":"","_monsterinsights_sitenote_category":0,"_joinchat":[],"footnotes":""},"class_list":["post-651","page","type-page","status-publish","hentry"],"yoast_head":"<!-- This site is optimized with the Yoast SEO plugin v27.4 - https:\/\/yoast.com\/product\/yoast-seo-wordpress\/ -->\n<title>EOC + aumento de la actividad sexual\u00a0 - Fertility Guatemala<\/title>\n<meta name=\"robots\" content=\"index, follow, max-snippet:-1, max-image-preview:large, max-video-preview:-1\" \/>\n<link rel=\"canonical\" href=\"https:\/\/fertility.com.gt\/es\/eoc-aumento-de-la-actividad-sexual\/\" \/>\n<meta property=\"og:locale\" content=\"es_ES\" \/>\n<meta property=\"og:type\" content=\"article\" \/>\n<meta property=\"og:title\" content=\"EOC + aumento de la actividad sexual\u00a0 - Fertility Guatemala\" \/>\n<meta property=\"og:description\" content=\"EOC + Aumento de la actividad sexual EOC + aumento de la actividad sexual Es una de las t\u00e9cnicas de reproducci\u00f3n asistida (TRA) m\u00e1s sencillas y fisiol\u00f3gicas dentro de la medicina reproductiva. Su objetivo es aumentar la posibilidad de embarazo estimulando suavemente los ovarios para que produzcan uno o m\u00e1s fol\u00edculos con \u00f3vulos maduros (MII) [...]\" \/>\n<meta property=\"og:url\" content=\"https:\/\/fertility.com.gt\/es\/eoc-aumento-de-la-actividad-sexual\/\" \/>\n<meta property=\"og:site_name\" content=\"Fertility Guatemala\" \/>\n<meta property=\"article:modified_time\" content=\"2026-02-23T23:23:44+00:00\" \/>\n<meta property=\"og:image\" content=\"https:\/\/fertility.com.gt\/wp-content\/uploads\/2025\/11\/D758810-scaled.jpg\" \/>\n<meta name=\"twitter:card\" content=\"summary_large_image\" \/>\n<meta name=\"twitter:label1\" content=\"Est. reading time\" \/>\n\t<meta name=\"twitter:data1\" content=\"1 minuto\" \/>\n<script type=\"application\/ld+json\" class=\"yoast-schema-graph\">{\"@context\":\"https:\\\/\\\/schema.org\",\"@graph\":[{\"@type\":\"WebPage\",\"@id\":\"https:\\\/\\\/fertility.com.gt\\\/eoc-aumento-de-la-actividad-sexual\\\/\",\"url\":\"https:\\\/\\\/fertility.com.gt\\\/eoc-aumento-de-la-actividad-sexual\\\/\",\"name\":\"EOC + aumento de la actividad sexual\u00a0 - Fertility Guatemala\",\"isPartOf\":{\"@id\":\"https:\\\/\\\/fertility.com.gt\\\/#website\"},\"primaryImageOfPage\":{\"@id\":\"https:\\\/\\\/fertility.com.gt\\\/eoc-aumento-de-la-actividad-sexual\\\/#primaryimage\"},\"image\":{\"@id\":\"https:\\\/\\\/fertility.com.gt\\\/eoc-aumento-de-la-actividad-sexual\\\/#primaryimage\"},\"thumbnailUrl\":\"https:\\\/\\\/fertility.com.gt\\\/wp-content\\\/uploads\\\/2025\\\/11\\\/D758810-scaled.jpg\",\"datePublished\":\"2025-11-25T02:40:19+00:00\",\"dateModified\":\"2026-02-23T23:23:44+00:00\",\"breadcrumb\":{\"@id\":\"https:\\\/\\\/fertility.com.gt\\\/eoc-aumento-de-la-actividad-sexual\\\/#breadcrumb\"},\"inLanguage\":\"es\",\"potentialAction\":[{\"@type\":\"ReadAction\",\"target\":[\"https:\\\/\\\/fertility.com.gt\\\/eoc-aumento-de-la-actividad-sexual\\\/\"]}]},{\"@type\":\"ImageObject\",\"inLanguage\":\"es\",\"@id\":\"https:\\\/\\\/fertility.com.gt\\\/eoc-aumento-de-la-actividad-sexual\\\/#primaryimage\",\"url\":\"https:\\\/\\\/fertility.com.gt\\\/wp-content\\\/uploads\\\/2025\\\/11\\\/D758810-scaled.jpg\",\"contentUrl\":\"https:\\\/\\\/fertility.com.gt\\\/wp-content\\\/uploads\\\/2025\\\/11\\\/D758810-scaled.jpg\"},{\"@type\":\"BreadcrumbList\",\"@id\":\"https:\\\/\\\/fertility.com.gt\\\/eoc-aumento-de-la-actividad-sexual\\\/#breadcrumb\",\"itemListElement\":[{\"@type\":\"ListItem\",\"position\":1,\"name\":\"Home\",\"item\":\"https:\\\/\\\/fertility.com.gt\\\/\"},{\"@type\":\"ListItem\",\"position\":2,\"name\":\"EOC + aumento de la actividad sexual\u00a0\"}]},{\"@type\":\"WebSite\",\"@id\":\"https:\\\/\\\/fertility.com.gt\\\/#website\",\"url\":\"https:\\\/\\\/fertility.com.gt\\\/\",\"name\":\"Fertility Guatemala\",\"description\":\"\",\"publisher\":{\"@id\":\"https:\\\/\\\/fertility.com.gt\\\/#organization\"},\"potentialAction\":[{\"@type\":\"SearchAction\",\"target\":{\"@type\":\"EntryPoint\",\"urlTemplate\":\"https:\\\/\\\/fertility.com.gt\\\/?s={search_term_string}\"},\"query-input\":{\"@type\":\"PropertyValueSpecification\",\"valueRequired\":true,\"valueName\":\"search_term_string\"}}],\"inLanguage\":\"es\"},{\"@type\":\"Organization\",\"@id\":\"https:\\\/\\\/fertility.com.gt\\\/#organization\",\"name\":\"Fertility Guatemala\",\"url\":\"https:\\\/\\\/fertility.com.gt\\\/\",\"logo\":{\"@type\":\"ImageObject\",\"inLanguage\":\"es\",\"@id\":\"https:\\\/\\\/fertility.com.gt\\\/#\\\/schema\\\/logo\\\/image\\\/\",\"url\":\"https:\\\/\\\/i0.wp.com\\\/fertility.com.gt\\\/wp-content\\\/uploads\\\/2025\\\/10\\\/Fertility_Logo_RGB_3-scaled.png?fit=2560%2C1024&ssl=1\",\"contentUrl\":\"https:\\\/\\\/i0.wp.com\\\/fertility.com.gt\\\/wp-content\\\/uploads\\\/2025\\\/10\\\/Fertility_Logo_RGB_3-scaled.png?fit=2560%2C1024&ssl=1\",\"width\":2560,\"height\":1024,\"caption\":\"Fertility Guatemala\"},\"image\":{\"@id\":\"https:\\\/\\\/fertility.com.gt\\\/#\\\/schema\\\/logo\\\/image\\\/\"}}]}<\/script>\n<!-- \/ Yoast SEO plugin. -->","yoast_head_json":{"title":"EOC + aumento de la actividad sexual\u00a0 - Fertility Guatemala","robots":{"index":"index","follow":"follow","max-snippet":"max-snippet:-1","max-image-preview":"max-image-preview:large","max-video-preview":"max-video-preview:-1"},"canonical":"https:\/\/fertility.com.gt\/es\/eoc-aumento-de-la-actividad-sexual\/","og_locale":"es_ES","og_type":"article","og_title":"EOC + aumento de la actividad sexual\u00a0 - Fertility Guatemala","og_description":"EOC + Aumento de la actividad sexual EOC + aumento de la actividad sexual Es una de las t\u00e9cnicas de reproducci\u00f3n asistida (TRA) m\u00e1s sencillas y fisiol\u00f3gicas dentro de la medicina reproductiva. Su objetivo es aumentar la posibilidad de embarazo estimulando suavemente los ovarios para que produzcan uno o m\u00e1s fol\u00edculos con \u00f3vulos maduros (MII) [...]","og_url":"https:\/\/fertility.com.gt\/es\/eoc-aumento-de-la-actividad-sexual\/","og_site_name":"Fertility Guatemala","article_modified_time":"2026-02-23T23:23:44+00:00","og_image":[{"url":"https:\/\/fertility.com.gt\/wp-content\/uploads\/2025\/11\/D758810-scaled.jpg","type":"","width":"","height":""}],"twitter_card":"summary_large_image","twitter_misc":{"Est. reading time":"1 minuto"},"schema":{"@context":"https:\/\/schema.org","@graph":[{"@type":"WebPage","@id":"https:\/\/fertility.com.gt\/eoc-aumento-de-la-actividad-sexual\/","url":"https:\/\/fertility.com.gt\/eoc-aumento-de-la-actividad-sexual\/","name":"EOC + aumento de la actividad sexual\u00a0 - Fertility Guatemala","isPartOf":{"@id":"https:\/\/fertility.com.gt\/#website"},"primaryImageOfPage":{"@id":"https:\/\/fertility.com.gt\/eoc-aumento-de-la-actividad-sexual\/#primaryimage"},"image":{"@id":"https:\/\/fertility.com.gt\/eoc-aumento-de-la-actividad-sexual\/#primaryimage"},"thumbnailUrl":"https:\/\/fertility.com.gt\/wp-content\/uploads\/2025\/11\/D758810-scaled.jpg","datePublished":"2025-11-25T02:40:19+00:00","dateModified":"2026-02-23T23:23:44+00:00","breadcrumb":{"@id":"https:\/\/fertility.com.gt\/eoc-aumento-de-la-actividad-sexual\/#breadcrumb"},"inLanguage":"es","potentialAction":[{"@type":"ReadAction","target":["https:\/\/fertility.com.gt\/eoc-aumento-de-la-actividad-sexual\/"]}]},{"@type":"ImageObject","inLanguage":"es","@id":"https:\/\/fertility.com.gt\/eoc-aumento-de-la-actividad-sexual\/#primaryimage","url":"https:\/\/fertility.com.gt\/wp-content\/uploads\/2025\/11\/D758810-scaled.jpg","contentUrl":"https:\/\/fertility.com.gt\/wp-content\/uploads\/2025\/11\/D758810-scaled.jpg"},{"@type":"BreadcrumbList","@id":"https:\/\/fertility.com.gt\/eoc-aumento-de-la-actividad-sexual\/#breadcrumb","itemListElement":[{"@type":"ListItem","position":1,"name":"Home","item":"https:\/\/fertility.com.gt\/"},{"@type":"ListItem","position":2,"name":"EOC + aumento de la actividad sexual\u00a0"}]},{"@type":"WebSite","@id":"https:\/\/fertility.com.gt\/#website","url":"https:\/\/fertility.com.gt\/","name":"Fertility Guatemala","description":"","publisher":{"@id":"https:\/\/fertility.com.gt\/#organization"},"potentialAction":[{"@type":"SearchAction","target":{"@type":"EntryPoint","urlTemplate":"https:\/\/fertility.com.gt\/?s={search_term_string}"},"query-input":{"@type":"PropertyValueSpecification","valueRequired":true,"valueName":"search_term_string"}}],"inLanguage":"es"},{"@type":"Organization","@id":"https:\/\/fertility.com.gt\/#organization","name":"Fertility Guatemala","url":"https:\/\/fertility.com.gt\/","logo":{"@type":"ImageObject","inLanguage":"es","@id":"https:\/\/fertility.com.gt\/#\/schema\/logo\/image\/","url":"https:\/\/i0.wp.com\/fertility.com.gt\/wp-content\/uploads\/2025\/10\/Fertility_Logo_RGB_3-scaled.png?fit=2560%2C1024&ssl=1","contentUrl":"https:\/\/i0.wp.com\/fertility.com.gt\/wp-content\/uploads\/2025\/10\/Fertility_Logo_RGB_3-scaled.png?fit=2560%2C1024&ssl=1","width":2560,"height":1024,"caption":"Fertility Guatemala"},"image":{"@id":"https:\/\/fertility.com.gt\/#\/schema\/logo\/image\/"}}]}},"jetpack_sharing_enabled":true,"_links":{"self":[{"href":"https:\/\/fertility.com.gt\/es\/wp-json\/wp\/v2\/pages\/651","targetHints":{"allow":["GET"]}}],"collection":[{"href":"https:\/\/fertility.com.gt\/es\/wp-json\/wp\/v2\/pages"}],"about":[{"href":"https:\/\/fertility.com.gt\/es\/wp-json\/wp\/v2\/types\/page"}],"author":[{"embeddable":true,"href":"https:\/\/fertility.com.gt\/es\/wp-json\/wp\/v2\/users\/1"}],"replies":[{"embeddable":true,"href":"https:\/\/fertility.com.gt\/es\/wp-json\/wp\/v2\/comments?post=651"}],"version-history":[{"count":4,"href":"https:\/\/fertility.com.gt\/es\/wp-json\/wp\/v2\/pages\/651\/revisions"}],"predecessor-version":[{"id":833,"href":"https:\/\/fertility.com.gt\/es\/wp-json\/wp\/v2\/pages\/651\/revisions\/833"}],"wp:attachment":[{"href":"https:\/\/fertility.com.gt\/es\/wp-json\/wp\/v2\/media?parent=651"}],"curies":[{"name":"wp","href":"https:\/\/api.w.org\/{rel}","templated":true}]}}