{"id":586,"date":"2025-10-22T18:11:02","date_gmt":"2025-10-22T18:11:02","guid":{"rendered":"https:\/\/fertility.com.gt\/?page_id=586"},"modified":"2025-10-22T18:11:03","modified_gmt":"2025-10-22T18:11:03","slug":"diabetes-gestacional-su-monitoreo-temprano-es-esencial-para-prevenir-multiples-complicaciones","status":"publish","type":"page","link":"https:\/\/fertility.com.gt\/es\/diabetes-gestacional-su-monitoreo-temprano-es-esencial-para-prevenir-multiples-complicaciones\/","title":{"rendered":"Diabetes Gestacional: Su monitoreo temprano es esencial para prevenir m\u00faltiples complicaciones"},"content":{"rendered":"\n<h2 class=\"wp-block-heading\">Diabetes Gestacional: Su monitoreo temprano es esencial para prevenir m\u00faltiples complicaciones<\/h2>\n\n\n\n<p class=\"\"><\/p>\n\n\n\n<p class=\"justificado\">La prevalencia de los des\u00f3rdenes en el metabolismo de la glucosa y la obesidad se han incrementado en los \u00faltimos a\u00f1os en pacientes en edad reproductiva. La diabetes Gestacional se define como cualquier tipo de intolerancia a la glucosa detectado por primera vez o que inicie durante el embarazo. Afecta alrededor del 10-15% de los embarazos y por lo general es una enfermedad silenciosa y que solo es detectada si se realiza el monitoreo indicado. El padecer de alteraciones en los niveles de glucosa antes del embarazo y haber padecido de diabetes Gestacional previamente son unos de los riesgos m\u00e1s importantes. Entre otros riesgos se destacan la obesidad, el s\u00edndrome de ovario poliqu\u00edstico, edad mayor de 40 a\u00f1os y la historia familiar de padecer de diabetes mellitus. Pacientes con estos factores de riesgo es mandatorio realizar un test est\u00e1ndar de tolerancia con 75 gr de glucosa oral (TTGO) al inicio del embarazo, al resto de pacientes se les debe recomendar realizar una glucosa en ayunas al inicio del embarazo y un TTGO entre las 24-28 semanas de embarazo. Los criterios actuales para su diagn\u00f3stico son m\u00e1s estrictos y uno o varios alterados hacen el diagn\u00f3stico. A continuaci\u00f3n se describen los criterios:<\/p>\n\n\n\n<p class=\"\">Glucosa en ayunas \u2265 92mg\/dl<\/p>\n\n\n\n<p class=\"\">Glucosa 1 hora post glucosa oral \u2265 180 mg\/dl<\/p>\n\n\n\n<p class=\"\">Glucosa 2 horas post glucosa oral \u2265 153 mg\/dl<\/p>\n\n\n\n<p class=\"justificado\">La diabetes gestacional ha demostrado tener m\u00faltiples complicaciones durante el embarazo al igual que&nbsp;&nbsp;implicaciones serias en la salud a largo plazo de la madre y de su beb\u00e9. Un hallazgo que ha obligado a cambiar el abordaje y criterios diagn\u00f3sticos en b\u00fasqueda de una detecci\u00f3n temprana y oportuna para la prevenci\u00f3n de muchas enfermedades cr\u00f3nicas.<\/p>\n\n\n\n<p class=\"justificado\">Su manejo y tratamiento constan de un cambio en el estilo de vida como piedra angular, de una dieta basada en los principios de una nutrici\u00f3n \u00f3ptima, del control del aumento de peso y reforzar el ejercicio durante el embarazo para todas las embarazadas.<\/p>\n\n\n\n<p class=\"justificado\">El tratamiento farmacol\u00f3gico de primera l\u00ednea es la metformina que adem\u00e1s ha demostrado ser seguro su uso para el feto. La insulina y sus diferentes reg\u00edmenes son una opci\u00f3n si no hay respuesta con la metformina.<\/p>\n\n\n\n<p class=\"justificado\">En el post parto es importante repetir el TTGO 6 a 12 semanas despu\u00e9s ya que el 50% de pacientes con diabetes Gestacional ser\u00e1n diab\u00e9ticas en los siguientes 20 a\u00f1os.El cambio en los criterios diagn\u00f3stico aumentar\u00e1 la prevalencia de dicha enfermedad pero ya ha demostrado disminuir las complicaciones de su falta de detecci\u00f3n.<\/p>\n\n\n\n<h2 class=\"wp-block-heading\">Escrito por:<\/h2>\n\n\n\n<div class=\"wp-block-media-text is-stacked-on-mobile\" style=\"grid-template-columns:34% auto\"><figure class=\"wp-block-media-text__media\"><img data-recalc-dims=\"1\" loading=\"lazy\" decoding=\"async\" width=\"1020\" height=\"574\" loading=\"lazy\" src=\"https:\/\/i0.wp.com\/fertility.com.gt\/wp-content\/uploads\/2025\/10\/NCC3.png?resize=1020%2C574&#038;ssl=1\" alt=\"\" class=\"wp-image-254 size-large\" srcset=\"https:\/\/i0.wp.com\/fertility.com.gt\/wp-content\/uploads\/2025\/10\/NCC3.png?resize=1024%2C576&amp;ssl=1 1024w, https:\/\/i0.wp.com\/fertility.com.gt\/wp-content\/uploads\/2025\/10\/NCC3.png?resize=300%2C169&amp;ssl=1 300w, https:\/\/i0.wp.com\/fertility.com.gt\/wp-content\/uploads\/2025\/10\/NCC3.png?resize=768%2C432&amp;ssl=1 768w, https:\/\/i0.wp.com\/fertility.com.gt\/wp-content\/uploads\/2025\/10\/NCC3.png?resize=1536%2C864&amp;ssl=1 1536w, https:\/\/i0.wp.com\/fertility.com.gt\/wp-content\/uploads\/2025\/10\/NCC3.png?w=1920&amp;ssl=1 1920w\" sizes=\"auto, (max-width: 1020px) 100vw, 1020px\" \/><\/figure><div class=\"wp-block-media-text__content\">\n<p class=\"\"><strong>DR. RODRIGO SALGUERO RUATA<\/strong><\/p>\n\n\n\n<p class=\"\">Ginec\u00f3logo y Obstetra Especialista en Medicina Reproductiva e infertilidad<\/p>\n<\/div><\/div>\n\n\n","protected":false},"excerpt":{"rendered":"<p>Diabetes Gestacional: Su monitoreo temprano es esencial para prevenir m\u00faltiples complicaciones La prevalencia de los des\u00f3rdenes en el metabolismo de la glucosa y la obesidad se han incrementado en los \u00faltimos a\u00f1os en pacientes en edad reproductiva. La diabetes Gestacional se define como cualquier tipo de intolerancia a la glucosa detectado por primera vez o [&#8230;]\n","protected":false},"author":1,"featured_media":0,"parent":0,"menu_order":0,"comment_status":"closed","ping_status":"closed","template":"","meta":{"nf_dc_page":"","om_disable_all_campaigns":false,"_monsterinsights_skip_tracking":false,"_monsterinsights_sitenote_active":false,"_monsterinsights_sitenote_note":"","_monsterinsights_sitenote_category":0,"_joinchat":[],"footnotes":""},"class_list":["post-586","page","type-page","status-publish","hentry"],"yoast_head":"<!-- This site is optimized with the Yoast SEO plugin v27.4 - https:\/\/yoast.com\/product\/yoast-seo-wordpress\/ -->\n<title>Diabetes Gestacional: Su monitoreo temprano es esencial para prevenir m\u00faltiples complicaciones - Fertility Guatemala<\/title>\n<meta name=\"robots\" content=\"index, follow, max-snippet:-1, max-image-preview:large, max-video-preview:-1\" \/>\n<link rel=\"canonical\" href=\"https:\/\/fertility.com.gt\/es\/diabetes-gestacional-su-monitoreo-temprano-es-esencial-para-prevenir-multiples-complicaciones\/\" \/>\n<meta property=\"og:locale\" content=\"es_ES\" \/>\n<meta property=\"og:type\" content=\"article\" \/>\n<meta property=\"og:title\" content=\"Diabetes Gestacional: Su monitoreo temprano es esencial para prevenir m\u00faltiples complicaciones - Fertility Guatemala\" \/>\n<meta property=\"og:description\" content=\"Diabetes Gestacional: Su monitoreo temprano es esencial para prevenir m\u00faltiples complicaciones La prevalencia de los des\u00f3rdenes en el metabolismo de la glucosa y la obesidad se han incrementado en los \u00faltimos a\u00f1os en pacientes en edad reproductiva. La diabetes Gestacional se define como cualquier tipo de intolerancia a la glucosa detectado por primera vez o [...]\" \/>\n<meta property=\"og:url\" content=\"https:\/\/fertility.com.gt\/es\/diabetes-gestacional-su-monitoreo-temprano-es-esencial-para-prevenir-multiples-complicaciones\/\" \/>\n<meta property=\"og:site_name\" content=\"Fertility Guatemala\" \/>\n<meta property=\"article:modified_time\" content=\"2025-10-22T18:11:03+00:00\" \/>\n<meta property=\"og:image\" content=\"https:\/\/fertility.com.gt\/wp-content\/uploads\/2025\/10\/NCC3-1024x576.png\" \/>\n<meta name=\"twitter:card\" content=\"summary_large_image\" \/>\n<meta name=\"twitter:label1\" content=\"Est. reading time\" \/>\n\t<meta name=\"twitter:data1\" content=\"3 minutos\" \/>\n<script type=\"application\/ld+json\" class=\"yoast-schema-graph\">{\"@context\":\"https:\\\/\\\/schema.org\",\"@graph\":[{\"@type\":\"WebPage\",\"@id\":\"https:\\\/\\\/fertility.com.gt\\\/diabetes-gestacional-su-monitoreo-temprano-es-esencial-para-prevenir-multiples-complicaciones\\\/\",\"url\":\"https:\\\/\\\/fertility.com.gt\\\/diabetes-gestacional-su-monitoreo-temprano-es-esencial-para-prevenir-multiples-complicaciones\\\/\",\"name\":\"Diabetes Gestacional: Su monitoreo temprano es esencial para prevenir m\u00faltiples complicaciones - Fertility Guatemala\",\"isPartOf\":{\"@id\":\"https:\\\/\\\/fertility.com.gt\\\/#website\"},\"primaryImageOfPage\":{\"@id\":\"https:\\\/\\\/fertility.com.gt\\\/diabetes-gestacional-su-monitoreo-temprano-es-esencial-para-prevenir-multiples-complicaciones\\\/#primaryimage\"},\"image\":{\"@id\":\"https:\\\/\\\/fertility.com.gt\\\/diabetes-gestacional-su-monitoreo-temprano-es-esencial-para-prevenir-multiples-complicaciones\\\/#primaryimage\"},\"thumbnailUrl\":\"https:\\\/\\\/fertility.com.gt\\\/wp-content\\\/uploads\\\/2025\\\/10\\\/NCC3-1024x576.png\",\"datePublished\":\"2025-10-22T18:11:02+00:00\",\"dateModified\":\"2025-10-22T18:11:03+00:00\",\"breadcrumb\":{\"@id\":\"https:\\\/\\\/fertility.com.gt\\\/diabetes-gestacional-su-monitoreo-temprano-es-esencial-para-prevenir-multiples-complicaciones\\\/#breadcrumb\"},\"inLanguage\":\"es\",\"potentialAction\":[{\"@type\":\"ReadAction\",\"target\":[\"https:\\\/\\\/fertility.com.gt\\\/diabetes-gestacional-su-monitoreo-temprano-es-esencial-para-prevenir-multiples-complicaciones\\\/\"]}]},{\"@type\":\"ImageObject\",\"inLanguage\":\"es\",\"@id\":\"https:\\\/\\\/fertility.com.gt\\\/diabetes-gestacional-su-monitoreo-temprano-es-esencial-para-prevenir-multiples-complicaciones\\\/#primaryimage\",\"url\":\"https:\\\/\\\/fertility.com.gt\\\/wp-content\\\/uploads\\\/2025\\\/10\\\/NCC3-1024x576.png\",\"contentUrl\":\"https:\\\/\\\/fertility.com.gt\\\/wp-content\\\/uploads\\\/2025\\\/10\\\/NCC3-1024x576.png\"},{\"@type\":\"BreadcrumbList\",\"@id\":\"https:\\\/\\\/fertility.com.gt\\\/diabetes-gestacional-su-monitoreo-temprano-es-esencial-para-prevenir-multiples-complicaciones\\\/#breadcrumb\",\"itemListElement\":[{\"@type\":\"ListItem\",\"position\":1,\"name\":\"Home\",\"item\":\"https:\\\/\\\/fertility.com.gt\\\/\"},{\"@type\":\"ListItem\",\"position\":2,\"name\":\"Diabetes Gestacional: Su monitoreo temprano es esencial para prevenir m\u00faltiples complicaciones\"}]},{\"@type\":\"WebSite\",\"@id\":\"https:\\\/\\\/fertility.com.gt\\\/#website\",\"url\":\"https:\\\/\\\/fertility.com.gt\\\/\",\"name\":\"Fertility Guatemala\",\"description\":\"\",\"publisher\":{\"@id\":\"https:\\\/\\\/fertility.com.gt\\\/#organization\"},\"potentialAction\":[{\"@type\":\"SearchAction\",\"target\":{\"@type\":\"EntryPoint\",\"urlTemplate\":\"https:\\\/\\\/fertility.com.gt\\\/?s={search_term_string}\"},\"query-input\":{\"@type\":\"PropertyValueSpecification\",\"valueRequired\":true,\"valueName\":\"search_term_string\"}}],\"inLanguage\":\"es\"},{\"@type\":\"Organization\",\"@id\":\"https:\\\/\\\/fertility.com.gt\\\/#organization\",\"name\":\"Fertility Guatemala\",\"url\":\"https:\\\/\\\/fertility.com.gt\\\/\",\"logo\":{\"@type\":\"ImageObject\",\"inLanguage\":\"es\",\"@id\":\"https:\\\/\\\/fertility.com.gt\\\/#\\\/schema\\\/logo\\\/image\\\/\",\"url\":\"https:\\\/\\\/i0.wp.com\\\/fertility.com.gt\\\/wp-content\\\/uploads\\\/2025\\\/10\\\/Fertility_Logo_RGB_3-scaled.png?fit=2560%2C1024&ssl=1\",\"contentUrl\":\"https:\\\/\\\/i0.wp.com\\\/fertility.com.gt\\\/wp-content\\\/uploads\\\/2025\\\/10\\\/Fertility_Logo_RGB_3-scaled.png?fit=2560%2C1024&ssl=1\",\"width\":2560,\"height\":1024,\"caption\":\"Fertility Guatemala\"},\"image\":{\"@id\":\"https:\\\/\\\/fertility.com.gt\\\/#\\\/schema\\\/logo\\\/image\\\/\"}}]}<\/script>\n<!-- \/ Yoast SEO plugin. -->","yoast_head_json":{"title":"Diabetes Gestacional: Su monitoreo temprano es esencial para prevenir m\u00faltiples complicaciones - Fertility Guatemala","robots":{"index":"index","follow":"follow","max-snippet":"max-snippet:-1","max-image-preview":"max-image-preview:large","max-video-preview":"max-video-preview:-1"},"canonical":"https:\/\/fertility.com.gt\/es\/diabetes-gestacional-su-monitoreo-temprano-es-esencial-para-prevenir-multiples-complicaciones\/","og_locale":"es_ES","og_type":"article","og_title":"Diabetes Gestacional: Su monitoreo temprano es esencial para prevenir m\u00faltiples complicaciones - Fertility Guatemala","og_description":"Diabetes Gestacional: Su monitoreo temprano es esencial para prevenir m\u00faltiples complicaciones La prevalencia de los des\u00f3rdenes en el metabolismo de la glucosa y la obesidad se han incrementado en los \u00faltimos a\u00f1os en pacientes en edad reproductiva. La diabetes Gestacional se define como cualquier tipo de intolerancia a la glucosa detectado por primera vez o [...]","og_url":"https:\/\/fertility.com.gt\/es\/diabetes-gestacional-su-monitoreo-temprano-es-esencial-para-prevenir-multiples-complicaciones\/","og_site_name":"Fertility Guatemala","article_modified_time":"2025-10-22T18:11:03+00:00","og_image":[{"url":"https:\/\/fertility.com.gt\/wp-content\/uploads\/2025\/10\/NCC3-1024x576.png","type":"","width":"","height":""}],"twitter_card":"summary_large_image","twitter_misc":{"Est. reading time":"3 minutos"},"schema":{"@context":"https:\/\/schema.org","@graph":[{"@type":"WebPage","@id":"https:\/\/fertility.com.gt\/diabetes-gestacional-su-monitoreo-temprano-es-esencial-para-prevenir-multiples-complicaciones\/","url":"https:\/\/fertility.com.gt\/diabetes-gestacional-su-monitoreo-temprano-es-esencial-para-prevenir-multiples-complicaciones\/","name":"Diabetes Gestacional: Su monitoreo temprano es esencial para prevenir m\u00faltiples complicaciones - Fertility Guatemala","isPartOf":{"@id":"https:\/\/fertility.com.gt\/#website"},"primaryImageOfPage":{"@id":"https:\/\/fertility.com.gt\/diabetes-gestacional-su-monitoreo-temprano-es-esencial-para-prevenir-multiples-complicaciones\/#primaryimage"},"image":{"@id":"https:\/\/fertility.com.gt\/diabetes-gestacional-su-monitoreo-temprano-es-esencial-para-prevenir-multiples-complicaciones\/#primaryimage"},"thumbnailUrl":"https:\/\/fertility.com.gt\/wp-content\/uploads\/2025\/10\/NCC3-1024x576.png","datePublished":"2025-10-22T18:11:02+00:00","dateModified":"2025-10-22T18:11:03+00:00","breadcrumb":{"@id":"https:\/\/fertility.com.gt\/diabetes-gestacional-su-monitoreo-temprano-es-esencial-para-prevenir-multiples-complicaciones\/#breadcrumb"},"inLanguage":"es","potentialAction":[{"@type":"ReadAction","target":["https:\/\/fertility.com.gt\/diabetes-gestacional-su-monitoreo-temprano-es-esencial-para-prevenir-multiples-complicaciones\/"]}]},{"@type":"ImageObject","inLanguage":"es","@id":"https:\/\/fertility.com.gt\/diabetes-gestacional-su-monitoreo-temprano-es-esencial-para-prevenir-multiples-complicaciones\/#primaryimage","url":"https:\/\/fertility.com.gt\/wp-content\/uploads\/2025\/10\/NCC3-1024x576.png","contentUrl":"https:\/\/fertility.com.gt\/wp-content\/uploads\/2025\/10\/NCC3-1024x576.png"},{"@type":"BreadcrumbList","@id":"https:\/\/fertility.com.gt\/diabetes-gestacional-su-monitoreo-temprano-es-esencial-para-prevenir-multiples-complicaciones\/#breadcrumb","itemListElement":[{"@type":"ListItem","position":1,"name":"Home","item":"https:\/\/fertility.com.gt\/"},{"@type":"ListItem","position":2,"name":"Diabetes Gestacional: Su monitoreo temprano es esencial para prevenir m\u00faltiples complicaciones"}]},{"@type":"WebSite","@id":"https:\/\/fertility.com.gt\/#website","url":"https:\/\/fertility.com.gt\/","name":"Fertility Guatemala","description":"","publisher":{"@id":"https:\/\/fertility.com.gt\/#organization"},"potentialAction":[{"@type":"SearchAction","target":{"@type":"EntryPoint","urlTemplate":"https:\/\/fertility.com.gt\/?s={search_term_string}"},"query-input":{"@type":"PropertyValueSpecification","valueRequired":true,"valueName":"search_term_string"}}],"inLanguage":"es"},{"@type":"Organization","@id":"https:\/\/fertility.com.gt\/#organization","name":"Fertility Guatemala","url":"https:\/\/fertility.com.gt\/","logo":{"@type":"ImageObject","inLanguage":"es","@id":"https:\/\/fertility.com.gt\/#\/schema\/logo\/image\/","url":"https:\/\/i0.wp.com\/fertility.com.gt\/wp-content\/uploads\/2025\/10\/Fertility_Logo_RGB_3-scaled.png?fit=2560%2C1024&ssl=1","contentUrl":"https:\/\/i0.wp.com\/fertility.com.gt\/wp-content\/uploads\/2025\/10\/Fertility_Logo_RGB_3-scaled.png?fit=2560%2C1024&ssl=1","width":2560,"height":1024,"caption":"Fertility Guatemala"},"image":{"@id":"https:\/\/fertility.com.gt\/#\/schema\/logo\/image\/"}}]}},"jetpack_sharing_enabled":true,"_links":{"self":[{"href":"https:\/\/fertility.com.gt\/es\/wp-json\/wp\/v2\/pages\/586","targetHints":{"allow":["GET"]}}],"collection":[{"href":"https:\/\/fertility.com.gt\/es\/wp-json\/wp\/v2\/pages"}],"about":[{"href":"https:\/\/fertility.com.gt\/es\/wp-json\/wp\/v2\/types\/page"}],"author":[{"embeddable":true,"href":"https:\/\/fertility.com.gt\/es\/wp-json\/wp\/v2\/users\/1"}],"replies":[{"embeddable":true,"href":"https:\/\/fertility.com.gt\/es\/wp-json\/wp\/v2\/comments?post=586"}],"version-history":[{"count":1,"href":"https:\/\/fertility.com.gt\/es\/wp-json\/wp\/v2\/pages\/586\/revisions"}],"predecessor-version":[{"id":587,"href":"https:\/\/fertility.com.gt\/es\/wp-json\/wp\/v2\/pages\/586\/revisions\/587"}],"wp:attachment":[{"href":"https:\/\/fertility.com.gt\/es\/wp-json\/wp\/v2\/media?parent=586"}],"curies":[{"name":"wp","href":"https:\/\/api.w.org\/{rel}","templated":true}]}}