{"id":752,"date":"2026-01-22T13:56:43","date_gmt":"2026-01-22T13:56:43","guid":{"rendered":"https:\/\/fertility.com.gt\/?page_id=752"},"modified":"2026-01-22T13:56:44","modified_gmt":"2026-01-22T13:56:44","slug":"ivm","status":"publish","type":"page","link":"https:\/\/fertility.com.gt\/en\/ivm\/","title":{"rendered":"IVM"},"content":{"rendered":"<h1 class=\"wp-block-heading has-text-align-center\">Maduraci\u00f3n in Vitro de \u00f3vulos<\/h1>\n\n\n\n<p class=\"\">La Maduraci\u00f3n In Vitro (IVM) es una alternativa de reproducci\u00f3n asistida en la que<br>los \u00f3vulos se recuperan cuando a\u00fan son inmaduros y se terminan de madurar en<br>el laboratorio, en un ambiente cuidadosamente controlado. Esta t\u00e9cnica evita o<br>reduce el uso de medicamentos estimuladores, lo que la convierte en una opci\u00f3n<br>m\u00e1s suave para el cuerpo.<br>En IVM, los fol\u00edculos peque\u00f1os se aspiran con una estimulaci\u00f3n m\u00ednima o incluso<br>sin estimulaci\u00f3n. Los \u00f3vulos inmaduros se colocan en medios especiales que<br>imitan las se\u00f1ales del ovario, permitiendo que completen su proceso de<br>maduraci\u00f3n fuera del cuerpo. Una vez maduros, pueden inseminarse o utilizarse<br>para ICSI, igual que en un ciclo convencional.<br>La IVM puede ser especialmente \u00fatil en:<br>\uf0b7 Pacientes con alto riesgo de hiperestimulaci\u00f3n ov\u00e1rica<br>\uf0b7 Mujeres con s\u00edndrome de ovario poliqu\u00edstico<br>\uf0b7 Pacientes que no pueden recibir estimulaci\u00f3n hormonal intensa<br>\uf0b7 Situaciones cl\u00ednicas donde se requiere obtener \u00f3vulos con rapidez<br>\uf0b7 Pacientes en donde la tasa de \u00f3vulos inmaduros es alta<\/p>\n\n\n\n<p class=\"\">Aunque las tasas de \u00e9xito pueden ser menores que en FIV convencional, la IVM<br>ofrece una alternativa segura, menos invasiva y con menor carga hormonal,<br>manteniendo la posibilidad real de lograr un embarazo.<br>En Fertility Guatemala combinamos tecnolog\u00eda avanzada, cultivo especializado y<br>un enfoque humano para acompa\u00f1ar cada paso del proceso. Nuestro objetivo es<br>brindar opciones personalizadas que respeten la salud, los tiempos y las<br>necesidades de cada paciente, siempre buscando la mejor oportunidad de obtener<br>un beb\u00e9 sano en casa.<\/p>","protected":false},"excerpt":{"rendered":"<p>Maduraci\u00f3n in Vitro de \u00f3vulos La Maduraci\u00f3n In Vitro (IVM) es una alternativa de reproducci\u00f3n asistida en la quelos \u00f3vulos se recuperan cuando a\u00fan son inmaduros y se terminan de madurar enel laboratorio, en un ambiente cuidadosamente controlado. Esta t\u00e9cnica evita oreduce el uso de medicamentos estimuladores, lo que la convierte en una opci\u00f3nm\u00e1s suave [&#8230;]\n","protected":false},"author":1,"featured_media":0,"parent":0,"menu_order":0,"comment_status":"closed","ping_status":"closed","template":"","meta":{"nf_dc_page":"","om_disable_all_campaigns":false,"_monsterinsights_skip_tracking":false,"_monsterinsights_sitenote_active":false,"_monsterinsights_sitenote_note":"","_monsterinsights_sitenote_category":0,"_joinchat":[],"footnotes":""},"class_list":["post-752","page","type-page","status-publish","hentry"],"yoast_head":"<!-- This site is optimized with the Yoast SEO plugin v27.4 - https:\/\/yoast.com\/product\/yoast-seo-wordpress\/ -->\n<title>IVM - Fertility Guatemala<\/title>\n<meta name=\"robots\" content=\"index, follow, max-snippet:-1, max-image-preview:large, max-video-preview:-1\" \/>\n<link rel=\"canonical\" href=\"https:\/\/fertility.com.gt\/en\/ivm\/\" \/>\n<meta property=\"og:locale\" content=\"en_US\" \/>\n<meta property=\"og:type\" content=\"article\" \/>\n<meta property=\"og:title\" content=\"IVM - Fertility Guatemala\" \/>\n<meta property=\"og:description\" content=\"Maduraci\u00f3n in Vitro de \u00f3vulos La Maduraci\u00f3n In Vitro (IVM) es una alternativa de reproducci\u00f3n asistida en la quelos \u00f3vulos se recuperan cuando a\u00fan son inmaduros y se terminan de madurar enel laboratorio, en un ambiente cuidadosamente controlado. Esta t\u00e9cnica evita oreduce el uso de medicamentos estimuladores, lo que la convierte en una opci\u00f3nm\u00e1s suave [...]\" \/>\n<meta property=\"og:url\" content=\"https:\/\/fertility.com.gt\/en\/ivm\/\" \/>\n<meta property=\"og:site_name\" content=\"Fertility Guatemala\" \/>\n<meta property=\"article:modified_time\" content=\"2026-01-22T13:56:44+00:00\" \/>\n<meta name=\"twitter:card\" content=\"summary_large_image\" \/>\n<meta name=\"twitter:label1\" content=\"Est. reading time\" \/>\n\t<meta name=\"twitter:data1\" content=\"2 minutes\" \/>\n<script type=\"application\/ld+json\" class=\"yoast-schema-graph\">{\"@context\":\"https:\\\/\\\/schema.org\",\"@graph\":[{\"@type\":\"WebPage\",\"@id\":\"https:\\\/\\\/fertility.com.gt\\\/ivm\\\/\",\"url\":\"https:\\\/\\\/fertility.com.gt\\\/ivm\\\/\",\"name\":\"IVM - Fertility Guatemala\",\"isPartOf\":{\"@id\":\"https:\\\/\\\/fertility.com.gt\\\/#website\"},\"datePublished\":\"2026-01-22T13:56:43+00:00\",\"dateModified\":\"2026-01-22T13:56:44+00:00\",\"breadcrumb\":{\"@id\":\"https:\\\/\\\/fertility.com.gt\\\/ivm\\\/#breadcrumb\"},\"inLanguage\":\"en-US\",\"potentialAction\":[{\"@type\":\"ReadAction\",\"target\":[\"https:\\\/\\\/fertility.com.gt\\\/ivm\\\/\"]}]},{\"@type\":\"BreadcrumbList\",\"@id\":\"https:\\\/\\\/fertility.com.gt\\\/ivm\\\/#breadcrumb\",\"itemListElement\":[{\"@type\":\"ListItem\",\"position\":1,\"name\":\"Home\",\"item\":\"https:\\\/\\\/fertility.com.gt\\\/\"},{\"@type\":\"ListItem\",\"position\":2,\"name\":\"IVM\"}]},{\"@type\":\"WebSite\",\"@id\":\"https:\\\/\\\/fertility.com.gt\\\/#website\",\"url\":\"https:\\\/\\\/fertility.com.gt\\\/\",\"name\":\"Fertility Guatemala\",\"description\":\"\",\"publisher\":{\"@id\":\"https:\\\/\\\/fertility.com.gt\\\/#organization\"},\"potentialAction\":[{\"@type\":\"SearchAction\",\"target\":{\"@type\":\"EntryPoint\",\"urlTemplate\":\"https:\\\/\\\/fertility.com.gt\\\/?s={search_term_string}\"},\"query-input\":{\"@type\":\"PropertyValueSpecification\",\"valueRequired\":true,\"valueName\":\"search_term_string\"}}],\"inLanguage\":\"en-US\"},{\"@type\":\"Organization\",\"@id\":\"https:\\\/\\\/fertility.com.gt\\\/#organization\",\"name\":\"Fertility Guatemala\",\"url\":\"https:\\\/\\\/fertility.com.gt\\\/\",\"logo\":{\"@type\":\"ImageObject\",\"inLanguage\":\"en-US\",\"@id\":\"https:\\\/\\\/fertility.com.gt\\\/#\\\/schema\\\/logo\\\/image\\\/\",\"url\":\"https:\\\/\\\/i0.wp.com\\\/fertility.com.gt\\\/wp-content\\\/uploads\\\/2025\\\/10\\\/Fertility_Logo_RGB_3-scaled.png?fit=2560%2C1024&ssl=1\",\"contentUrl\":\"https:\\\/\\\/i0.wp.com\\\/fertility.com.gt\\\/wp-content\\\/uploads\\\/2025\\\/10\\\/Fertility_Logo_RGB_3-scaled.png?fit=2560%2C1024&ssl=1\",\"width\":2560,\"height\":1024,\"caption\":\"Fertility Guatemala\"},\"image\":{\"@id\":\"https:\\\/\\\/fertility.com.gt\\\/#\\\/schema\\\/logo\\\/image\\\/\"}}]}<\/script>\n<!-- \/ Yoast SEO plugin. -->","yoast_head_json":{"title":"IVM - Fertility Guatemala","robots":{"index":"index","follow":"follow","max-snippet":"max-snippet:-1","max-image-preview":"max-image-preview:large","max-video-preview":"max-video-preview:-1"},"canonical":"https:\/\/fertility.com.gt\/en\/ivm\/","og_locale":"en_US","og_type":"article","og_title":"IVM - Fertility Guatemala","og_description":"Maduraci\u00f3n in Vitro de \u00f3vulos La Maduraci\u00f3n In Vitro (IVM) es una alternativa de reproducci\u00f3n asistida en la quelos \u00f3vulos se recuperan cuando a\u00fan son inmaduros y se terminan de madurar enel laboratorio, en un ambiente cuidadosamente controlado. Esta t\u00e9cnica evita oreduce el uso de medicamentos estimuladores, lo que la convierte en una opci\u00f3nm\u00e1s suave [...]","og_url":"https:\/\/fertility.com.gt\/en\/ivm\/","og_site_name":"Fertility Guatemala","article_modified_time":"2026-01-22T13:56:44+00:00","twitter_card":"summary_large_image","twitter_misc":{"Est. reading time":"2 minutes"},"schema":{"@context":"https:\/\/schema.org","@graph":[{"@type":"WebPage","@id":"https:\/\/fertility.com.gt\/ivm\/","url":"https:\/\/fertility.com.gt\/ivm\/","name":"IVM - Fertility Guatemala","isPartOf":{"@id":"https:\/\/fertility.com.gt\/#website"},"datePublished":"2026-01-22T13:56:43+00:00","dateModified":"2026-01-22T13:56:44+00:00","breadcrumb":{"@id":"https:\/\/fertility.com.gt\/ivm\/#breadcrumb"},"inLanguage":"en-US","potentialAction":[{"@type":"ReadAction","target":["https:\/\/fertility.com.gt\/ivm\/"]}]},{"@type":"BreadcrumbList","@id":"https:\/\/fertility.com.gt\/ivm\/#breadcrumb","itemListElement":[{"@type":"ListItem","position":1,"name":"Home","item":"https:\/\/fertility.com.gt\/"},{"@type":"ListItem","position":2,"name":"IVM"}]},{"@type":"WebSite","@id":"https:\/\/fertility.com.gt\/#website","url":"https:\/\/fertility.com.gt\/","name":"Fertility Guatemala","description":"","publisher":{"@id":"https:\/\/fertility.com.gt\/#organization"},"potentialAction":[{"@type":"SearchAction","target":{"@type":"EntryPoint","urlTemplate":"https:\/\/fertility.com.gt\/?s={search_term_string}"},"query-input":{"@type":"PropertyValueSpecification","valueRequired":true,"valueName":"search_term_string"}}],"inLanguage":"en-US"},{"@type":"Organization","@id":"https:\/\/fertility.com.gt\/#organization","name":"Fertility Guatemala","url":"https:\/\/fertility.com.gt\/","logo":{"@type":"ImageObject","inLanguage":"en-US","@id":"https:\/\/fertility.com.gt\/#\/schema\/logo\/image\/","url":"https:\/\/i0.wp.com\/fertility.com.gt\/wp-content\/uploads\/2025\/10\/Fertility_Logo_RGB_3-scaled.png?fit=2560%2C1024&ssl=1","contentUrl":"https:\/\/i0.wp.com\/fertility.com.gt\/wp-content\/uploads\/2025\/10\/Fertility_Logo_RGB_3-scaled.png?fit=2560%2C1024&ssl=1","width":2560,"height":1024,"caption":"Fertility Guatemala"},"image":{"@id":"https:\/\/fertility.com.gt\/#\/schema\/logo\/image\/"}}]}},"jetpack_sharing_enabled":true,"_links":{"self":[{"href":"https:\/\/fertility.com.gt\/en\/wp-json\/wp\/v2\/pages\/752","targetHints":{"allow":["GET"]}}],"collection":[{"href":"https:\/\/fertility.com.gt\/en\/wp-json\/wp\/v2\/pages"}],"about":[{"href":"https:\/\/fertility.com.gt\/en\/wp-json\/wp\/v2\/types\/page"}],"author":[{"embeddable":true,"href":"https:\/\/fertility.com.gt\/en\/wp-json\/wp\/v2\/users\/1"}],"replies":[{"embeddable":true,"href":"https:\/\/fertility.com.gt\/en\/wp-json\/wp\/v2\/comments?post=752"}],"version-history":[{"count":1,"href":"https:\/\/fertility.com.gt\/en\/wp-json\/wp\/v2\/pages\/752\/revisions"}],"predecessor-version":[{"id":753,"href":"https:\/\/fertility.com.gt\/en\/wp-json\/wp\/v2\/pages\/752\/revisions\/753"}],"wp:attachment":[{"href":"https:\/\/fertility.com.gt\/en\/wp-json\/wp\/v2\/media?parent=752"}],"curies":[{"name":"wp","href":"https:\/\/api.w.org\/{rel}","templated":true}]}}