{"id":732,"date":"2025-12-08T05:46:37","date_gmt":"2025-12-08T05:46:37","guid":{"rendered":"https:\/\/fertility.com.gt\/?page_id=732"},"modified":"2026-01-29T16:22:39","modified_gmt":"2026-01-29T16:22:39","slug":"zymot","status":"publish","type":"page","link":"https:\/\/fertility.com.gt\/en\/zymot\/","title":{"rendered":"Zym\u014dt"},"content":{"rendered":"<h1 class=\"wp-block-heading has-text-align-center\"><strong>Selecci\u00f3n Avanzada de Espermatozoides por Microfluidos<\/strong><\/h1>\n\n\n\n<p class=\"justificado\">Es una t\u00e9cnica innovadora para la selecci\u00f3n esperm\u00e1tica antes de la IIU, FIV, ICSI y PICSI. Utiliza la tecnolog\u00eda de microfluidos, que imita las condiciones naturales del tracto reproductor femenino. Permitiendo seleccionar espermatozoides con mejor motiliad, morfolog\u00eda e integridad del ADN de forma completamente fisiol\u00f3gica y sin centrifugaci\u00f3n. Disminuye el estr\u00e9s oxidativo y logra una muestra fisiol\u00f3gicamente m\u00e1s competente. Indicado para parejas con factor masculino moderado a severo, fallas en fecundaci\u00f3n, baja tasa de blastulaci\u00f3n, fallas de implantaci\u00f3n, p\u00e9rdida gestacional recurrentes y subfertilidad sin causa aparente. Debe emplearse de manera personalizada, de acuerdo con el diagn\u00f3stico del paciente masculino y el tipo de tratamiento m\u00e1s adecuado para la pareja.<\/p>\n\n\n\n<ol start=\"2\" class=\"wp-block-list\">\n<li id=\"justificado\" class=\"justificado\"><strong>Inmunolog\u00eda Reproductiva<\/strong><br><br><strong>a. Terapias inmunomoduladores para fallas de implantaci\u00f3n recurrente<br>(FIR) y p\u00e9rdida gestacional recurrente (PGR)<\/strong>.<br><br>El embarazo es un estado fisiol\u00f3gico en el que el sistema inmunol\u00f3gico de la madre tiene que reconocer al embri\u00f3n, que porta la mitad una gen\u00e9tica discordante, y contestar para que el embarazo evolucione favorablemente. En este momento tan importante, se da un equilibrio inmunol\u00f3gico pro y antiinflamatorio, para que el trofectodermo del embri\u00f3n pueda adherirse e invadir el endometrio para formar la placenta, sin que se produzca una falla en la implantaci\u00f3n o una p\u00e9rdida temprana. Por lo tanto, el proceso de implantaci\u00f3n y desarrollo del embarazo dependen de un delicado equilibrio que permita la tolerancia entre dos individuos inmunol\u00f3gicamente diferentes. Por lo que hoy podemos afirmar que tanto la implantaci\u00f3n, como el lograr un embarazo en curso, son tambi\u00e9n fen\u00f3menos inmunol\u00f3gicos en los que es fundamental la participaci\u00f3n del sistema inmune, siendo el embarazo un estado de inmunotolerancia transitoria.<br><br>Se ha propuesto que el incorrecto funcionamiento del sistema inmunol\u00f3gico de la madre podr\u00eda ser una posible causa de dos de las situaciones que vemos en la consulta de medicina reproductiva con frecuencia: el fallo recurrente de implantaci\u00f3n (ausencia de gestaci\u00f3n tras al menos 2-3 transferencias de embriones cromos\u00f3micamente normales) y la p\u00e9rdida gestacional recurrente<br>(haber sufrido dos o m\u00e1s abortos). No obstante, es una hip\u00f3tesis que hoy en d\u00eda se encuentra en investigaci\u00f3n.<br><br>En algunos pacientes, el sistema inmunol\u00f3gico se mantiene en alerta alta y dificulta que el embri\u00f3n se implante con tranquilidad. Para estos casos, existen terapias que ayudan a regular la respuesta inmune, bajar la inflamaci\u00f3n y crear un ambiente uterino m\u00e1s receptivo. Tres herramientas importantes son filgrastim, tacrolimus e intral\u00edpidos.<\/li>\n<\/ol>","protected":false},"excerpt":{"rendered":"<p>Selecci\u00f3n Avanzada de Espermatozoides por Microfluidos Es una t\u00e9cnica innovadora para la selecci\u00f3n esperm\u00e1tica antes de la IIU, FIV, ICSI y PICSI. Utiliza la tecnolog\u00eda de microfluidos, que imita las condiciones naturales del tracto reproductor femenino. Permitiendo seleccionar espermatozoides con mejor motiliad, morfolog\u00eda e integridad del ADN de forma completamente fisiol\u00f3gica y sin centrifugaci\u00f3n. Disminuye [&#8230;]\n","protected":false},"author":1,"featured_media":0,"parent":0,"menu_order":0,"comment_status":"closed","ping_status":"closed","template":"","meta":{"nf_dc_page":"","om_disable_all_campaigns":false,"_monsterinsights_skip_tracking":false,"_monsterinsights_sitenote_active":false,"_monsterinsights_sitenote_note":"","_monsterinsights_sitenote_category":0,"_joinchat":[],"footnotes":""},"class_list":["post-732","page","type-page","status-publish","hentry"],"yoast_head":"<!-- This site is optimized with the Yoast SEO plugin v27.4 - https:\/\/yoast.com\/product\/yoast-seo-wordpress\/ -->\n<title>Zym\u014dt - Fertility Guatemala<\/title>\n<meta name=\"robots\" content=\"index, follow, max-snippet:-1, max-image-preview:large, max-video-preview:-1\" \/>\n<link rel=\"canonical\" href=\"https:\/\/fertility.com.gt\/en\/zymot\/\" \/>\n<meta property=\"og:locale\" content=\"en_US\" \/>\n<meta property=\"og:type\" content=\"article\" \/>\n<meta property=\"og:title\" content=\"Zym\u014dt - Fertility Guatemala\" \/>\n<meta property=\"og:description\" content=\"Selecci\u00f3n Avanzada de Espermatozoides por Microfluidos Es una t\u00e9cnica innovadora para la selecci\u00f3n esperm\u00e1tica antes de la IIU, FIV, ICSI y PICSI. Utiliza la tecnolog\u00eda de microfluidos, que imita las condiciones naturales del tracto reproductor femenino. Permitiendo seleccionar espermatozoides con mejor motiliad, morfolog\u00eda e integridad del ADN de forma completamente fisiol\u00f3gica y sin centrifugaci\u00f3n. Disminuye [...]\" \/>\n<meta property=\"og:url\" content=\"https:\/\/fertility.com.gt\/en\/zymot\/\" \/>\n<meta property=\"og:site_name\" content=\"Fertility Guatemala\" \/>\n<meta property=\"article:modified_time\" content=\"2026-01-29T16:22:39+00:00\" \/>\n<meta name=\"twitter:card\" content=\"summary_large_image\" \/>\n<meta name=\"twitter:label1\" content=\"Est. reading time\" \/>\n\t<meta name=\"twitter:data1\" content=\"2 minutes\" \/>\n<script type=\"application\/ld+json\" class=\"yoast-schema-graph\">{\"@context\":\"https:\\\/\\\/schema.org\",\"@graph\":[{\"@type\":\"WebPage\",\"@id\":\"https:\\\/\\\/fertility.com.gt\\\/zymot\\\/\",\"url\":\"https:\\\/\\\/fertility.com.gt\\\/zymot\\\/\",\"name\":\"Zym\u014dt - Fertility Guatemala\",\"isPartOf\":{\"@id\":\"https:\\\/\\\/fertility.com.gt\\\/#website\"},\"datePublished\":\"2025-12-08T05:46:37+00:00\",\"dateModified\":\"2026-01-29T16:22:39+00:00\",\"breadcrumb\":{\"@id\":\"https:\\\/\\\/fertility.com.gt\\\/zymot\\\/#breadcrumb\"},\"inLanguage\":\"en-US\",\"potentialAction\":[{\"@type\":\"ReadAction\",\"target\":[\"https:\\\/\\\/fertility.com.gt\\\/zymot\\\/\"]}]},{\"@type\":\"BreadcrumbList\",\"@id\":\"https:\\\/\\\/fertility.com.gt\\\/zymot\\\/#breadcrumb\",\"itemListElement\":[{\"@type\":\"ListItem\",\"position\":1,\"name\":\"Home\",\"item\":\"https:\\\/\\\/fertility.com.gt\\\/\"},{\"@type\":\"ListItem\",\"position\":2,\"name\":\"Zym\u014dt\"}]},{\"@type\":\"WebSite\",\"@id\":\"https:\\\/\\\/fertility.com.gt\\\/#website\",\"url\":\"https:\\\/\\\/fertility.com.gt\\\/\",\"name\":\"Fertility Guatemala\",\"description\":\"\",\"publisher\":{\"@id\":\"https:\\\/\\\/fertility.com.gt\\\/#organization\"},\"potentialAction\":[{\"@type\":\"SearchAction\",\"target\":{\"@type\":\"EntryPoint\",\"urlTemplate\":\"https:\\\/\\\/fertility.com.gt\\\/?s={search_term_string}\"},\"query-input\":{\"@type\":\"PropertyValueSpecification\",\"valueRequired\":true,\"valueName\":\"search_term_string\"}}],\"inLanguage\":\"en-US\"},{\"@type\":\"Organization\",\"@id\":\"https:\\\/\\\/fertility.com.gt\\\/#organization\",\"name\":\"Fertility Guatemala\",\"url\":\"https:\\\/\\\/fertility.com.gt\\\/\",\"logo\":{\"@type\":\"ImageObject\",\"inLanguage\":\"en-US\",\"@id\":\"https:\\\/\\\/fertility.com.gt\\\/#\\\/schema\\\/logo\\\/image\\\/\",\"url\":\"https:\\\/\\\/i0.wp.com\\\/fertility.com.gt\\\/wp-content\\\/uploads\\\/2025\\\/10\\\/Fertility_Logo_RGB_3-scaled.png?fit=2560%2C1024&ssl=1\",\"contentUrl\":\"https:\\\/\\\/i0.wp.com\\\/fertility.com.gt\\\/wp-content\\\/uploads\\\/2025\\\/10\\\/Fertility_Logo_RGB_3-scaled.png?fit=2560%2C1024&ssl=1\",\"width\":2560,\"height\":1024,\"caption\":\"Fertility Guatemala\"},\"image\":{\"@id\":\"https:\\\/\\\/fertility.com.gt\\\/#\\\/schema\\\/logo\\\/image\\\/\"}}]}<\/script>\n<!-- \/ Yoast SEO plugin. -->","yoast_head_json":{"title":"Zym\u014dt - Fertility Guatemala","robots":{"index":"index","follow":"follow","max-snippet":"max-snippet:-1","max-image-preview":"max-image-preview:large","max-video-preview":"max-video-preview:-1"},"canonical":"https:\/\/fertility.com.gt\/en\/zymot\/","og_locale":"en_US","og_type":"article","og_title":"Zym\u014dt - Fertility Guatemala","og_description":"Selecci\u00f3n Avanzada de Espermatozoides por Microfluidos Es una t\u00e9cnica innovadora para la selecci\u00f3n esperm\u00e1tica antes de la IIU, FIV, ICSI y PICSI. Utiliza la tecnolog\u00eda de microfluidos, que imita las condiciones naturales del tracto reproductor femenino. Permitiendo seleccionar espermatozoides con mejor motiliad, morfolog\u00eda e integridad del ADN de forma completamente fisiol\u00f3gica y sin centrifugaci\u00f3n. Disminuye [...]","og_url":"https:\/\/fertility.com.gt\/en\/zymot\/","og_site_name":"Fertility Guatemala","article_modified_time":"2026-01-29T16:22:39+00:00","twitter_card":"summary_large_image","twitter_misc":{"Est. reading time":"2 minutes"},"schema":{"@context":"https:\/\/schema.org","@graph":[{"@type":"WebPage","@id":"https:\/\/fertility.com.gt\/zymot\/","url":"https:\/\/fertility.com.gt\/zymot\/","name":"Zym\u014dt - Fertility Guatemala","isPartOf":{"@id":"https:\/\/fertility.com.gt\/#website"},"datePublished":"2025-12-08T05:46:37+00:00","dateModified":"2026-01-29T16:22:39+00:00","breadcrumb":{"@id":"https:\/\/fertility.com.gt\/zymot\/#breadcrumb"},"inLanguage":"en-US","potentialAction":[{"@type":"ReadAction","target":["https:\/\/fertility.com.gt\/zymot\/"]}]},{"@type":"BreadcrumbList","@id":"https:\/\/fertility.com.gt\/zymot\/#breadcrumb","itemListElement":[{"@type":"ListItem","position":1,"name":"Home","item":"https:\/\/fertility.com.gt\/"},{"@type":"ListItem","position":2,"name":"Zym\u014dt"}]},{"@type":"WebSite","@id":"https:\/\/fertility.com.gt\/#website","url":"https:\/\/fertility.com.gt\/","name":"Fertility Guatemala","description":"","publisher":{"@id":"https:\/\/fertility.com.gt\/#organization"},"potentialAction":[{"@type":"SearchAction","target":{"@type":"EntryPoint","urlTemplate":"https:\/\/fertility.com.gt\/?s={search_term_string}"},"query-input":{"@type":"PropertyValueSpecification","valueRequired":true,"valueName":"search_term_string"}}],"inLanguage":"en-US"},{"@type":"Organization","@id":"https:\/\/fertility.com.gt\/#organization","name":"Fertility Guatemala","url":"https:\/\/fertility.com.gt\/","logo":{"@type":"ImageObject","inLanguage":"en-US","@id":"https:\/\/fertility.com.gt\/#\/schema\/logo\/image\/","url":"https:\/\/i0.wp.com\/fertility.com.gt\/wp-content\/uploads\/2025\/10\/Fertility_Logo_RGB_3-scaled.png?fit=2560%2C1024&ssl=1","contentUrl":"https:\/\/i0.wp.com\/fertility.com.gt\/wp-content\/uploads\/2025\/10\/Fertility_Logo_RGB_3-scaled.png?fit=2560%2C1024&ssl=1","width":2560,"height":1024,"caption":"Fertility Guatemala"},"image":{"@id":"https:\/\/fertility.com.gt\/#\/schema\/logo\/image\/"}}]}},"jetpack_sharing_enabled":true,"_links":{"self":[{"href":"https:\/\/fertility.com.gt\/en\/wp-json\/wp\/v2\/pages\/732","targetHints":{"allow":["GET"]}}],"collection":[{"href":"https:\/\/fertility.com.gt\/en\/wp-json\/wp\/v2\/pages"}],"about":[{"href":"https:\/\/fertility.com.gt\/en\/wp-json\/wp\/v2\/types\/page"}],"author":[{"embeddable":true,"href":"https:\/\/fertility.com.gt\/en\/wp-json\/wp\/v2\/users\/1"}],"replies":[{"embeddable":true,"href":"https:\/\/fertility.com.gt\/en\/wp-json\/wp\/v2\/comments?post=732"}],"version-history":[{"count":4,"href":"https:\/\/fertility.com.gt\/en\/wp-json\/wp\/v2\/pages\/732\/revisions"}],"predecessor-version":[{"id":766,"href":"https:\/\/fertility.com.gt\/en\/wp-json\/wp\/v2\/pages\/732\/revisions\/766"}],"wp:attachment":[{"href":"https:\/\/fertility.com.gt\/en\/wp-json\/wp\/v2\/media?parent=732"}],"curies":[{"name":"wp","href":"https:\/\/api.w.org\/{rel}","templated":true}]}}