{"id":719,"date":"2025-12-08T05:37:48","date_gmt":"2025-12-08T05:37:48","guid":{"rendered":"https:\/\/fertility.com.gt\/?page_id=719"},"modified":"2026-04-22T16:26:52","modified_gmt":"2026-04-22T16:26:52","slug":"donacion-de-espermatozoides","status":"publish","type":"page","link":"https:\/\/fertility.com.gt\/en\/donacion-de-espermatozoides\/","title":{"rendered":"Donaci\u00f3n de espermatozoides\u00a0"},"content":{"rendered":"<!DOCTYPE html>\n<html lang=\"es\">\n<head>\n    <meta charset=\"UTF-8\">\n    <meta name=\"viewport\" content=\"width=device-width, initial-scale=1.0\">\n    <title>Donaci\u00f3n de espermatozoides<\/title>\n    <style>\n        body{ \n            margin:0; \n            font-family: Georgia, 'Times New Roman', serif; \n            background:#f4f6f9; \n            color:#222; \n        }\n        .blog-container{ \n            max-width:900px; \n            margin:80px auto; \n            padding:0 20px; \n        }\n        \/* T\u00cdTULO ESTILO REVISTA *\/\n        .blog-container h2{ \n            font-size:34px; \n            margin-bottom:40px; \n            font-weight:600; \n            text-align:center; \n            position:relative; \n            line-height: 1.2;\n        }\n        .blog-container h2::after{ \n            content:\"\"; \n            width:80px; \n            height:3px; \n            background:#1f3c88; \n            display:block; \n            margin:15px auto 0; \n            border-radius:2px; \n        }\n        .blog-container p{ \n            font-size:18px; \n            line-height:1.9; \n            text-align:justify; \n            margin-bottom:25px; \n        }\n        \/* IM\u00c1GENES DISTRIBUIDAS *\/\n        .img-left{ \n            float:left; \n            width:350px; \n            margin:10px 30px 20px 0; \n            border-radius:12px; \n            box-shadow:0 10px 30px rgba(0,0,0,0.12); \n        }\n        .img-right{ \n            float:right; \n            width:350px; \n            margin:10px 0 20px 30px; \n            border-radius:12px; \n            box-shadow:0 10px 30px rgba(0,0,0,0.12); \n        }\n        \/* Limpiar float *\/\n        .clear{ \n            clear:both; \n        }\n        \/* RESPONSIVE *\/\n        @media (max-width:768px){\n            .blog-container{ margin:50px auto; }\n            .blog-container h2{ font-size:28px; }\n            .blog-container p{ font-size:16px; }\n            .img-left, .img-right{ \n                float:none; \n                width:100%; \n                margin:0 0 20px 0; \n            }\n        }\n    <\/style>\n<\/head>\n<body>\n\n<section class=\"blog-container\">\n    <h2>Donaci\u00f3n de espermatozoides<\/h2>\n\n    <p>\n        Es una t\u00e9cnica que busca mejorar las tasas de embarazo en parejas donde la obtenci\u00f3n de espermatozoides no ha sido exitosa y se entrelaza con otros factores femeninos como edad materna avanzada, endometriosis severa, obstrucci\u00f3n bilateral de trompas de Falopio, entre otros.\n    <\/p>\n\n    <img data-recalc-dims=\"1\" decoding=\"async\" loading=\"lazy\" src=\"https:\/\/i0.wp.com\/fertility.com.gt\/wp-content\/uploads\/2026\/04\/D758925-scaled.jpg?w=1020&#038;ssl=1\" alt=\"Muestra de donante\" class=\"img-right\">\n\n    <p>\n        Esta t\u00e9cnica est\u00e1 especialmente indicada en mujeres solteras con deseo de embarazo, o pacientes con factores masculinos severos, como la azoospermia obstructiva diagnosticada por medio de una biopsia testicular. La tasa de embarazo para este procedimiento oscila entre el 50-65%, dependiendo de la edad de la paciente y otros factores cl\u00ednicos.\n    <\/p>\n\n    <img data-recalc-dims=\"1\" decoding=\"async\" loading=\"lazy\" src=\"https:\/\/i0.wp.com\/fertility.com.gt\/wp-content\/uploads\/2026\/04\/D758578-scaled.jpg?w=1020&#038;ssl=1\" alt=\"Proceso de laboratorio\" class=\"img-left\">\n\n    <p>\n        El procedimiento sigue los pasos de una FIV convencional. El d\u00eda de la aspiraci\u00f3n folicular se procede a descongelar la muestra previamente seleccionada o se prepara la muestra de un donante privado, seleccionando y capacitando la mayor cantidad de espermatozoides motiles progresivos. \n    <\/p>\n\n    <p>\n        Al estar lista la muestra, se realiza la inseminaci\u00f3n de los \u00f3vulos en el laboratorio. Ese mismo d\u00eda, la paciente inicia el soporte hormonal con progesterona. Cinco d\u00edas despu\u00e9s se lleva a cabo la transferencia de embriones o la vitrificaci\u00f3n de blastocistos. Tras el procedimiento, la paciente retoma su vida normal y a los 10 d\u00edas se realiza la prueba de embarazo definitiva.\n    <\/p>\n\n    <div class=\"clear\"><\/div>\n<\/section>\n\n<\/body>\n<\/html>","protected":false},"excerpt":{"rendered":"<p>Donaci\u00f3n de espermatozoides Donaci\u00f3n de espermatozoides Es una t\u00e9cnica que busca mejorar las tasas de embarazo en parejas donde la obtenci\u00f3n de espermatozoides no ha sido exitosa y se entrelaza con otros factores femeninos como edad materna avanzada, endometriosis severa, obstrucci\u00f3n bilateral de trompas de Falopio, entre otros. Esta t\u00e9cnica est\u00e1 especialmente indicada en mujeres [&#8230;]\n","protected":false},"author":1,"featured_media":0,"parent":0,"menu_order":0,"comment_status":"closed","ping_status":"closed","template":"","meta":{"nf_dc_page":"","om_disable_all_campaigns":false,"_monsterinsights_skip_tracking":false,"_monsterinsights_sitenote_active":false,"_monsterinsights_sitenote_note":"","_monsterinsights_sitenote_category":0,"_joinchat":[],"footnotes":""},"class_list":["post-719","page","type-page","status-publish","hentry"],"yoast_head":"<!-- This site is optimized with the Yoast SEO plugin v27.4 - https:\/\/yoast.com\/product\/yoast-seo-wordpress\/ -->\n<title>Donaci\u00f3n de espermatozoides\u00a0 - Fertility Guatemala<\/title>\n<meta name=\"robots\" content=\"index, follow, max-snippet:-1, max-image-preview:large, max-video-preview:-1\" \/>\n<link rel=\"canonical\" href=\"https:\/\/fertility.com.gt\/en\/donacion-de-espermatozoides\/\" \/>\n<meta property=\"og:locale\" content=\"en_US\" \/>\n<meta property=\"og:type\" content=\"article\" \/>\n<meta property=\"og:title\" content=\"Donaci\u00f3n de espermatozoides\u00a0 - Fertility Guatemala\" \/>\n<meta property=\"og:description\" content=\"Donaci\u00f3n de espermatozoides Donaci\u00f3n de espermatozoides Es una t\u00e9cnica que busca mejorar las tasas de embarazo en parejas donde la obtenci\u00f3n de espermatozoides no ha sido exitosa y se entrelaza con otros factores femeninos como edad materna avanzada, endometriosis severa, obstrucci\u00f3n bilateral de trompas de Falopio, entre otros. Esta t\u00e9cnica est\u00e1 especialmente indicada en mujeres [...]\" \/>\n<meta property=\"og:url\" content=\"https:\/\/fertility.com.gt\/en\/donacion-de-espermatozoides\/\" \/>\n<meta property=\"og:site_name\" content=\"Fertility Guatemala\" \/>\n<meta property=\"article:modified_time\" content=\"2026-04-22T16:26:52+00:00\" \/>\n<meta property=\"og:image\" content=\"https:\/\/fertility.com.gt\/wp-content\/uploads\/2026\/04\/D758925-scaled.jpg\" \/>\n<meta name=\"twitter:card\" content=\"summary_large_image\" \/>\n<meta name=\"twitter:label1\" content=\"Est. reading time\" \/>\n\t<meta name=\"twitter:data1\" content=\"2 minutes\" \/>\n<script type=\"application\/ld+json\" class=\"yoast-schema-graph\">{\"@context\":\"https:\\\/\\\/schema.org\",\"@graph\":[{\"@type\":\"WebPage\",\"@id\":\"https:\\\/\\\/fertility.com.gt\\\/donacion-de-espermatozoides\\\/\",\"url\":\"https:\\\/\\\/fertility.com.gt\\\/donacion-de-espermatozoides\\\/\",\"name\":\"Donaci\u00f3n de espermatozoides\u00a0 - Fertility Guatemala\",\"isPartOf\":{\"@id\":\"https:\\\/\\\/fertility.com.gt\\\/#website\"},\"primaryImageOfPage\":{\"@id\":\"https:\\\/\\\/fertility.com.gt\\\/donacion-de-espermatozoides\\\/#primaryimage\"},\"image\":{\"@id\":\"https:\\\/\\\/fertility.com.gt\\\/donacion-de-espermatozoides\\\/#primaryimage\"},\"thumbnailUrl\":\"https:\\\/\\\/fertility.com.gt\\\/wp-content\\\/uploads\\\/2026\\\/04\\\/D758925-scaled.jpg\",\"datePublished\":\"2025-12-08T05:37:48+00:00\",\"dateModified\":\"2026-04-22T16:26:52+00:00\",\"breadcrumb\":{\"@id\":\"https:\\\/\\\/fertility.com.gt\\\/donacion-de-espermatozoides\\\/#breadcrumb\"},\"inLanguage\":\"en-US\",\"potentialAction\":[{\"@type\":\"ReadAction\",\"target\":[\"https:\\\/\\\/fertility.com.gt\\\/donacion-de-espermatozoides\\\/\"]}]},{\"@type\":\"ImageObject\",\"inLanguage\":\"en-US\",\"@id\":\"https:\\\/\\\/fertility.com.gt\\\/donacion-de-espermatozoides\\\/#primaryimage\",\"url\":\"https:\\\/\\\/fertility.com.gt\\\/wp-content\\\/uploads\\\/2026\\\/04\\\/D758925-scaled.jpg\",\"contentUrl\":\"https:\\\/\\\/fertility.com.gt\\\/wp-content\\\/uploads\\\/2026\\\/04\\\/D758925-scaled.jpg\"},{\"@type\":\"BreadcrumbList\",\"@id\":\"https:\\\/\\\/fertility.com.gt\\\/donacion-de-espermatozoides\\\/#breadcrumb\",\"itemListElement\":[{\"@type\":\"ListItem\",\"position\":1,\"name\":\"Home\",\"item\":\"https:\\\/\\\/fertility.com.gt\\\/\"},{\"@type\":\"ListItem\",\"position\":2,\"name\":\"Donaci\u00f3n de espermatozoides\u00a0\"}]},{\"@type\":\"WebSite\",\"@id\":\"https:\\\/\\\/fertility.com.gt\\\/#website\",\"url\":\"https:\\\/\\\/fertility.com.gt\\\/\",\"name\":\"Fertility Guatemala\",\"description\":\"\",\"publisher\":{\"@id\":\"https:\\\/\\\/fertility.com.gt\\\/#organization\"},\"potentialAction\":[{\"@type\":\"SearchAction\",\"target\":{\"@type\":\"EntryPoint\",\"urlTemplate\":\"https:\\\/\\\/fertility.com.gt\\\/?s={search_term_string}\"},\"query-input\":{\"@type\":\"PropertyValueSpecification\",\"valueRequired\":true,\"valueName\":\"search_term_string\"}}],\"inLanguage\":\"en-US\"},{\"@type\":\"Organization\",\"@id\":\"https:\\\/\\\/fertility.com.gt\\\/#organization\",\"name\":\"Fertility Guatemala\",\"url\":\"https:\\\/\\\/fertility.com.gt\\\/\",\"logo\":{\"@type\":\"ImageObject\",\"inLanguage\":\"en-US\",\"@id\":\"https:\\\/\\\/fertility.com.gt\\\/#\\\/schema\\\/logo\\\/image\\\/\",\"url\":\"https:\\\/\\\/i0.wp.com\\\/fertility.com.gt\\\/wp-content\\\/uploads\\\/2025\\\/10\\\/Fertility_Logo_RGB_3-scaled.png?fit=2560%2C1024&ssl=1\",\"contentUrl\":\"https:\\\/\\\/i0.wp.com\\\/fertility.com.gt\\\/wp-content\\\/uploads\\\/2025\\\/10\\\/Fertility_Logo_RGB_3-scaled.png?fit=2560%2C1024&ssl=1\",\"width\":2560,\"height\":1024,\"caption\":\"Fertility Guatemala\"},\"image\":{\"@id\":\"https:\\\/\\\/fertility.com.gt\\\/#\\\/schema\\\/logo\\\/image\\\/\"}}]}<\/script>\n<!-- \/ Yoast SEO plugin. -->","yoast_head_json":{"title":"Donaci\u00f3n de espermatozoides\u00a0 - Fertility Guatemala","robots":{"index":"index","follow":"follow","max-snippet":"max-snippet:-1","max-image-preview":"max-image-preview:large","max-video-preview":"max-video-preview:-1"},"canonical":"https:\/\/fertility.com.gt\/en\/donacion-de-espermatozoides\/","og_locale":"en_US","og_type":"article","og_title":"Donaci\u00f3n de espermatozoides\u00a0 - Fertility Guatemala","og_description":"Donaci\u00f3n de espermatozoides Donaci\u00f3n de espermatozoides Es una t\u00e9cnica que busca mejorar las tasas de embarazo en parejas donde la obtenci\u00f3n de espermatozoides no ha sido exitosa y se entrelaza con otros factores femeninos como edad materna avanzada, endometriosis severa, obstrucci\u00f3n bilateral de trompas de Falopio, entre otros. Esta t\u00e9cnica est\u00e1 especialmente indicada en mujeres [...]","og_url":"https:\/\/fertility.com.gt\/en\/donacion-de-espermatozoides\/","og_site_name":"Fertility Guatemala","article_modified_time":"2026-04-22T16:26:52+00:00","og_image":[{"url":"https:\/\/fertility.com.gt\/wp-content\/uploads\/2026\/04\/D758925-scaled.jpg","type":"","width":"","height":""}],"twitter_card":"summary_large_image","twitter_misc":{"Est. reading time":"2 minutes"},"schema":{"@context":"https:\/\/schema.org","@graph":[{"@type":"WebPage","@id":"https:\/\/fertility.com.gt\/donacion-de-espermatozoides\/","url":"https:\/\/fertility.com.gt\/donacion-de-espermatozoides\/","name":"Donaci\u00f3n de espermatozoides\u00a0 - Fertility Guatemala","isPartOf":{"@id":"https:\/\/fertility.com.gt\/#website"},"primaryImageOfPage":{"@id":"https:\/\/fertility.com.gt\/donacion-de-espermatozoides\/#primaryimage"},"image":{"@id":"https:\/\/fertility.com.gt\/donacion-de-espermatozoides\/#primaryimage"},"thumbnailUrl":"https:\/\/fertility.com.gt\/wp-content\/uploads\/2026\/04\/D758925-scaled.jpg","datePublished":"2025-12-08T05:37:48+00:00","dateModified":"2026-04-22T16:26:52+00:00","breadcrumb":{"@id":"https:\/\/fertility.com.gt\/donacion-de-espermatozoides\/#breadcrumb"},"inLanguage":"en-US","potentialAction":[{"@type":"ReadAction","target":["https:\/\/fertility.com.gt\/donacion-de-espermatozoides\/"]}]},{"@type":"ImageObject","inLanguage":"en-US","@id":"https:\/\/fertility.com.gt\/donacion-de-espermatozoides\/#primaryimage","url":"https:\/\/fertility.com.gt\/wp-content\/uploads\/2026\/04\/D758925-scaled.jpg","contentUrl":"https:\/\/fertility.com.gt\/wp-content\/uploads\/2026\/04\/D758925-scaled.jpg"},{"@type":"BreadcrumbList","@id":"https:\/\/fertility.com.gt\/donacion-de-espermatozoides\/#breadcrumb","itemListElement":[{"@type":"ListItem","position":1,"name":"Home","item":"https:\/\/fertility.com.gt\/"},{"@type":"ListItem","position":2,"name":"Donaci\u00f3n de espermatozoides\u00a0"}]},{"@type":"WebSite","@id":"https:\/\/fertility.com.gt\/#website","url":"https:\/\/fertility.com.gt\/","name":"Fertility Guatemala","description":"","publisher":{"@id":"https:\/\/fertility.com.gt\/#organization"},"potentialAction":[{"@type":"SearchAction","target":{"@type":"EntryPoint","urlTemplate":"https:\/\/fertility.com.gt\/?s={search_term_string}"},"query-input":{"@type":"PropertyValueSpecification","valueRequired":true,"valueName":"search_term_string"}}],"inLanguage":"en-US"},{"@type":"Organization","@id":"https:\/\/fertility.com.gt\/#organization","name":"Fertility Guatemala","url":"https:\/\/fertility.com.gt\/","logo":{"@type":"ImageObject","inLanguage":"en-US","@id":"https:\/\/fertility.com.gt\/#\/schema\/logo\/image\/","url":"https:\/\/i0.wp.com\/fertility.com.gt\/wp-content\/uploads\/2025\/10\/Fertility_Logo_RGB_3-scaled.png?fit=2560%2C1024&ssl=1","contentUrl":"https:\/\/i0.wp.com\/fertility.com.gt\/wp-content\/uploads\/2025\/10\/Fertility_Logo_RGB_3-scaled.png?fit=2560%2C1024&ssl=1","width":2560,"height":1024,"caption":"Fertility Guatemala"},"image":{"@id":"https:\/\/fertility.com.gt\/#\/schema\/logo\/image\/"}}]}},"jetpack_sharing_enabled":true,"_links":{"self":[{"href":"https:\/\/fertility.com.gt\/en\/wp-json\/wp\/v2\/pages\/719","targetHints":{"allow":["GET"]}}],"collection":[{"href":"https:\/\/fertility.com.gt\/en\/wp-json\/wp\/v2\/pages"}],"about":[{"href":"https:\/\/fertility.com.gt\/en\/wp-json\/wp\/v2\/types\/page"}],"author":[{"embeddable":true,"href":"https:\/\/fertility.com.gt\/en\/wp-json\/wp\/v2\/users\/1"}],"replies":[{"embeddable":true,"href":"https:\/\/fertility.com.gt\/en\/wp-json\/wp\/v2\/comments?post=719"}],"version-history":[{"count":2,"href":"https:\/\/fertility.com.gt\/en\/wp-json\/wp\/v2\/pages\/719\/revisions"}],"predecessor-version":[{"id":869,"href":"https:\/\/fertility.com.gt\/en\/wp-json\/wp\/v2\/pages\/719\/revisions\/869"}],"wp:attachment":[{"href":"https:\/\/fertility.com.gt\/en\/wp-json\/wp\/v2\/media?parent=719"}],"curies":[{"name":"wp","href":"https:\/\/api.w.org\/{rel}","templated":true}]}}