{"id":716,"date":"2025-12-08T05:35:46","date_gmt":"2025-12-08T05:35:46","guid":{"rendered":"https:\/\/fertility.com.gt\/?page_id=716"},"modified":"2026-04-22T15:38:42","modified_gmt":"2026-04-22T15:38:42","slug":"ovodonacion","status":"publish","type":"page","link":"https:\/\/fertility.com.gt\/en\/ovodonacion\/","title":{"rendered":"Ovodonaci\u00f3n"},"content":{"rendered":"<!DOCTYPE html>\n<html lang=\"es\">\n<head>\n    <meta charset=\"UTF-8\">\n    <meta name=\"viewport\" content=\"width=device-width, initial-scale=1.0\">\n    <title>Ovodonaci\u00f3n: El camino a la maternidad<\/title>\n    <style>\n        body{ \n            margin:0; \n            font-family: Georgia, 'Times New Roman', serif; \n            background:#f4f6f9; \n            color:#222; \n        }\n        .blog-container{ \n            max-width:900px; \n            margin:80px auto; \n            padding:0 20px; \n        }\n        \/* T\u00cdTULO ESTILO REVISTA *\/\n        .blog-container h2{ \n            font-size:34px; \n            margin-bottom:40px; \n            font-weight:600; \n            text-align:center; \n            position:relative; \n            line-height: 1.2;\n        }\n        .blog-container h2::after{ \n            content:\"\"; \n            width:80px; \n            height:3px; \n            background:#1f3c88; \n            display:block; \n            margin:15px auto 0; \n            border-radius:2px; \n        }\n        .blog-container p{ \n            font-size:18px; \n            line-height:1.9; \n            text-align:justify; \n            margin-bottom:25px; \n        }\n        .blog-container ul {\n            font-size:18px;\n            line-height:1.9;\n            margin-bottom:25px;\n        }\n        \/* IM\u00c1GENES DISTRIBUIDAS *\/\n        .img-left{ \n            float:left; \n            width:320px; \n            margin:10px 30px 20px 0; \n            border-radius:12px; \n            box-shadow:0 10px 30px rgba(0,0,0,0.12); \n        }\n        .img-right{ \n            float:right; \n            width:350px; \n            margin:10px 0 20px 30px; \n            border-radius:12px; \n            box-shadow:0 10px 30px rgba(0,0,0,0.12); \n        }\n        \/* Limpiar float *\/\n        .clear{ \n            clear:both; \n        }\n        \/* RESPONSIVE *\/\n        @media (max-width:768px){\n            .blog-container{ margin:50px auto; }\n            .blog-container h2{ font-size:28px; }\n            .blog-container p, .blog-container ul{ font-size:16px; }\n            .img-left, .img-right{ \n                float:none; \n                width:100%; \n                margin:0 0 20px 0; \n            }\n        }\n    <\/style>\n<\/head>\n<body>\n\n<section class=\"blog-container\">\n    <h2>Ovodonaci\u00f3n<\/h2>\n\n    <img data-recalc-dims=\"1\" decoding=\"async\" loading=\"lazy\" src=\"https:\/\/i0.wp.com\/fertility.com.gt\/wp-content\/uploads\/2026\/04\/D758945-scaled.jpg?w=1020&#038;ssl=1\" alt=\"Donaci\u00f3n de \u00f3vulos\" class=\"img-left\">\n\n    <p>\n        La donaci\u00f3n de gametos femeninos u ovodonaci\u00f3n es una t\u00e9cnica de alto rendimiento, con tasas de embarazo alrededor del 65-70%. Permite a las pacientes receptoras experimentar el embarazo, parto y lactancia, viviendo plenamente la maternidad. Indicado para pacientes en donde no es posible obtener \u00f3vulos de buena calidad o que exista el riesgo de transmitir una enfermedad gen\u00e9tica.\n    <\/p>\n\n    <p><strong>Se utiliza principalmente en:<\/strong><\/p>\n    \n    <img data-recalc-dims=\"1\" decoding=\"async\" loading=\"lazy\" src=\"https:\/\/i0.wp.com\/fertility.com.gt\/wp-content\/uploads\/2026\/04\/WhatsApp-Image-2026-04-22-at-9.32.40-AM.jpeg?w=1020&#038;ssl=1\" alt=\"Atenci\u00f3n m\u00e9dica fertilidad\" class=\"img-right\">\n\n    <ul>\n        <li><strong>Edad materna avanzada (\u2265 40 a\u00f1os):<\/strong> donde la reserva ov\u00e1rica o calidad ha disminuido.<\/li>\n        <li><strong>Falla ov\u00e1rica prematura:<\/strong> p\u00e9rdida de la funci\u00f3n antes de los 40 a\u00f1os por razones idiop\u00e1ticas, gen\u00e9ticas o quir\u00fargicas.<\/li>\n        <li><strong>Fallas previas:<\/strong> problemas en fertilizaci\u00f3n, tasas nulas de blastulaci\u00f3n o p\u00e9rdida gestacional recurrente.<\/li>\n        <li><strong>Tratamientos oncol\u00f3gicos previos.<\/strong><\/li>\n    <\/ul>\n\n    <p>\n        Para su realizaci\u00f3n se escoge a la donante de un banco de donantes seleccionadas por protocolos muy estrictos. La paciente receptora realiza una preparaci\u00f3n endometrial individualizada para sincronizar el momento de la aspiraci\u00f3n o descongelaci\u00f3n de los \u00f3vulos con la muestra de semen.\n    <\/p>\n\n    <p>\n        En el laboratorio de FIV se realiza la inseminaci\u00f3n y ese mismo d\u00eda inicia la aplicaci\u00f3n de progesterona para programar la transferencia 5 d\u00edas despu\u00e9s. Tras el procedimiento, la paciente mantiene una rutina conservadora y soporte hormonal.\n    <\/p>\n\n    <img data-recalc-dims=\"1\" decoding=\"async\" loading=\"lazy\" src=\"https:\/\/i0.wp.com\/fertility.com.gt\/wp-content\/uploads\/2026\/04\/D758984-scaled.jpg?w=1020&#038;ssl=1\" alt=\"Maternidad y Epigen\u00e9tica\" class=\"img-left\">\n\n    <p>\n        <strong>El papel de la Epigen\u00e9tica:<\/strong> Actualmente se ha evidenciado que, aunque la mitad del material gen\u00e9tico proviene de la donante, la madre receptora tiene un papel biol\u00f3gico profundo. Desde la llegada de los embriones al \u00fatero, el ambiente decide qu\u00e9 genes &#8220;prender o apagar&#8221;, modificando la expresi\u00f3n gen\u00e9tica del beb\u00e9.\n    <\/p>\n\n    <p>\n        A su vez, el beb\u00e9 recibe el microbioma materno que moldea su sistema inmune y las hormonas que regulan su desarrollo cerebral. <strong>Ser madre es mucho m\u00e1s que dar un \u00f3vulo.<\/strong> Este tratamiento se realiza con m\u00e1xima empat\u00eda, rigor m\u00e9dico y absoluta confidencialidad.\n    <\/p>\n\n    <div class=\"clear\"><\/div>\n<\/section>\n\n<\/body>\n<\/html>","protected":false},"excerpt":{"rendered":"<p>Ovodonaci\u00f3n: El camino a la maternidad Ovodonaci\u00f3n La donaci\u00f3n de gametos femeninos u ovodonaci\u00f3n es una t\u00e9cnica de alto rendimiento, con tasas de embarazo alrededor del 65-70%. Permite a las pacientes receptoras experimentar el embarazo, parto y lactancia, viviendo plenamente la maternidad. Indicado para pacientes en donde no es posible obtener \u00f3vulos de buena calidad [&#8230;]\n","protected":false},"author":1,"featured_media":0,"parent":0,"menu_order":0,"comment_status":"closed","ping_status":"closed","template":"","meta":{"nf_dc_page":"","om_disable_all_campaigns":false,"_monsterinsights_skip_tracking":false,"_monsterinsights_sitenote_active":false,"_monsterinsights_sitenote_note":"","_monsterinsights_sitenote_category":0,"_joinchat":[],"footnotes":""},"class_list":["post-716","page","type-page","status-publish","hentry"],"yoast_head":"<!-- This site is optimized with the Yoast SEO plugin v27.4 - https:\/\/yoast.com\/product\/yoast-seo-wordpress\/ -->\n<title>Ovodonaci\u00f3n - Fertility Guatemala<\/title>\n<meta name=\"robots\" content=\"index, follow, max-snippet:-1, max-image-preview:large, max-video-preview:-1\" \/>\n<link rel=\"canonical\" href=\"https:\/\/fertility.com.gt\/en\/ovodonacion\/\" \/>\n<meta property=\"og:locale\" content=\"en_US\" \/>\n<meta property=\"og:type\" content=\"article\" \/>\n<meta property=\"og:title\" content=\"Ovodonaci\u00f3n - Fertility Guatemala\" \/>\n<meta property=\"og:description\" content=\"Ovodonaci\u00f3n: El camino a la maternidad Ovodonaci\u00f3n La donaci\u00f3n de gametos femeninos u ovodonaci\u00f3n es una t\u00e9cnica de alto rendimiento, con tasas de embarazo alrededor del 65-70%. Permite a las pacientes receptoras experimentar el embarazo, parto y lactancia, viviendo plenamente la maternidad. Indicado para pacientes en donde no es posible obtener \u00f3vulos de buena calidad [...]\" \/>\n<meta property=\"og:url\" content=\"https:\/\/fertility.com.gt\/en\/ovodonacion\/\" \/>\n<meta property=\"og:site_name\" content=\"Fertility Guatemala\" \/>\n<meta property=\"article:modified_time\" content=\"2026-04-22T15:38:42+00:00\" \/>\n<meta property=\"og:image\" content=\"https:\/\/fertility.com.gt\/wp-content\/uploads\/2026\/04\/D758945-scaled.jpg\" \/>\n<meta name=\"twitter:card\" content=\"summary_large_image\" \/>\n<meta name=\"twitter:label1\" content=\"Est. reading time\" \/>\n\t<meta name=\"twitter:data1\" content=\"2 minutes\" \/>\n<script type=\"application\/ld+json\" class=\"yoast-schema-graph\">{\"@context\":\"https:\\\/\\\/schema.org\",\"@graph\":[{\"@type\":\"WebPage\",\"@id\":\"https:\\\/\\\/fertility.com.gt\\\/ovodonacion\\\/\",\"url\":\"https:\\\/\\\/fertility.com.gt\\\/ovodonacion\\\/\",\"name\":\"Ovodonaci\u00f3n - Fertility Guatemala\",\"isPartOf\":{\"@id\":\"https:\\\/\\\/fertility.com.gt\\\/#website\"},\"primaryImageOfPage\":{\"@id\":\"https:\\\/\\\/fertility.com.gt\\\/ovodonacion\\\/#primaryimage\"},\"image\":{\"@id\":\"https:\\\/\\\/fertility.com.gt\\\/ovodonacion\\\/#primaryimage\"},\"thumbnailUrl\":\"https:\\\/\\\/fertility.com.gt\\\/wp-content\\\/uploads\\\/2026\\\/04\\\/D758945-scaled.jpg\",\"datePublished\":\"2025-12-08T05:35:46+00:00\",\"dateModified\":\"2026-04-22T15:38:42+00:00\",\"breadcrumb\":{\"@id\":\"https:\\\/\\\/fertility.com.gt\\\/ovodonacion\\\/#breadcrumb\"},\"inLanguage\":\"en-US\",\"potentialAction\":[{\"@type\":\"ReadAction\",\"target\":[\"https:\\\/\\\/fertility.com.gt\\\/ovodonacion\\\/\"]}]},{\"@type\":\"ImageObject\",\"inLanguage\":\"en-US\",\"@id\":\"https:\\\/\\\/fertility.com.gt\\\/ovodonacion\\\/#primaryimage\",\"url\":\"https:\\\/\\\/fertility.com.gt\\\/wp-content\\\/uploads\\\/2026\\\/04\\\/D758945-scaled.jpg\",\"contentUrl\":\"https:\\\/\\\/fertility.com.gt\\\/wp-content\\\/uploads\\\/2026\\\/04\\\/D758945-scaled.jpg\"},{\"@type\":\"BreadcrumbList\",\"@id\":\"https:\\\/\\\/fertility.com.gt\\\/ovodonacion\\\/#breadcrumb\",\"itemListElement\":[{\"@type\":\"ListItem\",\"position\":1,\"name\":\"Home\",\"item\":\"https:\\\/\\\/fertility.com.gt\\\/\"},{\"@type\":\"ListItem\",\"position\":2,\"name\":\"Ovodonaci\u00f3n\"}]},{\"@type\":\"WebSite\",\"@id\":\"https:\\\/\\\/fertility.com.gt\\\/#website\",\"url\":\"https:\\\/\\\/fertility.com.gt\\\/\",\"name\":\"Fertility Guatemala\",\"description\":\"\",\"publisher\":{\"@id\":\"https:\\\/\\\/fertility.com.gt\\\/#organization\"},\"potentialAction\":[{\"@type\":\"SearchAction\",\"target\":{\"@type\":\"EntryPoint\",\"urlTemplate\":\"https:\\\/\\\/fertility.com.gt\\\/?s={search_term_string}\"},\"query-input\":{\"@type\":\"PropertyValueSpecification\",\"valueRequired\":true,\"valueName\":\"search_term_string\"}}],\"inLanguage\":\"en-US\"},{\"@type\":\"Organization\",\"@id\":\"https:\\\/\\\/fertility.com.gt\\\/#organization\",\"name\":\"Fertility Guatemala\",\"url\":\"https:\\\/\\\/fertility.com.gt\\\/\",\"logo\":{\"@type\":\"ImageObject\",\"inLanguage\":\"en-US\",\"@id\":\"https:\\\/\\\/fertility.com.gt\\\/#\\\/schema\\\/logo\\\/image\\\/\",\"url\":\"https:\\\/\\\/i0.wp.com\\\/fertility.com.gt\\\/wp-content\\\/uploads\\\/2025\\\/10\\\/Fertility_Logo_RGB_3-scaled.png?fit=2560%2C1024&ssl=1\",\"contentUrl\":\"https:\\\/\\\/i0.wp.com\\\/fertility.com.gt\\\/wp-content\\\/uploads\\\/2025\\\/10\\\/Fertility_Logo_RGB_3-scaled.png?fit=2560%2C1024&ssl=1\",\"width\":2560,\"height\":1024,\"caption\":\"Fertility Guatemala\"},\"image\":{\"@id\":\"https:\\\/\\\/fertility.com.gt\\\/#\\\/schema\\\/logo\\\/image\\\/\"}}]}<\/script>\n<!-- \/ Yoast SEO plugin. -->","yoast_head_json":{"title":"Ovodonaci\u00f3n - Fertility Guatemala","robots":{"index":"index","follow":"follow","max-snippet":"max-snippet:-1","max-image-preview":"max-image-preview:large","max-video-preview":"max-video-preview:-1"},"canonical":"https:\/\/fertility.com.gt\/en\/ovodonacion\/","og_locale":"en_US","og_type":"article","og_title":"Ovodonaci\u00f3n - Fertility Guatemala","og_description":"Ovodonaci\u00f3n: El camino a la maternidad Ovodonaci\u00f3n La donaci\u00f3n de gametos femeninos u ovodonaci\u00f3n es una t\u00e9cnica de alto rendimiento, con tasas de embarazo alrededor del 65-70%. Permite a las pacientes receptoras experimentar el embarazo, parto y lactancia, viviendo plenamente la maternidad. Indicado para pacientes en donde no es posible obtener \u00f3vulos de buena calidad [...]","og_url":"https:\/\/fertility.com.gt\/en\/ovodonacion\/","og_site_name":"Fertility Guatemala","article_modified_time":"2026-04-22T15:38:42+00:00","og_image":[{"url":"https:\/\/fertility.com.gt\/wp-content\/uploads\/2026\/04\/D758945-scaled.jpg","type":"","width":"","height":""}],"twitter_card":"summary_large_image","twitter_misc":{"Est. reading time":"2 minutes"},"schema":{"@context":"https:\/\/schema.org","@graph":[{"@type":"WebPage","@id":"https:\/\/fertility.com.gt\/ovodonacion\/","url":"https:\/\/fertility.com.gt\/ovodonacion\/","name":"Ovodonaci\u00f3n - Fertility Guatemala","isPartOf":{"@id":"https:\/\/fertility.com.gt\/#website"},"primaryImageOfPage":{"@id":"https:\/\/fertility.com.gt\/ovodonacion\/#primaryimage"},"image":{"@id":"https:\/\/fertility.com.gt\/ovodonacion\/#primaryimage"},"thumbnailUrl":"https:\/\/fertility.com.gt\/wp-content\/uploads\/2026\/04\/D758945-scaled.jpg","datePublished":"2025-12-08T05:35:46+00:00","dateModified":"2026-04-22T15:38:42+00:00","breadcrumb":{"@id":"https:\/\/fertility.com.gt\/ovodonacion\/#breadcrumb"},"inLanguage":"en-US","potentialAction":[{"@type":"ReadAction","target":["https:\/\/fertility.com.gt\/ovodonacion\/"]}]},{"@type":"ImageObject","inLanguage":"en-US","@id":"https:\/\/fertility.com.gt\/ovodonacion\/#primaryimage","url":"https:\/\/fertility.com.gt\/wp-content\/uploads\/2026\/04\/D758945-scaled.jpg","contentUrl":"https:\/\/fertility.com.gt\/wp-content\/uploads\/2026\/04\/D758945-scaled.jpg"},{"@type":"BreadcrumbList","@id":"https:\/\/fertility.com.gt\/ovodonacion\/#breadcrumb","itemListElement":[{"@type":"ListItem","position":1,"name":"Home","item":"https:\/\/fertility.com.gt\/"},{"@type":"ListItem","position":2,"name":"Ovodonaci\u00f3n"}]},{"@type":"WebSite","@id":"https:\/\/fertility.com.gt\/#website","url":"https:\/\/fertility.com.gt\/","name":"Fertility Guatemala","description":"","publisher":{"@id":"https:\/\/fertility.com.gt\/#organization"},"potentialAction":[{"@type":"SearchAction","target":{"@type":"EntryPoint","urlTemplate":"https:\/\/fertility.com.gt\/?s={search_term_string}"},"query-input":{"@type":"PropertyValueSpecification","valueRequired":true,"valueName":"search_term_string"}}],"inLanguage":"en-US"},{"@type":"Organization","@id":"https:\/\/fertility.com.gt\/#organization","name":"Fertility Guatemala","url":"https:\/\/fertility.com.gt\/","logo":{"@type":"ImageObject","inLanguage":"en-US","@id":"https:\/\/fertility.com.gt\/#\/schema\/logo\/image\/","url":"https:\/\/i0.wp.com\/fertility.com.gt\/wp-content\/uploads\/2025\/10\/Fertility_Logo_RGB_3-scaled.png?fit=2560%2C1024&ssl=1","contentUrl":"https:\/\/i0.wp.com\/fertility.com.gt\/wp-content\/uploads\/2025\/10\/Fertility_Logo_RGB_3-scaled.png?fit=2560%2C1024&ssl=1","width":2560,"height":1024,"caption":"Fertility Guatemala"},"image":{"@id":"https:\/\/fertility.com.gt\/#\/schema\/logo\/image\/"}}]}},"jetpack_sharing_enabled":true,"_links":{"self":[{"href":"https:\/\/fertility.com.gt\/en\/wp-json\/wp\/v2\/pages\/716","targetHints":{"allow":["GET"]}}],"collection":[{"href":"https:\/\/fertility.com.gt\/en\/wp-json\/wp\/v2\/pages"}],"about":[{"href":"https:\/\/fertility.com.gt\/en\/wp-json\/wp\/v2\/types\/page"}],"author":[{"embeddable":true,"href":"https:\/\/fertility.com.gt\/en\/wp-json\/wp\/v2\/users\/1"}],"replies":[{"embeddable":true,"href":"https:\/\/fertility.com.gt\/en\/wp-json\/wp\/v2\/comments?post=716"}],"version-history":[{"count":2,"href":"https:\/\/fertility.com.gt\/en\/wp-json\/wp\/v2\/pages\/716\/revisions"}],"predecessor-version":[{"id":864,"href":"https:\/\/fertility.com.gt\/en\/wp-json\/wp\/v2\/pages\/716\/revisions\/864"}],"wp:attachment":[{"href":"https:\/\/fertility.com.gt\/en\/wp-json\/wp\/v2\/media?parent=716"}],"curies":[{"name":"wp","href":"https:\/\/api.w.org\/{rel}","templated":true}]}}