{"id":712,"date":"2025-12-08T05:32:38","date_gmt":"2025-12-08T05:32:38","guid":{"rendered":"https:\/\/fertility.com.gt\/?page_id=712"},"modified":"2026-04-22T15:21:03","modified_gmt":"2026-04-22T15:21:03","slug":"fet","status":"publish","type":"page","link":"https:\/\/fertility.com.gt\/en\/fet\/","title":{"rendered":"FET"},"content":{"rendered":"<!DOCTYPE html>\n<html lang=\"es\">\n<head>\n    <meta charset=\"UTF-8\">\n    <meta name=\"viewport\" content=\"width=device-width, initial-scale=1.0\">\n    <title>Preparaci\u00f3n, descongelaci\u00f3n y transferencia de embriones vitrificados<\/title>\n    <style>\n        body{ \n            margin:0; \n            font-family: Georgia, 'Times New Roman', serif; \n            background:#f4f6f9; \n            color:#222; \n        }\n        .blog-container{ \n            max-width:900px; \n            margin:80px auto; \n            padding:0 20px; \n        }\n        \/* T\u00cdTULO ESTILO REVISTA *\/\n        .blog-container h2{ \n            font-size:34px; \n            margin-bottom:40px; \n            font-weight:600; \n            text-align:center; \n            position:relative; \n            line-height: 1.2;\n        }\n        .blog-container h2::after{ \n            content:\"\"; \n            width:80px; \n            height:3px; \n            background:#1f3c88; \n            display:block; \n            margin:15px auto 0; \n            border-radius:2px; \n        }\n        .blog-container p{ \n            font-size:18px; \n            line-height:1.9; \n            text-align:justify; \n            margin-bottom:25px; \n        }\n        \/* IM\u00c1GENES DISTRIBUIDAS *\/\n        .img-left{ \n            float:left; \n            width:350px; \n            margin:10px 30px 20px 0; \n            border-radius:12px; \n            box-shadow:0 10px 30px rgba(0,0,0,0.12); \n        }\n        .img-right{ \n            float:right; \n            width:350px; \n            margin:10px 0 20px 30px; \n            border-radius:12px; \n            box-shadow:0 10px 30px rgba(0,0,0,0.12); \n        }\n        \/* Limpiar float *\/\n        .clear{ \n            clear:both; \n        }\n        \/* RESPONSIVE *\/\n        @media (max-width:768px){\n            .blog-container{ margin:50px auto; }\n            .blog-container h2{ font-size:28px; }\n            .blog-container p{ font-size:16px; }\n            .img-left, .img-right{ \n                float:none; \n                width:100%; \n                margin:0 0 20px 0; \n            }\n        }\n    <\/style>\n<\/head>\n<body>\n\n<section class=\"blog-container\">\n    <h2>Preparaci\u00f3n, descongelaci\u00f3n y transferencia de embriones vitrificados<\/h2>\n\n    <p>\n        Es una t\u00e9cnica de reproducci\u00f3n asistida dentro del tratamiento de fertilizaci\u00f3n in Vitro que consiste en la preparaci\u00f3n endometrial, desvitrificaci\u00f3n y transferencia intrauterina de embriones previamente vitrificados en ciclos anteriores. La tasa de embarazo es muy parecida a la transferencia en fresco.\n    <\/p>\n\n    <img data-recalc-dims=\"1\" decoding=\"async\" loading=\"lazy\" src=\"https:\/\/i0.wp.com\/fertility.com.gt\/wp-content\/uploads\/2026\/04\/GYC.jpg?w=1020&#038;ssl=1\" alt=\"Preparaci\u00f3n endometrial\" class=\"img-left\">\n\n    <p>\n        Para la preparaci\u00f3n endometrial el protocolo utilizado se individualiza seg\u00fan el diagn\u00f3stico de cada paciente y su objetivo es optimizar la sincronizaci\u00f3n del endometrio con la desvitrificaci\u00f3n y transferencia del embri\u00f3n. Entre los esquemas m\u00e1s com\u00fanmente utilizados se encuentran:\n    <\/p>\n\n    <p>\n        <strong>Ciclo Natural:<\/strong> indicado en pacientes con ovulaci\u00f3n espont\u00e1nea regular; el endometrio se sincroniza con el desarrollo folicular y se programa la transferencia 7 d\u00edas post pico de LH o 5 d\u00edas post ovulaci\u00f3n. Son ciclos donde posiblemente se necesite un seguimiento folicular m\u00e1s cercano y laboratorios hormonales para precisar el momento exacto de la ovulaci\u00f3n para sincronizar la transferencia.\n    <\/p>\n\n    <img data-recalc-dims=\"1\" decoding=\"async\" loading=\"lazy\" src=\"https:\/\/i0.wp.com\/fertility.com.gt\/wp-content\/uploads\/2026\/04\/D758918-scaled.jpg?w=1020&#038;ssl=1\" alt=\"Laboratorio de transferencia\" class=\"img-right\">\n\n    <p>\n        <strong>Ciclo con sustituci\u00f3n hormonal:<\/strong> indicado en pacientes con ovulaciones irregulares, amenorrea, ciclos de ovodonaci\u00f3n y transferencia en fresco. Se inicia con la administraci\u00f3n de estradiol oral, parche d\u00e9rmico o vaginal a dosis individualizadas por el especialista seg\u00fan cada caso. Al tener un endometrio trilaminar y arriba de 7 mm se inicia con progesterona intramuscular para sincronizar la desvitrificaci\u00f3n y transferencia 5 d\u00edas despu\u00e9s.\n    <\/p>\n\n    <p>\n        <strong>Ciclos modificados:<\/strong> son ciclos donde se estimula el crecimiento folicular con medicamentos y\/o se induce la ovulaci\u00f3n con gonadotropina cori\u00f3nica humana (hCG). Permite realizar la sincronizaci\u00f3n de una manera m\u00e1s coordinada y con horarios m\u00e1s flexibles.\n    <\/p>\n\n    <p>\n        Es una t\u00e9cnica muy utilizada en pacientes que durante el ciclo de FIV tienen una elevaci\u00f3n prematura de la progesterona o riesgo de s\u00edndrome de hiperestimulaci\u00f3n ov\u00e1rica. A su vez, se usa para todos los ciclos de PGT-A, SR, M y en ovodonaci\u00f3n cuando no es posible sincronizar a la receptora de forma inmediata.\n    <\/p>\n\n    <div class=\"clear\"><\/div>\n<\/section>\n\n<\/body>\n<\/html>","protected":false},"excerpt":{"rendered":"<p>Preparaci\u00f3n, descongelaci\u00f3n y transferencia de embriones vitrificados Preparaci\u00f3n, descongelaci\u00f3n y transferencia de embriones vitrificados Es una t\u00e9cnica de reproducci\u00f3n asistida dentro del tratamiento de fertilizaci\u00f3n in Vitro que consiste en la preparaci\u00f3n endometrial, desvitrificaci\u00f3n y transferencia intrauterina de embriones previamente vitrificados en ciclos anteriores. La tasa de embarazo es muy parecida a la transferencia en [&#8230;]\n","protected":false},"author":1,"featured_media":0,"parent":0,"menu_order":0,"comment_status":"closed","ping_status":"closed","template":"","meta":{"nf_dc_page":"","om_disable_all_campaigns":false,"_monsterinsights_skip_tracking":false,"_monsterinsights_sitenote_active":false,"_monsterinsights_sitenote_note":"","_monsterinsights_sitenote_category":0,"_joinchat":[],"footnotes":""},"class_list":["post-712","page","type-page","status-publish","hentry"],"yoast_head":"<!-- This site is optimized with the Yoast SEO plugin v27.4 - https:\/\/yoast.com\/product\/yoast-seo-wordpress\/ -->\n<title>FET - Fertility Guatemala<\/title>\n<meta name=\"robots\" content=\"index, follow, max-snippet:-1, max-image-preview:large, max-video-preview:-1\" \/>\n<link rel=\"canonical\" href=\"https:\/\/fertility.com.gt\/en\/fet\/\" \/>\n<meta property=\"og:locale\" content=\"en_US\" \/>\n<meta property=\"og:type\" content=\"article\" \/>\n<meta property=\"og:title\" content=\"FET - Fertility Guatemala\" \/>\n<meta property=\"og:description\" content=\"Preparaci\u00f3n, descongelaci\u00f3n y transferencia de embriones vitrificados Preparaci\u00f3n, descongelaci\u00f3n y transferencia de embriones vitrificados Es una t\u00e9cnica de reproducci\u00f3n asistida dentro del tratamiento de fertilizaci\u00f3n in Vitro que consiste en la preparaci\u00f3n endometrial, desvitrificaci\u00f3n y transferencia intrauterina de embriones previamente vitrificados en ciclos anteriores. La tasa de embarazo es muy parecida a la transferencia en [...]\" \/>\n<meta property=\"og:url\" content=\"https:\/\/fertility.com.gt\/en\/fet\/\" \/>\n<meta property=\"og:site_name\" content=\"Fertility Guatemala\" \/>\n<meta property=\"article:modified_time\" content=\"2026-04-22T15:21:03+00:00\" \/>\n<meta property=\"og:image\" content=\"https:\/\/fertility.com.gt\/wp-content\/uploads\/2026\/04\/GYC.jpg\" \/>\n<meta name=\"twitter:card\" content=\"summary_large_image\" \/>\n<meta name=\"twitter:label1\" content=\"Est. reading time\" \/>\n\t<meta name=\"twitter:data1\" content=\"2 minutes\" \/>\n<script type=\"application\/ld+json\" class=\"yoast-schema-graph\">{\"@context\":\"https:\\\/\\\/schema.org\",\"@graph\":[{\"@type\":\"WebPage\",\"@id\":\"https:\\\/\\\/fertility.com.gt\\\/fet\\\/\",\"url\":\"https:\\\/\\\/fertility.com.gt\\\/fet\\\/\",\"name\":\"FET - Fertility Guatemala\",\"isPartOf\":{\"@id\":\"https:\\\/\\\/fertility.com.gt\\\/#website\"},\"primaryImageOfPage\":{\"@id\":\"https:\\\/\\\/fertility.com.gt\\\/fet\\\/#primaryimage\"},\"image\":{\"@id\":\"https:\\\/\\\/fertility.com.gt\\\/fet\\\/#primaryimage\"},\"thumbnailUrl\":\"https:\\\/\\\/fertility.com.gt\\\/wp-content\\\/uploads\\\/2026\\\/04\\\/GYC.jpg\",\"datePublished\":\"2025-12-08T05:32:38+00:00\",\"dateModified\":\"2026-04-22T15:21:03+00:00\",\"breadcrumb\":{\"@id\":\"https:\\\/\\\/fertility.com.gt\\\/fet\\\/#breadcrumb\"},\"inLanguage\":\"en-US\",\"potentialAction\":[{\"@type\":\"ReadAction\",\"target\":[\"https:\\\/\\\/fertility.com.gt\\\/fet\\\/\"]}]},{\"@type\":\"ImageObject\",\"inLanguage\":\"en-US\",\"@id\":\"https:\\\/\\\/fertility.com.gt\\\/fet\\\/#primaryimage\",\"url\":\"https:\\\/\\\/fertility.com.gt\\\/wp-content\\\/uploads\\\/2026\\\/04\\\/GYC.jpg\",\"contentUrl\":\"https:\\\/\\\/fertility.com.gt\\\/wp-content\\\/uploads\\\/2026\\\/04\\\/GYC.jpg\"},{\"@type\":\"BreadcrumbList\",\"@id\":\"https:\\\/\\\/fertility.com.gt\\\/fet\\\/#breadcrumb\",\"itemListElement\":[{\"@type\":\"ListItem\",\"position\":1,\"name\":\"Home\",\"item\":\"https:\\\/\\\/fertility.com.gt\\\/\"},{\"@type\":\"ListItem\",\"position\":2,\"name\":\"FET\"}]},{\"@type\":\"WebSite\",\"@id\":\"https:\\\/\\\/fertility.com.gt\\\/#website\",\"url\":\"https:\\\/\\\/fertility.com.gt\\\/\",\"name\":\"Fertility Guatemala\",\"description\":\"\",\"publisher\":{\"@id\":\"https:\\\/\\\/fertility.com.gt\\\/#organization\"},\"potentialAction\":[{\"@type\":\"SearchAction\",\"target\":{\"@type\":\"EntryPoint\",\"urlTemplate\":\"https:\\\/\\\/fertility.com.gt\\\/?s={search_term_string}\"},\"query-input\":{\"@type\":\"PropertyValueSpecification\",\"valueRequired\":true,\"valueName\":\"search_term_string\"}}],\"inLanguage\":\"en-US\"},{\"@type\":\"Organization\",\"@id\":\"https:\\\/\\\/fertility.com.gt\\\/#organization\",\"name\":\"Fertility Guatemala\",\"url\":\"https:\\\/\\\/fertility.com.gt\\\/\",\"logo\":{\"@type\":\"ImageObject\",\"inLanguage\":\"en-US\",\"@id\":\"https:\\\/\\\/fertility.com.gt\\\/#\\\/schema\\\/logo\\\/image\\\/\",\"url\":\"https:\\\/\\\/i0.wp.com\\\/fertility.com.gt\\\/wp-content\\\/uploads\\\/2025\\\/10\\\/Fertility_Logo_RGB_3-scaled.png?fit=2560%2C1024&ssl=1\",\"contentUrl\":\"https:\\\/\\\/i0.wp.com\\\/fertility.com.gt\\\/wp-content\\\/uploads\\\/2025\\\/10\\\/Fertility_Logo_RGB_3-scaled.png?fit=2560%2C1024&ssl=1\",\"width\":2560,\"height\":1024,\"caption\":\"Fertility Guatemala\"},\"image\":{\"@id\":\"https:\\\/\\\/fertility.com.gt\\\/#\\\/schema\\\/logo\\\/image\\\/\"}}]}<\/script>\n<!-- \/ Yoast SEO plugin. -->","yoast_head_json":{"title":"FET - Fertility Guatemala","robots":{"index":"index","follow":"follow","max-snippet":"max-snippet:-1","max-image-preview":"max-image-preview:large","max-video-preview":"max-video-preview:-1"},"canonical":"https:\/\/fertility.com.gt\/en\/fet\/","og_locale":"en_US","og_type":"article","og_title":"FET - Fertility Guatemala","og_description":"Preparaci\u00f3n, descongelaci\u00f3n y transferencia de embriones vitrificados Preparaci\u00f3n, descongelaci\u00f3n y transferencia de embriones vitrificados Es una t\u00e9cnica de reproducci\u00f3n asistida dentro del tratamiento de fertilizaci\u00f3n in Vitro que consiste en la preparaci\u00f3n endometrial, desvitrificaci\u00f3n y transferencia intrauterina de embriones previamente vitrificados en ciclos anteriores. La tasa de embarazo es muy parecida a la transferencia en [...]","og_url":"https:\/\/fertility.com.gt\/en\/fet\/","og_site_name":"Fertility Guatemala","article_modified_time":"2026-04-22T15:21:03+00:00","og_image":[{"url":"https:\/\/fertility.com.gt\/wp-content\/uploads\/2026\/04\/GYC.jpg","type":"","width":"","height":""}],"twitter_card":"summary_large_image","twitter_misc":{"Est. reading time":"2 minutes"},"schema":{"@context":"https:\/\/schema.org","@graph":[{"@type":"WebPage","@id":"https:\/\/fertility.com.gt\/fet\/","url":"https:\/\/fertility.com.gt\/fet\/","name":"FET - Fertility Guatemala","isPartOf":{"@id":"https:\/\/fertility.com.gt\/#website"},"primaryImageOfPage":{"@id":"https:\/\/fertility.com.gt\/fet\/#primaryimage"},"image":{"@id":"https:\/\/fertility.com.gt\/fet\/#primaryimage"},"thumbnailUrl":"https:\/\/fertility.com.gt\/wp-content\/uploads\/2026\/04\/GYC.jpg","datePublished":"2025-12-08T05:32:38+00:00","dateModified":"2026-04-22T15:21:03+00:00","breadcrumb":{"@id":"https:\/\/fertility.com.gt\/fet\/#breadcrumb"},"inLanguage":"en-US","potentialAction":[{"@type":"ReadAction","target":["https:\/\/fertility.com.gt\/fet\/"]}]},{"@type":"ImageObject","inLanguage":"en-US","@id":"https:\/\/fertility.com.gt\/fet\/#primaryimage","url":"https:\/\/fertility.com.gt\/wp-content\/uploads\/2026\/04\/GYC.jpg","contentUrl":"https:\/\/fertility.com.gt\/wp-content\/uploads\/2026\/04\/GYC.jpg"},{"@type":"BreadcrumbList","@id":"https:\/\/fertility.com.gt\/fet\/#breadcrumb","itemListElement":[{"@type":"ListItem","position":1,"name":"Home","item":"https:\/\/fertility.com.gt\/"},{"@type":"ListItem","position":2,"name":"FET"}]},{"@type":"WebSite","@id":"https:\/\/fertility.com.gt\/#website","url":"https:\/\/fertility.com.gt\/","name":"Fertility Guatemala","description":"","publisher":{"@id":"https:\/\/fertility.com.gt\/#organization"},"potentialAction":[{"@type":"SearchAction","target":{"@type":"EntryPoint","urlTemplate":"https:\/\/fertility.com.gt\/?s={search_term_string}"},"query-input":{"@type":"PropertyValueSpecification","valueRequired":true,"valueName":"search_term_string"}}],"inLanguage":"en-US"},{"@type":"Organization","@id":"https:\/\/fertility.com.gt\/#organization","name":"Fertility Guatemala","url":"https:\/\/fertility.com.gt\/","logo":{"@type":"ImageObject","inLanguage":"en-US","@id":"https:\/\/fertility.com.gt\/#\/schema\/logo\/image\/","url":"https:\/\/i0.wp.com\/fertility.com.gt\/wp-content\/uploads\/2025\/10\/Fertility_Logo_RGB_3-scaled.png?fit=2560%2C1024&ssl=1","contentUrl":"https:\/\/i0.wp.com\/fertility.com.gt\/wp-content\/uploads\/2025\/10\/Fertility_Logo_RGB_3-scaled.png?fit=2560%2C1024&ssl=1","width":2560,"height":1024,"caption":"Fertility Guatemala"},"image":{"@id":"https:\/\/fertility.com.gt\/#\/schema\/logo\/image\/"}}]}},"jetpack_sharing_enabled":true,"_links":{"self":[{"href":"https:\/\/fertility.com.gt\/en\/wp-json\/wp\/v2\/pages\/712","targetHints":{"allow":["GET"]}}],"collection":[{"href":"https:\/\/fertility.com.gt\/en\/wp-json\/wp\/v2\/pages"}],"about":[{"href":"https:\/\/fertility.com.gt\/en\/wp-json\/wp\/v2\/types\/page"}],"author":[{"embeddable":true,"href":"https:\/\/fertility.com.gt\/en\/wp-json\/wp\/v2\/users\/1"}],"replies":[{"embeddable":true,"href":"https:\/\/fertility.com.gt\/en\/wp-json\/wp\/v2\/comments?post=712"}],"version-history":[{"count":5,"href":"https:\/\/fertility.com.gt\/en\/wp-json\/wp\/v2\/pages\/712\/revisions"}],"predecessor-version":[{"id":857,"href":"https:\/\/fertility.com.gt\/en\/wp-json\/wp\/v2\/pages\/712\/revisions\/857"}],"wp:attachment":[{"href":"https:\/\/fertility.com.gt\/en\/wp-json\/wp\/v2\/media?parent=712"}],"curies":[{"name":"wp","href":"https:\/\/api.w.org\/{rel}","templated":true}]}}