{"id":706,"date":"2025-12-08T05:28:17","date_gmt":"2025-12-08T05:28:17","guid":{"rendered":"https:\/\/fertility.com.gt\/?page_id=706"},"modified":"2026-04-21T14:53:18","modified_gmt":"2026-04-21T14:53:18","slug":"icsi","status":"publish","type":"page","link":"https:\/\/fertility.com.gt\/en\/icsi\/","title":{"rendered":"ICSI"},"content":{"rendered":"<!DOCTYPE html>\n<html lang=\"es\">\n<head>\n    <meta charset=\"UTF-8\">\n    <meta name=\"viewport\" content=\"width=device-width, initial-scale=1.0\">\n    <title>Inyecci\u00f3n intracitoplasm\u00e1tica de espermatozoide (ICSI)<\/title>\n    <style>\n        body{ \n            margin:0; \n            font-family: Georgia, 'Times New Roman', serif; \n            background:#f4f6f9; \n            color:#222; \n        }\n        .blog-container{ \n            max-width:900px; \n            margin:80px auto; \n            padding:0 20px; \n        }\n        \/* T\u00cdTULO CENTRADO *\/\n        .blog-container h2{ \n            font-size:34px; \n            margin-bottom:40px; \n            font-weight:600; \n            text-align:center; \n            position:relative; \n        }\n        .blog-container h2::after{ \n            content:\"\"; \n            width:80px; \n            height:3px; \n            background:#1f3c88; \n            display:block; \n            margin:15px auto 0; \n            border-radius:2px; \n        }\n        .blog-container p{ \n            font-size:18px; \n            line-height:1.9; \n            text-align:justify; \n            margin-bottom:25px; \n        }\n        \/* IM\u00c1GENES *\/\n        .img-left{ \n            float:left; \n            width:300px; \n            margin:10px 30px 20px 0; \n            border-radius:12px; \n            box-shadow:0 10px 30px rgba(0,0,0,0.12); \n        }\n        \/* Limpiar float *\/\n        .clear{ \n            clear:both; \n        }\n        \/* RESPONSIVE *\/\n        @media (max-width:768px){\n            .blog-container{ \n                margin:50px auto; \n            }\n            .blog-container h2{ \n                font-size:28px; \n            }\n            .blog-container p{ \n                font-size:16px; \n            }\n            .img-left{ \n                float:none; \n                width:100%; \n                margin:0 0 20px 0; \n            }\n        }\n    <\/style>\n<\/head>\n<body>\n\n<section class=\"blog-container\">\n    <h2>Inyecci\u00f3n intracitoplasm\u00e1tica de espermatozoide (ICSI)<\/h2>\n\n    <img data-recalc-dims=\"1\" decoding=\"async\" loading=\"lazy\" src=\"https:\/\/i0.wp.com\/fertility.com.gt\/wp-content\/uploads\/2026\/04\/D758898-scaled.jpg?w=1020&#038;ssl=1\" alt=\"ICSI Laboratorio\" class=\"img-left\">\n\n    <p>\n        Es una de las t\u00e9cnicas m\u00e1s avanzadas de la fecundaci\u00f3n in Vitro (FIV). Con tasas de embarazo que oscilan entre el 25-65%. Permite inyectar un espermatozoide previamente seleccionado y capacitado directamente dentro de cada \u00f3vulo maduro.\n    <\/p>\n\n    <p>\n        Es realizado por embri\u00f3logos altamente calificados con la ayuda de un microscopio invertido de alta resoluci\u00f3n y acoplado a este un sistema de micro manipuladores hidr\u00e1ulicos para realizar movimientos microm\u00e9tricos y en control ambiental \u00f3ptimo.\n    <\/p>\n\n    <p>\n        Su indicaci\u00f3n es estudiada, evaluada y decidida previamente por el equipo de embri\u00f3logos y especialistas. Por lo general se usa para parejas con factor masculino severo, muestras de espermatozoides obtenidas quir\u00fargicamente por aspiraci\u00f3n de epid\u00eddimo o biopsia testicular, fallas en la fertilizaci\u00f3n con FIV, subfertilidad sin causa aparente, al realizar diagn\u00f3stico gen\u00e9tico pre implantacional y baja reserva ov\u00e1rica.\n    <\/p>\n\n    <div class=\"clear\"><\/div>\n<\/section>\n\n<\/body>\n<\/html>","protected":false},"excerpt":{"rendered":"<p>Inyecci\u00f3n intracitoplasm\u00e1tica de espermatozoide (ICSI) Inyecci\u00f3n intracitoplasm\u00e1tica de espermatozoide (ICSI) Es una de las t\u00e9cnicas m\u00e1s avanzadas de la fecundaci\u00f3n in Vitro (FIV). Con tasas de embarazo que oscilan entre el 25-65%. Permite inyectar un espermatozoide previamente seleccionado y capacitado directamente dentro de cada \u00f3vulo maduro. Es realizado por embri\u00f3logos altamente calificados con la ayuda [&#8230;]\n","protected":false},"author":1,"featured_media":0,"parent":0,"menu_order":0,"comment_status":"closed","ping_status":"closed","template":"","meta":{"nf_dc_page":"","om_disable_all_campaigns":false,"_monsterinsights_skip_tracking":false,"_monsterinsights_sitenote_active":false,"_monsterinsights_sitenote_note":"","_monsterinsights_sitenote_category":0,"_joinchat":[],"footnotes":""},"class_list":["post-706","page","type-page","status-publish","hentry"],"yoast_head":"<!-- This site is optimized with the Yoast SEO plugin v27.4 - https:\/\/yoast.com\/product\/yoast-seo-wordpress\/ -->\n<title>ICSI - Fertility Guatemala<\/title>\n<meta name=\"robots\" content=\"index, follow, max-snippet:-1, max-image-preview:large, max-video-preview:-1\" \/>\n<link rel=\"canonical\" href=\"https:\/\/fertility.com.gt\/en\/icsi\/\" \/>\n<meta property=\"og:locale\" content=\"en_US\" \/>\n<meta property=\"og:type\" content=\"article\" \/>\n<meta property=\"og:title\" content=\"ICSI - Fertility Guatemala\" \/>\n<meta property=\"og:description\" content=\"Inyecci\u00f3n intracitoplasm\u00e1tica de espermatozoide (ICSI) Inyecci\u00f3n intracitoplasm\u00e1tica de espermatozoide (ICSI) Es una de las t\u00e9cnicas m\u00e1s avanzadas de la fecundaci\u00f3n in Vitro (FIV). Con tasas de embarazo que oscilan entre el 25-65%. Permite inyectar un espermatozoide previamente seleccionado y capacitado directamente dentro de cada \u00f3vulo maduro. Es realizado por embri\u00f3logos altamente calificados con la ayuda [...]\" \/>\n<meta property=\"og:url\" content=\"https:\/\/fertility.com.gt\/en\/icsi\/\" \/>\n<meta property=\"og:site_name\" content=\"Fertility Guatemala\" \/>\n<meta property=\"article:modified_time\" content=\"2026-04-21T14:53:18+00:00\" \/>\n<meta property=\"og:image\" content=\"https:\/\/fertility.com.gt\/wp-content\/uploads\/2026\/04\/D758898-scaled.jpg\" \/>\n<meta name=\"twitter:card\" content=\"summary_large_image\" \/>\n<meta name=\"twitter:label1\" content=\"Est. reading time\" \/>\n\t<meta name=\"twitter:data1\" content=\"1 minute\" \/>\n<script type=\"application\/ld+json\" class=\"yoast-schema-graph\">{\"@context\":\"https:\\\/\\\/schema.org\",\"@graph\":[{\"@type\":\"WebPage\",\"@id\":\"https:\\\/\\\/fertility.com.gt\\\/icsi\\\/\",\"url\":\"https:\\\/\\\/fertility.com.gt\\\/icsi\\\/\",\"name\":\"ICSI - Fertility Guatemala\",\"isPartOf\":{\"@id\":\"https:\\\/\\\/fertility.com.gt\\\/#website\"},\"primaryImageOfPage\":{\"@id\":\"https:\\\/\\\/fertility.com.gt\\\/icsi\\\/#primaryimage\"},\"image\":{\"@id\":\"https:\\\/\\\/fertility.com.gt\\\/icsi\\\/#primaryimage\"},\"thumbnailUrl\":\"https:\\\/\\\/fertility.com.gt\\\/wp-content\\\/uploads\\\/2026\\\/04\\\/D758898-scaled.jpg\",\"datePublished\":\"2025-12-08T05:28:17+00:00\",\"dateModified\":\"2026-04-21T14:53:18+00:00\",\"breadcrumb\":{\"@id\":\"https:\\\/\\\/fertility.com.gt\\\/icsi\\\/#breadcrumb\"},\"inLanguage\":\"en-US\",\"potentialAction\":[{\"@type\":\"ReadAction\",\"target\":[\"https:\\\/\\\/fertility.com.gt\\\/icsi\\\/\"]}]},{\"@type\":\"ImageObject\",\"inLanguage\":\"en-US\",\"@id\":\"https:\\\/\\\/fertility.com.gt\\\/icsi\\\/#primaryimage\",\"url\":\"https:\\\/\\\/fertility.com.gt\\\/wp-content\\\/uploads\\\/2026\\\/04\\\/D758898-scaled.jpg\",\"contentUrl\":\"https:\\\/\\\/fertility.com.gt\\\/wp-content\\\/uploads\\\/2026\\\/04\\\/D758898-scaled.jpg\"},{\"@type\":\"BreadcrumbList\",\"@id\":\"https:\\\/\\\/fertility.com.gt\\\/icsi\\\/#breadcrumb\",\"itemListElement\":[{\"@type\":\"ListItem\",\"position\":1,\"name\":\"Home\",\"item\":\"https:\\\/\\\/fertility.com.gt\\\/\"},{\"@type\":\"ListItem\",\"position\":2,\"name\":\"ICSI\"}]},{\"@type\":\"WebSite\",\"@id\":\"https:\\\/\\\/fertility.com.gt\\\/#website\",\"url\":\"https:\\\/\\\/fertility.com.gt\\\/\",\"name\":\"Fertility Guatemala\",\"description\":\"\",\"publisher\":{\"@id\":\"https:\\\/\\\/fertility.com.gt\\\/#organization\"},\"potentialAction\":[{\"@type\":\"SearchAction\",\"target\":{\"@type\":\"EntryPoint\",\"urlTemplate\":\"https:\\\/\\\/fertility.com.gt\\\/?s={search_term_string}\"},\"query-input\":{\"@type\":\"PropertyValueSpecification\",\"valueRequired\":true,\"valueName\":\"search_term_string\"}}],\"inLanguage\":\"en-US\"},{\"@type\":\"Organization\",\"@id\":\"https:\\\/\\\/fertility.com.gt\\\/#organization\",\"name\":\"Fertility Guatemala\",\"url\":\"https:\\\/\\\/fertility.com.gt\\\/\",\"logo\":{\"@type\":\"ImageObject\",\"inLanguage\":\"en-US\",\"@id\":\"https:\\\/\\\/fertility.com.gt\\\/#\\\/schema\\\/logo\\\/image\\\/\",\"url\":\"https:\\\/\\\/i0.wp.com\\\/fertility.com.gt\\\/wp-content\\\/uploads\\\/2025\\\/10\\\/Fertility_Logo_RGB_3-scaled.png?fit=2560%2C1024&ssl=1\",\"contentUrl\":\"https:\\\/\\\/i0.wp.com\\\/fertility.com.gt\\\/wp-content\\\/uploads\\\/2025\\\/10\\\/Fertility_Logo_RGB_3-scaled.png?fit=2560%2C1024&ssl=1\",\"width\":2560,\"height\":1024,\"caption\":\"Fertility Guatemala\"},\"image\":{\"@id\":\"https:\\\/\\\/fertility.com.gt\\\/#\\\/schema\\\/logo\\\/image\\\/\"}}]}<\/script>\n<!-- \/ Yoast SEO plugin. -->","yoast_head_json":{"title":"ICSI - Fertility Guatemala","robots":{"index":"index","follow":"follow","max-snippet":"max-snippet:-1","max-image-preview":"max-image-preview:large","max-video-preview":"max-video-preview:-1"},"canonical":"https:\/\/fertility.com.gt\/en\/icsi\/","og_locale":"en_US","og_type":"article","og_title":"ICSI - Fertility Guatemala","og_description":"Inyecci\u00f3n intracitoplasm\u00e1tica de espermatozoide (ICSI) Inyecci\u00f3n intracitoplasm\u00e1tica de espermatozoide (ICSI) Es una de las t\u00e9cnicas m\u00e1s avanzadas de la fecundaci\u00f3n in Vitro (FIV). Con tasas de embarazo que oscilan entre el 25-65%. Permite inyectar un espermatozoide previamente seleccionado y capacitado directamente dentro de cada \u00f3vulo maduro. Es realizado por embri\u00f3logos altamente calificados con la ayuda [...]","og_url":"https:\/\/fertility.com.gt\/en\/icsi\/","og_site_name":"Fertility Guatemala","article_modified_time":"2026-04-21T14:53:18+00:00","og_image":[{"url":"https:\/\/fertility.com.gt\/wp-content\/uploads\/2026\/04\/D758898-scaled.jpg","type":"","width":"","height":""}],"twitter_card":"summary_large_image","twitter_misc":{"Est. reading time":"1 minute"},"schema":{"@context":"https:\/\/schema.org","@graph":[{"@type":"WebPage","@id":"https:\/\/fertility.com.gt\/icsi\/","url":"https:\/\/fertility.com.gt\/icsi\/","name":"ICSI - Fertility Guatemala","isPartOf":{"@id":"https:\/\/fertility.com.gt\/#website"},"primaryImageOfPage":{"@id":"https:\/\/fertility.com.gt\/icsi\/#primaryimage"},"image":{"@id":"https:\/\/fertility.com.gt\/icsi\/#primaryimage"},"thumbnailUrl":"https:\/\/fertility.com.gt\/wp-content\/uploads\/2026\/04\/D758898-scaled.jpg","datePublished":"2025-12-08T05:28:17+00:00","dateModified":"2026-04-21T14:53:18+00:00","breadcrumb":{"@id":"https:\/\/fertility.com.gt\/icsi\/#breadcrumb"},"inLanguage":"en-US","potentialAction":[{"@type":"ReadAction","target":["https:\/\/fertility.com.gt\/icsi\/"]}]},{"@type":"ImageObject","inLanguage":"en-US","@id":"https:\/\/fertility.com.gt\/icsi\/#primaryimage","url":"https:\/\/fertility.com.gt\/wp-content\/uploads\/2026\/04\/D758898-scaled.jpg","contentUrl":"https:\/\/fertility.com.gt\/wp-content\/uploads\/2026\/04\/D758898-scaled.jpg"},{"@type":"BreadcrumbList","@id":"https:\/\/fertility.com.gt\/icsi\/#breadcrumb","itemListElement":[{"@type":"ListItem","position":1,"name":"Home","item":"https:\/\/fertility.com.gt\/"},{"@type":"ListItem","position":2,"name":"ICSI"}]},{"@type":"WebSite","@id":"https:\/\/fertility.com.gt\/#website","url":"https:\/\/fertility.com.gt\/","name":"Fertility Guatemala","description":"","publisher":{"@id":"https:\/\/fertility.com.gt\/#organization"},"potentialAction":[{"@type":"SearchAction","target":{"@type":"EntryPoint","urlTemplate":"https:\/\/fertility.com.gt\/?s={search_term_string}"},"query-input":{"@type":"PropertyValueSpecification","valueRequired":true,"valueName":"search_term_string"}}],"inLanguage":"en-US"},{"@type":"Organization","@id":"https:\/\/fertility.com.gt\/#organization","name":"Fertility Guatemala","url":"https:\/\/fertility.com.gt\/","logo":{"@type":"ImageObject","inLanguage":"en-US","@id":"https:\/\/fertility.com.gt\/#\/schema\/logo\/image\/","url":"https:\/\/i0.wp.com\/fertility.com.gt\/wp-content\/uploads\/2025\/10\/Fertility_Logo_RGB_3-scaled.png?fit=2560%2C1024&ssl=1","contentUrl":"https:\/\/i0.wp.com\/fertility.com.gt\/wp-content\/uploads\/2025\/10\/Fertility_Logo_RGB_3-scaled.png?fit=2560%2C1024&ssl=1","width":2560,"height":1024,"caption":"Fertility Guatemala"},"image":{"@id":"https:\/\/fertility.com.gt\/#\/schema\/logo\/image\/"}}]}},"jetpack_sharing_enabled":true,"_links":{"self":[{"href":"https:\/\/fertility.com.gt\/en\/wp-json\/wp\/v2\/pages\/706","targetHints":{"allow":["GET"]}}],"collection":[{"href":"https:\/\/fertility.com.gt\/en\/wp-json\/wp\/v2\/pages"}],"about":[{"href":"https:\/\/fertility.com.gt\/en\/wp-json\/wp\/v2\/types\/page"}],"author":[{"embeddable":true,"href":"https:\/\/fertility.com.gt\/en\/wp-json\/wp\/v2\/users\/1"}],"replies":[{"embeddable":true,"href":"https:\/\/fertility.com.gt\/en\/wp-json\/wp\/v2\/comments?post=706"}],"version-history":[{"count":3,"href":"https:\/\/fertility.com.gt\/en\/wp-json\/wp\/v2\/pages\/706\/revisions"}],"predecessor-version":[{"id":847,"href":"https:\/\/fertility.com.gt\/en\/wp-json\/wp\/v2\/pages\/706\/revisions\/847"}],"wp:attachment":[{"href":"https:\/\/fertility.com.gt\/en\/wp-json\/wp\/v2\/media?parent=706"}],"curies":[{"name":"wp","href":"https:\/\/api.w.org\/{rel}","templated":true}]}}