{"id":703,"date":"2025-12-08T05:26:36","date_gmt":"2025-12-08T05:26:36","guid":{"rendered":"https:\/\/fertility.com.gt\/?page_id=703"},"modified":"2026-02-23T23:56:04","modified_gmt":"2026-02-23T23:56:04","slug":"fertilizacion-in-vitro-fiv","status":"publish","type":"page","link":"https:\/\/fertility.com.gt\/en\/fertilizacion-in-vitro-fiv\/","title":{"rendered":"Fertilizaci\u00f3n in Vitro (FIV)"},"content":{"rendered":"<!DOCTYPE html>\n<html lang=\"es\">\n<head>\n<meta charset=\"UTF-8\">\n<meta name=\"viewport\" content=\"width=device-width, initial-scale=1.0\">\n<title>Fertilizaci\u00f3n in Vitro (FIV)<\/title>\n<style>\nbody{\n    margin:0;\n    font-family: Georgia, 'Times New Roman', serif;\n    background:#f4f6f9;\n    color:#222;\n}\n\n.blog-container{\n    max-width:900px;\n    margin:80px auto;\n    padding:0 20px;\n}\n\n\/* T\u00cdTULO CENTRADO *\/\n.blog-container h2{\n    font-size:34px;\n    margin-bottom:40px;\n    font-weight:600;\n    text-align:center;\n    position:relative;\n}\n\n.blog-container h2::after{\n    content:\"\";\n    width:80px;\n    height:3px;\n    background:#1f3c88;\n    display:block;\n    margin:15px auto 0;\n    border-radius:2px;\n}\n\n.blog-container p{\n    font-size:18px;\n    line-height:1.9;\n    text-align:justify;\n    margin-bottom:25px;\n}\n\n\/* IM\u00c1GENES *\/\n.img-left{\n    float:left;\n    width:300px; \/* m\u00e1s peque\u00f1a *\/\n    margin:10px 30px 20px 0;\n    border-radius:12px;\n    box-shadow:0 10px 30px rgba(0,0,0,0.12);\n}\n\n.img-right{\n    float:right;\n    width:380px;\n    margin:10px 0 20px 30px;\n    border-radius:12px;\n    box-shadow:0 10px 30px rgba(0,0,0,0.12);\n}\n\n\/* Limpiar float *\/\n.clear{\n    clear:both;\n}\n\n\/* RESPONSIVE *\/\n@media (max-width:768px){\n    .blog-container{\n        margin:50px auto;\n    }\n\n    .blog-container h2{\n        font-size:28px;\n    }\n\n    .blog-container p{\n        font-size:16px;\n    }\n\n    .img-left, .img-right{\n        float:none;\n        width:100%;\n        margin:0 0 20px 0;\n    }\n}\n<\/style>\n<\/head>\n<body>\n\n<section class=\"blog-container\">\n\n    <h2>Fertilizaci\u00f3n in Vitro (FIV)<\/h2>\n\n    <!-- Primera imagen a la izquierda, m\u00e1s peque\u00f1a -->\n    <img data-recalc-dims=\"1\" decoding=\"async\" loading=\"lazy\" src=\"https:\/\/i0.wp.com\/fertility.com.gt\/wp-content\/uploads\/2026\/02\/D758840-scaled.jpg?w=1020&#038;ssl=1\" alt=\"FIV laboratorio\" class=\"img-left\">\n\n    <p>\n    La FIV es uno de los tratamientos m\u00e1s avanzados y eficaces de las t\u00e9cnicas de reproducci\u00f3n asistida (TRA). Tiene una tasa de embarazo que oscila entre el 25-65%. Indicado para pacientes con factor masculino moderado a severo, trompas obstruidas, subfertilidad sin causa aparente, edad materna avanzada, reserva ov\u00e1rica baja, fallas previas a inseminaci\u00f3n intrauterina, endometriosis, necesidad de estudios gen\u00e9ticos pre implantacional y\/o p\u00e9rdida gestacional recurrente.\n    <\/p>\n\n    <p>\n    Consta de 3 etapas importantes:\n    <\/p>\n\n    <p><strong>a. Estimulaci\u00f3n ov\u00e1rica controlada (EOC):<\/strong> consiste en administrar la hormona fol\u00edculo estimulante y\/o Luteinizante de forma individualizada y controlada para lograr la mayor cantidad de fol\u00edculos mayores de 17 mm. Existen diferentes protocolos de estimulaci\u00f3n, dosis y combinaciones con inductores orales, y coadyuvantes. Estos son previamente analizados por nuestros especialistas para hacer un protocolo individualizado. Es muy importante realizar un seguimiento folicular cercano con ultrasonidos vaginales y pruebas hormonales. Seg\u00fan estos controles el especialista decidir\u00e1 pasar a la segunda etapa.<\/p>\n\n    <p><strong>b. Aspiraci\u00f3n Transvaginal de Ovocitos:<\/strong> Se lleva a cabo en una sala especial a la par del laboratorio de fertilizaci\u00f3n in Vitro con las mismas condiciones de seguridad, control ambiental y de calidad. Es un procedimiento ambulatorio y con la ayuda de un anestesi\u00f3logo se le administra a la paciente una sedaci\u00f3n intravenosa.<\/p>\n\n    <p>Luego, el especialista inicia la aspiraci\u00f3n transvaginal con la ayuda de una aguja especial de doble lumen y guiada por ultrasonido por medio de un transductor transvaginal. Se aspira fol\u00edculo por fol\u00edculo captando el l\u00edquido folicular en tubos especiales a temperatura corp\u00f3rea y se traslada al laboratorio donde el equipo de embri\u00f3logos los capta y guardan en las incubadoras.<\/p>\n\n    <p>Unas horas despu\u00e9s se realiza la inseminaci\u00f3n que consiste en dejar alrededor de los \u00f3vulos los mejores espermatozoides previamente seleccionados y capacitados. Estos son dejados dentro de las incubadoras de \u00faltima generaci\u00f3n y 18-22 hrs despu\u00e9s se eval\u00faa la fertilizaci\u00f3n.<\/p>\n\n    <p>Luego de 5 d\u00edas en la incubadora se revisa la tasa de blastulaci\u00f3n, el estadio ideal para llevar a cabo la siguiente etapa, la transferencia de embriones y\/o su criopreservaci\u00f3n. En algunos casos los especialistas deciden hacer la transferencia en el d\u00eda tres. El d\u00eda de la aspiraci\u00f3n de \u00f3vulos se inicia el soporte de fase l\u00fatea con progesterona.<\/p>\n\n    <p><strong>c. Transferencia de embriones:<\/strong> es un procedimiento ambulatorio en donde puede entrar la pareja o una persona de confianza.<\/p>\n\n    <!-- Segunda imagen a la derecha -->\n    <img data-recalc-dims=\"1\" decoding=\"async\" loading=\"lazy\" src=\"https:\/\/i0.wp.com\/fertility.com.gt\/wp-content\/uploads\/2026\/02\/X_D758989-scaled.jpg?w=1020&#038;ssl=1\" alt=\"Equipo FIV\" class=\"img-right\">\n\n    <p>Se realiza en la sala de transferencias a la par del laboratorio de FIV. Cuando la paciente tiene la vejiga llena es trasladada a la sala y colocada en posici\u00f3n ginecol\u00f3gica. El especialista coloca un esp\u00e9culo para visualizar el cuello de la matriz y limpiar el exceso de moco cervical. Otro de nuestros especialistas realiza un ultrasonido transabdominal para que el m\u00e9dico tratante pueda visualizar el \u00fatero y su cavidad endometrial. Cuando ambos especialistas sincronizados con la mejor visualizaci\u00f3n del endometrio, se inicia el paso del cat\u00e9ter de transferencia. Este cat\u00e9ter cuenta con un doble cat\u00e9ter, primero se coloca el cat\u00e9ter gu\u00eda que permite sobrepasar el canal cervical y que muchas veces puede ser tortuoso. Al visualizarlo pasando el orificio cervical interno se solicita al equipo de embri\u00f3logos que se cargue el embri\u00f3n al cat\u00e9ter ultra sueve de transferencia. Este cat\u00e9ter cuenta en su punta con un artefacto hiperrefringente que brilla en el ultrasonido, permitiendo visualizar el lugar exacto para realizar la transferencia en el tercio medio superior de la cavidad endometrial. Luego, se retira el cat\u00e9ter y se revisa en el laboratorio para confirmar que la transferencia ha sido exitosa. La paciente se queda unos minutos en la camilla y luego puede retirarse y tener una vida normal pero m\u00e1s tranquila, principalmente las primeras 48 hrs. Se mantiene el soporte de fase l\u00fatea por diez d\u00edas cuando se realizara la prueba de embarazo. Si positiva, seguir\u00e1 con la misma hasta que el m\u00e9dico indique.<\/p>\n\n    <p>La FIV es una t\u00e9cnica que debe ser realizada por un equipo de especialistas y que con las indicaciones correctas puede ser de mucha ayuda. Con perseverancia se ha demostrado que la tasa de embarazo acumulada sobrepasa el 85% luego de dos a tres transferencias.<\/p>\n\n    <div class=\"clear\"><\/div>\n\n<\/section>\n<\/body>\n<\/html>","protected":false},"excerpt":{"rendered":"<p>Fertilizaci\u00f3n in Vitro (FIV) Fertilizaci\u00f3n in Vitro (FIV) La FIV es uno de los tratamientos m\u00e1s avanzados y eficaces de las t\u00e9cnicas de reproducci\u00f3n asistida (TRA). Tiene una tasa de embarazo que oscila entre el 25-65%. Indicado para pacientes con factor masculino moderado a severo, trompas obstruidas, subfertilidad sin causa aparente, edad materna avanzada, reserva [&#8230;]\n","protected":false},"author":1,"featured_media":0,"parent":0,"menu_order":0,"comment_status":"closed","ping_status":"closed","template":"","meta":{"nf_dc_page":"","om_disable_all_campaigns":false,"_monsterinsights_skip_tracking":false,"_monsterinsights_sitenote_active":false,"_monsterinsights_sitenote_note":"","_monsterinsights_sitenote_category":0,"_joinchat":[],"footnotes":""},"class_list":["post-703","page","type-page","status-publish","hentry"],"yoast_head":"<!-- This site is optimized with the Yoast SEO plugin v27.4 - https:\/\/yoast.com\/product\/yoast-seo-wordpress\/ -->\n<title>Fertilizaci\u00f3n in Vitro (FIV) - Fertility Guatemala<\/title>\n<meta name=\"robots\" content=\"index, follow, max-snippet:-1, max-image-preview:large, max-video-preview:-1\" \/>\n<link rel=\"canonical\" href=\"https:\/\/fertility.com.gt\/en\/fertilizacion-in-vitro-fiv\/\" \/>\n<meta property=\"og:locale\" content=\"en_US\" \/>\n<meta property=\"og:type\" content=\"article\" \/>\n<meta property=\"og:title\" content=\"Fertilizaci\u00f3n in Vitro (FIV) - Fertility Guatemala\" \/>\n<meta property=\"og:description\" content=\"Fertilizaci\u00f3n in Vitro (FIV) Fertilizaci\u00f3n in Vitro (FIV) La FIV es uno de los tratamientos m\u00e1s avanzados y eficaces de las t\u00e9cnicas de reproducci\u00f3n asistida (TRA). Tiene una tasa de embarazo que oscila entre el 25-65%. Indicado para pacientes con factor masculino moderado a severo, trompas obstruidas, subfertilidad sin causa aparente, edad materna avanzada, reserva [...]\" \/>\n<meta property=\"og:url\" content=\"https:\/\/fertility.com.gt\/en\/fertilizacion-in-vitro-fiv\/\" \/>\n<meta property=\"og:site_name\" content=\"Fertility Guatemala\" \/>\n<meta property=\"article:modified_time\" content=\"2026-02-23T23:56:04+00:00\" \/>\n<meta property=\"og:image\" content=\"https:\/\/fertility.com.gt\/wp-content\/uploads\/2026\/02\/D758840-scaled.jpg\" \/>\n<meta name=\"twitter:card\" content=\"summary_large_image\" \/>\n<script type=\"application\/ld+json\" class=\"yoast-schema-graph\">{\"@context\":\"https:\\\/\\\/schema.org\",\"@graph\":[{\"@type\":\"WebPage\",\"@id\":\"https:\\\/\\\/fertility.com.gt\\\/fertilizacion-in-vitro-fiv\\\/\",\"url\":\"https:\\\/\\\/fertility.com.gt\\\/fertilizacion-in-vitro-fiv\\\/\",\"name\":\"Fertilizaci\u00f3n in Vitro (FIV) - Fertility Guatemala\",\"isPartOf\":{\"@id\":\"https:\\\/\\\/fertility.com.gt\\\/#website\"},\"primaryImageOfPage\":{\"@id\":\"https:\\\/\\\/fertility.com.gt\\\/fertilizacion-in-vitro-fiv\\\/#primaryimage\"},\"image\":{\"@id\":\"https:\\\/\\\/fertility.com.gt\\\/fertilizacion-in-vitro-fiv\\\/#primaryimage\"},\"thumbnailUrl\":\"https:\\\/\\\/fertility.com.gt\\\/wp-content\\\/uploads\\\/2026\\\/02\\\/D758840-scaled.jpg\",\"datePublished\":\"2025-12-08T05:26:36+00:00\",\"dateModified\":\"2026-02-23T23:56:04+00:00\",\"breadcrumb\":{\"@id\":\"https:\\\/\\\/fertility.com.gt\\\/fertilizacion-in-vitro-fiv\\\/#breadcrumb\"},\"inLanguage\":\"en-US\",\"potentialAction\":[{\"@type\":\"ReadAction\",\"target\":[\"https:\\\/\\\/fertility.com.gt\\\/fertilizacion-in-vitro-fiv\\\/\"]}]},{\"@type\":\"ImageObject\",\"inLanguage\":\"en-US\",\"@id\":\"https:\\\/\\\/fertility.com.gt\\\/fertilizacion-in-vitro-fiv\\\/#primaryimage\",\"url\":\"https:\\\/\\\/fertility.com.gt\\\/wp-content\\\/uploads\\\/2026\\\/02\\\/D758840-scaled.jpg\",\"contentUrl\":\"https:\\\/\\\/fertility.com.gt\\\/wp-content\\\/uploads\\\/2026\\\/02\\\/D758840-scaled.jpg\"},{\"@type\":\"BreadcrumbList\",\"@id\":\"https:\\\/\\\/fertility.com.gt\\\/fertilizacion-in-vitro-fiv\\\/#breadcrumb\",\"itemListElement\":[{\"@type\":\"ListItem\",\"position\":1,\"name\":\"Home\",\"item\":\"https:\\\/\\\/fertility.com.gt\\\/\"},{\"@type\":\"ListItem\",\"position\":2,\"name\":\"Fertilizaci\u00f3n in Vitro (FIV)\"}]},{\"@type\":\"WebSite\",\"@id\":\"https:\\\/\\\/fertility.com.gt\\\/#website\",\"url\":\"https:\\\/\\\/fertility.com.gt\\\/\",\"name\":\"Fertility Guatemala\",\"description\":\"\",\"publisher\":{\"@id\":\"https:\\\/\\\/fertility.com.gt\\\/#organization\"},\"potentialAction\":[{\"@type\":\"SearchAction\",\"target\":{\"@type\":\"EntryPoint\",\"urlTemplate\":\"https:\\\/\\\/fertility.com.gt\\\/?s={search_term_string}\"},\"query-input\":{\"@type\":\"PropertyValueSpecification\",\"valueRequired\":true,\"valueName\":\"search_term_string\"}}],\"inLanguage\":\"en-US\"},{\"@type\":\"Organization\",\"@id\":\"https:\\\/\\\/fertility.com.gt\\\/#organization\",\"name\":\"Fertility Guatemala\",\"url\":\"https:\\\/\\\/fertility.com.gt\\\/\",\"logo\":{\"@type\":\"ImageObject\",\"inLanguage\":\"en-US\",\"@id\":\"https:\\\/\\\/fertility.com.gt\\\/#\\\/schema\\\/logo\\\/image\\\/\",\"url\":\"https:\\\/\\\/i0.wp.com\\\/fertility.com.gt\\\/wp-content\\\/uploads\\\/2025\\\/10\\\/Fertility_Logo_RGB_3-scaled.png?fit=2560%2C1024&ssl=1\",\"contentUrl\":\"https:\\\/\\\/i0.wp.com\\\/fertility.com.gt\\\/wp-content\\\/uploads\\\/2025\\\/10\\\/Fertility_Logo_RGB_3-scaled.png?fit=2560%2C1024&ssl=1\",\"width\":2560,\"height\":1024,\"caption\":\"Fertility Guatemala\"},\"image\":{\"@id\":\"https:\\\/\\\/fertility.com.gt\\\/#\\\/schema\\\/logo\\\/image\\\/\"}}]}<\/script>\n<!-- \/ Yoast SEO plugin. -->","yoast_head_json":{"title":"Fertilizaci\u00f3n in Vitro (FIV) - Fertility Guatemala","robots":{"index":"index","follow":"follow","max-snippet":"max-snippet:-1","max-image-preview":"max-image-preview:large","max-video-preview":"max-video-preview:-1"},"canonical":"https:\/\/fertility.com.gt\/en\/fertilizacion-in-vitro-fiv\/","og_locale":"en_US","og_type":"article","og_title":"Fertilizaci\u00f3n in Vitro (FIV) - Fertility Guatemala","og_description":"Fertilizaci\u00f3n in Vitro (FIV) Fertilizaci\u00f3n in Vitro (FIV) La FIV es uno de los tratamientos m\u00e1s avanzados y eficaces de las t\u00e9cnicas de reproducci\u00f3n asistida (TRA). Tiene una tasa de embarazo que oscila entre el 25-65%. Indicado para pacientes con factor masculino moderado a severo, trompas obstruidas, subfertilidad sin causa aparente, edad materna avanzada, reserva [...]","og_url":"https:\/\/fertility.com.gt\/en\/fertilizacion-in-vitro-fiv\/","og_site_name":"Fertility Guatemala","article_modified_time":"2026-02-23T23:56:04+00:00","og_image":[{"url":"https:\/\/fertility.com.gt\/wp-content\/uploads\/2026\/02\/D758840-scaled.jpg","type":"","width":"","height":""}],"twitter_card":"summary_large_image","schema":{"@context":"https:\/\/schema.org","@graph":[{"@type":"WebPage","@id":"https:\/\/fertility.com.gt\/fertilizacion-in-vitro-fiv\/","url":"https:\/\/fertility.com.gt\/fertilizacion-in-vitro-fiv\/","name":"Fertilizaci\u00f3n in Vitro (FIV) - Fertility Guatemala","isPartOf":{"@id":"https:\/\/fertility.com.gt\/#website"},"primaryImageOfPage":{"@id":"https:\/\/fertility.com.gt\/fertilizacion-in-vitro-fiv\/#primaryimage"},"image":{"@id":"https:\/\/fertility.com.gt\/fertilizacion-in-vitro-fiv\/#primaryimage"},"thumbnailUrl":"https:\/\/fertility.com.gt\/wp-content\/uploads\/2026\/02\/D758840-scaled.jpg","datePublished":"2025-12-08T05:26:36+00:00","dateModified":"2026-02-23T23:56:04+00:00","breadcrumb":{"@id":"https:\/\/fertility.com.gt\/fertilizacion-in-vitro-fiv\/#breadcrumb"},"inLanguage":"en-US","potentialAction":[{"@type":"ReadAction","target":["https:\/\/fertility.com.gt\/fertilizacion-in-vitro-fiv\/"]}]},{"@type":"ImageObject","inLanguage":"en-US","@id":"https:\/\/fertility.com.gt\/fertilizacion-in-vitro-fiv\/#primaryimage","url":"https:\/\/fertility.com.gt\/wp-content\/uploads\/2026\/02\/D758840-scaled.jpg","contentUrl":"https:\/\/fertility.com.gt\/wp-content\/uploads\/2026\/02\/D758840-scaled.jpg"},{"@type":"BreadcrumbList","@id":"https:\/\/fertility.com.gt\/fertilizacion-in-vitro-fiv\/#breadcrumb","itemListElement":[{"@type":"ListItem","position":1,"name":"Home","item":"https:\/\/fertility.com.gt\/"},{"@type":"ListItem","position":2,"name":"Fertilizaci\u00f3n in Vitro (FIV)"}]},{"@type":"WebSite","@id":"https:\/\/fertility.com.gt\/#website","url":"https:\/\/fertility.com.gt\/","name":"Fertility Guatemala","description":"","publisher":{"@id":"https:\/\/fertility.com.gt\/#organization"},"potentialAction":[{"@type":"SearchAction","target":{"@type":"EntryPoint","urlTemplate":"https:\/\/fertility.com.gt\/?s={search_term_string}"},"query-input":{"@type":"PropertyValueSpecification","valueRequired":true,"valueName":"search_term_string"}}],"inLanguage":"en-US"},{"@type":"Organization","@id":"https:\/\/fertility.com.gt\/#organization","name":"Fertility Guatemala","url":"https:\/\/fertility.com.gt\/","logo":{"@type":"ImageObject","inLanguage":"en-US","@id":"https:\/\/fertility.com.gt\/#\/schema\/logo\/image\/","url":"https:\/\/i0.wp.com\/fertility.com.gt\/wp-content\/uploads\/2025\/10\/Fertility_Logo_RGB_3-scaled.png?fit=2560%2C1024&ssl=1","contentUrl":"https:\/\/i0.wp.com\/fertility.com.gt\/wp-content\/uploads\/2025\/10\/Fertility_Logo_RGB_3-scaled.png?fit=2560%2C1024&ssl=1","width":2560,"height":1024,"caption":"Fertility Guatemala"},"image":{"@id":"https:\/\/fertility.com.gt\/#\/schema\/logo\/image\/"}}]}},"jetpack_sharing_enabled":true,"_links":{"self":[{"href":"https:\/\/fertility.com.gt\/en\/wp-json\/wp\/v2\/pages\/703","targetHints":{"allow":["GET"]}}],"collection":[{"href":"https:\/\/fertility.com.gt\/en\/wp-json\/wp\/v2\/pages"}],"about":[{"href":"https:\/\/fertility.com.gt\/en\/wp-json\/wp\/v2\/types\/page"}],"author":[{"embeddable":true,"href":"https:\/\/fertility.com.gt\/en\/wp-json\/wp\/v2\/users\/1"}],"replies":[{"embeddable":true,"href":"https:\/\/fertility.com.gt\/en\/wp-json\/wp\/v2\/comments?post=703"}],"version-history":[{"count":5,"href":"https:\/\/fertility.com.gt\/en\/wp-json\/wp\/v2\/pages\/703\/revisions"}],"predecessor-version":[{"id":841,"href":"https:\/\/fertility.com.gt\/en\/wp-json\/wp\/v2\/pages\/703\/revisions\/841"}],"wp:attachment":[{"href":"https:\/\/fertility.com.gt\/en\/wp-json\/wp\/v2\/media?parent=703"}],"curies":[{"name":"wp","href":"https:\/\/api.w.org\/{rel}","templated":true}]}}