{"id":643,"date":"2025-11-25T02:35:39","date_gmt":"2025-11-25T02:35:39","guid":{"rendered":"https:\/\/fertility.com.gt\/?page_id=643"},"modified":"2025-11-25T02:38:09","modified_gmt":"2025-11-25T02:38:09","slug":"estimulacion-ovarica-controlada-eoc","status":"publish","type":"page","link":"https:\/\/fertility.com.gt\/en\/estimulacion-ovarica-controlada-eoc\/","title":{"rendered":"Estimulaci\u00f3n ov\u00e1rica controlada (EOC)\u00a0"},"content":{"rendered":"<h1 class=\"wp-block-heading has-text-align-center\">Estimulaci\u00f3n ov\u00e1rica controlada (EOC)<\/h1>\n\n\n\n<p class=\"justificado\">La EOC es una de las etapas m\u00e1s importantes en los tratamientos de reproducci\u00f3n asistida (TRA). Su objetivo es lograr que uno o los dos ovarios produzcan mas de un \u00f3vulo maduro (MII) en un mismo ciclo, aumentando as\u00ed las posibilidades de lograr un embarazo de un 3-5% a un 10-15%.&nbsp;<\/p>\n\n\n\n<p class=\"justificado\">Para su realizaci\u00f3n es necesario la administraci\u00f3n, cuidadosamente dosificados, de inductores de la ovulaci\u00f3n al inicio del ciclo menstrual (2do-5to d\u00eda del ciclo) como el letrozol o el citrato de clomifeno, y\/o las gonadotropinas como la hormona fol\u00edculo estimulante (FSH), para estimular el crecimiento de los fol\u00edculos los cuales contienen los \u00f3vulos. A lo largo del tratamiento, se realiza un seguimiento folicular estrecho por medio de ultrasonidos (1-3 por ciclo) y algunas veces estudios hormonales, para analizar la respuesta ov\u00e1rica y ajustar la dosis seg\u00fan la evoluci\u00f3n de cada paciente y si es necesario.&nbsp;&nbsp;<\/p>\n\n\n\n<p class=\"justificado\">Cuando los fol\u00edculos alcanzan el tama\u00f1o adecuado (&gt;17 mm) , se decide si se lleva a cabo un aumento de la frecuencia sexual o bien, se administra la hormona que induce la maduraci\u00f3n final de los \u00f3vulos (hCG\/LH) y su respectiva ovulaci\u00f3n para realizar, si se decide un coito dirigido o una inseminaci\u00f3n intrauterina.<\/p>\n\n\n\n<p class=\"justificado\">Es un proceso personalizado y seguro, adaptado a la edad, diagn\u00f3stico, reserva ov\u00e1rica y antecedentes m\u00e9dicos de cada paciente.&nbsp;El fin es lograr la mejor respuesta ov\u00e1rica posible, uno o dos fol\u00edculos en pacientes con desordenes hormonales y ovulatorios y dos o tres en pacientes con historia de subfertilidad sin causa aparente o factor masculino leve a moderado, y una experiencia tranquila y confiable para aumentar la probabilidad de lograr un bebe sano en casa.<\/p>\n\n\n\n<figure class=\"wp-block-image size-large\"><img data-recalc-dims=\"1\" loading=\"lazy\" decoding=\"async\" width=\"1020\" height=\"681\" src=\"https:\/\/i0.wp.com\/fertility.com.gt\/wp-content\/uploads\/2025\/11\/EOC.jpg?resize=1020%2C681&#038;ssl=1\" alt=\"\" class=\"wp-image-645\" srcset=\"https:\/\/i0.wp.com\/fertility.com.gt\/wp-content\/uploads\/2025\/11\/EOC-scaled.jpg?resize=1024%2C684&amp;ssl=1 1024w, https:\/\/i0.wp.com\/fertility.com.gt\/wp-content\/uploads\/2025\/11\/EOC-scaled.jpg?resize=300%2C200&amp;ssl=1 300w, https:\/\/i0.wp.com\/fertility.com.gt\/wp-content\/uploads\/2025\/11\/EOC-scaled.jpg?resize=768%2C513&amp;ssl=1 768w, https:\/\/i0.wp.com\/fertility.com.gt\/wp-content\/uploads\/2025\/11\/EOC-scaled.jpg?resize=1536%2C1025&amp;ssl=1 1536w, https:\/\/i0.wp.com\/fertility.com.gt\/wp-content\/uploads\/2025\/11\/EOC-scaled.jpg?resize=2048%2C1367&amp;ssl=1 2048w, https:\/\/i0.wp.com\/fertility.com.gt\/wp-content\/uploads\/2025\/11\/EOC-scaled.jpg?resize=18%2C12&amp;ssl=1 18w\" sizes=\"auto, (max-width: 1020px) 100vw, 1020px\" \/><\/figure>\n\n\n\n\n\n<p class=\"\"><\/p>","protected":false},"excerpt":{"rendered":"<p>Estimulaci\u00f3n ov\u00e1rica controlada (EOC) La EOC es una de las etapas m\u00e1s importantes en los tratamientos de reproducci\u00f3n asistida (TRA). Su objetivo es lograr que uno o los dos ovarios produzcan mas de un \u00f3vulo maduro (MII) en un mismo ciclo, aumentando as\u00ed las posibilidades de lograr un embarazo de un 3-5% a un 10-15%.&nbsp; [&#8230;]\n","protected":false},"author":1,"featured_media":0,"parent":0,"menu_order":0,"comment_status":"closed","ping_status":"closed","template":"","meta":{"nf_dc_page":"","om_disable_all_campaigns":false,"_monsterinsights_skip_tracking":false,"_monsterinsights_sitenote_active":false,"_monsterinsights_sitenote_note":"","_monsterinsights_sitenote_category":0,"_joinchat":[],"footnotes":""},"class_list":["post-643","page","type-page","status-publish","hentry"],"yoast_head":"<!-- This site is optimized with the Yoast SEO plugin v27.4 - https:\/\/yoast.com\/product\/yoast-seo-wordpress\/ -->\n<title>Estimulaci\u00f3n ov\u00e1rica controlada (EOC)\u00a0 - Fertility Guatemala<\/title>\n<meta name=\"robots\" content=\"index, follow, max-snippet:-1, max-image-preview:large, max-video-preview:-1\" \/>\n<link rel=\"canonical\" href=\"https:\/\/fertility.com.gt\/en\/estimulacion-ovarica-controlada-eoc\/\" \/>\n<meta property=\"og:locale\" content=\"en_US\" \/>\n<meta property=\"og:type\" content=\"article\" \/>\n<meta property=\"og:title\" content=\"Estimulaci\u00f3n ov\u00e1rica controlada (EOC)\u00a0 - Fertility Guatemala\" \/>\n<meta property=\"og:description\" content=\"Estimulaci\u00f3n ov\u00e1rica controlada (EOC) La EOC es una de las etapas m\u00e1s importantes en los tratamientos de reproducci\u00f3n asistida (TRA). Su objetivo es lograr que uno o los dos ovarios produzcan mas de un \u00f3vulo maduro (MII) en un mismo ciclo, aumentando as\u00ed las posibilidades de lograr un embarazo de un 3-5% a un 10-15%.&nbsp; [...]\" \/>\n<meta property=\"og:url\" content=\"https:\/\/fertility.com.gt\/en\/estimulacion-ovarica-controlada-eoc\/\" \/>\n<meta property=\"og:site_name\" content=\"Fertility Guatemala\" \/>\n<meta property=\"article:modified_time\" content=\"2025-11-25T02:38:09+00:00\" \/>\n<meta property=\"og:image\" content=\"https:\/\/fertility.com.gt\/wp-content\/uploads\/2025\/11\/EOC-1024x684.jpg\" \/>\n<meta name=\"twitter:card\" content=\"summary_large_image\" \/>\n<meta name=\"twitter:label1\" content=\"Est. reading time\" \/>\n\t<meta name=\"twitter:data1\" content=\"2 minutes\" \/>\n<script type=\"application\/ld+json\" class=\"yoast-schema-graph\">{\"@context\":\"https:\\\/\\\/schema.org\",\"@graph\":[{\"@type\":\"WebPage\",\"@id\":\"https:\\\/\\\/fertility.com.gt\\\/estimulacion-ovarica-controlada-eoc\\\/\",\"url\":\"https:\\\/\\\/fertility.com.gt\\\/estimulacion-ovarica-controlada-eoc\\\/\",\"name\":\"Estimulaci\u00f3n ov\u00e1rica controlada (EOC)\u00a0 - Fertility Guatemala\",\"isPartOf\":{\"@id\":\"https:\\\/\\\/fertility.com.gt\\\/#website\"},\"primaryImageOfPage\":{\"@id\":\"https:\\\/\\\/fertility.com.gt\\\/estimulacion-ovarica-controlada-eoc\\\/#primaryimage\"},\"image\":{\"@id\":\"https:\\\/\\\/fertility.com.gt\\\/estimulacion-ovarica-controlada-eoc\\\/#primaryimage\"},\"thumbnailUrl\":\"https:\\\/\\\/fertility.com.gt\\\/wp-content\\\/uploads\\\/2025\\\/11\\\/EOC-1024x684.jpg\",\"datePublished\":\"2025-11-25T02:35:39+00:00\",\"dateModified\":\"2025-11-25T02:38:09+00:00\",\"breadcrumb\":{\"@id\":\"https:\\\/\\\/fertility.com.gt\\\/estimulacion-ovarica-controlada-eoc\\\/#breadcrumb\"},\"inLanguage\":\"en-US\",\"potentialAction\":[{\"@type\":\"ReadAction\",\"target\":[\"https:\\\/\\\/fertility.com.gt\\\/estimulacion-ovarica-controlada-eoc\\\/\"]}]},{\"@type\":\"ImageObject\",\"inLanguage\":\"en-US\",\"@id\":\"https:\\\/\\\/fertility.com.gt\\\/estimulacion-ovarica-controlada-eoc\\\/#primaryimage\",\"url\":\"https:\\\/\\\/fertility.com.gt\\\/wp-content\\\/uploads\\\/2025\\\/11\\\/EOC-1024x684.jpg\",\"contentUrl\":\"https:\\\/\\\/fertility.com.gt\\\/wp-content\\\/uploads\\\/2025\\\/11\\\/EOC-1024x684.jpg\"},{\"@type\":\"BreadcrumbList\",\"@id\":\"https:\\\/\\\/fertility.com.gt\\\/estimulacion-ovarica-controlada-eoc\\\/#breadcrumb\",\"itemListElement\":[{\"@type\":\"ListItem\",\"position\":1,\"name\":\"Home\",\"item\":\"https:\\\/\\\/fertility.com.gt\\\/\"},{\"@type\":\"ListItem\",\"position\":2,\"name\":\"Estimulaci\u00f3n ov\u00e1rica controlada (EOC)\u00a0\"}]},{\"@type\":\"WebSite\",\"@id\":\"https:\\\/\\\/fertility.com.gt\\\/#website\",\"url\":\"https:\\\/\\\/fertility.com.gt\\\/\",\"name\":\"Fertility Guatemala\",\"description\":\"\",\"publisher\":{\"@id\":\"https:\\\/\\\/fertility.com.gt\\\/#organization\"},\"potentialAction\":[{\"@type\":\"SearchAction\",\"target\":{\"@type\":\"EntryPoint\",\"urlTemplate\":\"https:\\\/\\\/fertility.com.gt\\\/?s={search_term_string}\"},\"query-input\":{\"@type\":\"PropertyValueSpecification\",\"valueRequired\":true,\"valueName\":\"search_term_string\"}}],\"inLanguage\":\"en-US\"},{\"@type\":\"Organization\",\"@id\":\"https:\\\/\\\/fertility.com.gt\\\/#organization\",\"name\":\"Fertility Guatemala\",\"url\":\"https:\\\/\\\/fertility.com.gt\\\/\",\"logo\":{\"@type\":\"ImageObject\",\"inLanguage\":\"en-US\",\"@id\":\"https:\\\/\\\/fertility.com.gt\\\/#\\\/schema\\\/logo\\\/image\\\/\",\"url\":\"https:\\\/\\\/i0.wp.com\\\/fertility.com.gt\\\/wp-content\\\/uploads\\\/2025\\\/10\\\/Fertility_Logo_RGB_3-scaled.png?fit=2560%2C1024&ssl=1\",\"contentUrl\":\"https:\\\/\\\/i0.wp.com\\\/fertility.com.gt\\\/wp-content\\\/uploads\\\/2025\\\/10\\\/Fertility_Logo_RGB_3-scaled.png?fit=2560%2C1024&ssl=1\",\"width\":2560,\"height\":1024,\"caption\":\"Fertility Guatemala\"},\"image\":{\"@id\":\"https:\\\/\\\/fertility.com.gt\\\/#\\\/schema\\\/logo\\\/image\\\/\"}}]}<\/script>\n<!-- \/ Yoast SEO plugin. -->","yoast_head_json":{"title":"Estimulaci\u00f3n ov\u00e1rica controlada (EOC)\u00a0 - Fertility Guatemala","robots":{"index":"index","follow":"follow","max-snippet":"max-snippet:-1","max-image-preview":"max-image-preview:large","max-video-preview":"max-video-preview:-1"},"canonical":"https:\/\/fertility.com.gt\/en\/estimulacion-ovarica-controlada-eoc\/","og_locale":"en_US","og_type":"article","og_title":"Estimulaci\u00f3n ov\u00e1rica controlada (EOC)\u00a0 - Fertility Guatemala","og_description":"Estimulaci\u00f3n ov\u00e1rica controlada (EOC) La EOC es una de las etapas m\u00e1s importantes en los tratamientos de reproducci\u00f3n asistida (TRA). Su objetivo es lograr que uno o los dos ovarios produzcan mas de un \u00f3vulo maduro (MII) en un mismo ciclo, aumentando as\u00ed las posibilidades de lograr un embarazo de un 3-5% a un 10-15%.&nbsp; [...]","og_url":"https:\/\/fertility.com.gt\/en\/estimulacion-ovarica-controlada-eoc\/","og_site_name":"Fertility Guatemala","article_modified_time":"2025-11-25T02:38:09+00:00","og_image":[{"url":"https:\/\/fertility.com.gt\/wp-content\/uploads\/2025\/11\/EOC-1024x684.jpg","type":"","width":"","height":""}],"twitter_card":"summary_large_image","twitter_misc":{"Est. reading time":"2 minutes"},"schema":{"@context":"https:\/\/schema.org","@graph":[{"@type":"WebPage","@id":"https:\/\/fertility.com.gt\/estimulacion-ovarica-controlada-eoc\/","url":"https:\/\/fertility.com.gt\/estimulacion-ovarica-controlada-eoc\/","name":"Estimulaci\u00f3n ov\u00e1rica controlada (EOC)\u00a0 - Fertility Guatemala","isPartOf":{"@id":"https:\/\/fertility.com.gt\/#website"},"primaryImageOfPage":{"@id":"https:\/\/fertility.com.gt\/estimulacion-ovarica-controlada-eoc\/#primaryimage"},"image":{"@id":"https:\/\/fertility.com.gt\/estimulacion-ovarica-controlada-eoc\/#primaryimage"},"thumbnailUrl":"https:\/\/fertility.com.gt\/wp-content\/uploads\/2025\/11\/EOC-1024x684.jpg","datePublished":"2025-11-25T02:35:39+00:00","dateModified":"2025-11-25T02:38:09+00:00","breadcrumb":{"@id":"https:\/\/fertility.com.gt\/estimulacion-ovarica-controlada-eoc\/#breadcrumb"},"inLanguage":"en-US","potentialAction":[{"@type":"ReadAction","target":["https:\/\/fertility.com.gt\/estimulacion-ovarica-controlada-eoc\/"]}]},{"@type":"ImageObject","inLanguage":"en-US","@id":"https:\/\/fertility.com.gt\/estimulacion-ovarica-controlada-eoc\/#primaryimage","url":"https:\/\/fertility.com.gt\/wp-content\/uploads\/2025\/11\/EOC-1024x684.jpg","contentUrl":"https:\/\/fertility.com.gt\/wp-content\/uploads\/2025\/11\/EOC-1024x684.jpg"},{"@type":"BreadcrumbList","@id":"https:\/\/fertility.com.gt\/estimulacion-ovarica-controlada-eoc\/#breadcrumb","itemListElement":[{"@type":"ListItem","position":1,"name":"Home","item":"https:\/\/fertility.com.gt\/"},{"@type":"ListItem","position":2,"name":"Estimulaci\u00f3n ov\u00e1rica controlada (EOC)\u00a0"}]},{"@type":"WebSite","@id":"https:\/\/fertility.com.gt\/#website","url":"https:\/\/fertility.com.gt\/","name":"Fertility Guatemala","description":"","publisher":{"@id":"https:\/\/fertility.com.gt\/#organization"},"potentialAction":[{"@type":"SearchAction","target":{"@type":"EntryPoint","urlTemplate":"https:\/\/fertility.com.gt\/?s={search_term_string}"},"query-input":{"@type":"PropertyValueSpecification","valueRequired":true,"valueName":"search_term_string"}}],"inLanguage":"en-US"},{"@type":"Organization","@id":"https:\/\/fertility.com.gt\/#organization","name":"Fertility Guatemala","url":"https:\/\/fertility.com.gt\/","logo":{"@type":"ImageObject","inLanguage":"en-US","@id":"https:\/\/fertility.com.gt\/#\/schema\/logo\/image\/","url":"https:\/\/i0.wp.com\/fertility.com.gt\/wp-content\/uploads\/2025\/10\/Fertility_Logo_RGB_3-scaled.png?fit=2560%2C1024&ssl=1","contentUrl":"https:\/\/i0.wp.com\/fertility.com.gt\/wp-content\/uploads\/2025\/10\/Fertility_Logo_RGB_3-scaled.png?fit=2560%2C1024&ssl=1","width":2560,"height":1024,"caption":"Fertility Guatemala"},"image":{"@id":"https:\/\/fertility.com.gt\/#\/schema\/logo\/image\/"}}]}},"jetpack_sharing_enabled":true,"_links":{"self":[{"href":"https:\/\/fertility.com.gt\/en\/wp-json\/wp\/v2\/pages\/643","targetHints":{"allow":["GET"]}}],"collection":[{"href":"https:\/\/fertility.com.gt\/en\/wp-json\/wp\/v2\/pages"}],"about":[{"href":"https:\/\/fertility.com.gt\/en\/wp-json\/wp\/v2\/types\/page"}],"author":[{"embeddable":true,"href":"https:\/\/fertility.com.gt\/en\/wp-json\/wp\/v2\/users\/1"}],"replies":[{"embeddable":true,"href":"https:\/\/fertility.com.gt\/en\/wp-json\/wp\/v2\/comments?post=643"}],"version-history":[{"count":5,"href":"https:\/\/fertility.com.gt\/en\/wp-json\/wp\/v2\/pages\/643\/revisions"}],"predecessor-version":[{"id":650,"href":"https:\/\/fertility.com.gt\/en\/wp-json\/wp\/v2\/pages\/643\/revisions\/650"}],"wp:attachment":[{"href":"https:\/\/fertility.com.gt\/en\/wp-json\/wp\/v2\/media?parent=643"}],"curies":[{"name":"wp","href":"https:\/\/api.w.org\/{rel}","templated":true}]}}