{"id":638,"date":"2025-11-20T05:51:02","date_gmt":"2025-11-20T05:51:02","guid":{"rendered":"https:\/\/fertility.com.gt\/?page_id=638"},"modified":"2025-11-25T14:26:26","modified_gmt":"2025-11-25T14:26:26","slug":"tratamientos-3","status":"publish","type":"page","link":"https:\/\/fertility.com.gt\/en\/tratamientos-3\/","title":{"rendered":"TRATAMIENTOS"},"content":{"rendered":"<p class=\"\"><\/p>\n\n\n\n<h1 class=\"wp-block-heading has-text-align-center\">BAJA COMPLEJIDAD<\/h1>\n\n\n\n<div class=\"wp-block-media-text is-stacked-on-mobile\"><figure class=\"wp-block-media-text__media\"><img data-recalc-dims=\"1\" loading=\"lazy\" decoding=\"async\" width=\"1020\" height=\"681\" src=\"https:\/\/i0.wp.com\/fertility.com.gt\/wp-content\/uploads\/2025\/11\/EOC.jpg?resize=1020%2C681&#038;ssl=1\" alt=\"\" class=\"wp-image-645 size-full\" srcset=\"https:\/\/i0.wp.com\/fertility.com.gt\/wp-content\/uploads\/2025\/11\/EOC-scaled.jpg?resize=1024%2C684&amp;ssl=1 1024w, https:\/\/i0.wp.com\/fertility.com.gt\/wp-content\/uploads\/2025\/11\/EOC-scaled.jpg?resize=300%2C200&amp;ssl=1 300w, https:\/\/i0.wp.com\/fertility.com.gt\/wp-content\/uploads\/2025\/11\/EOC-scaled.jpg?resize=768%2C513&amp;ssl=1 768w, https:\/\/i0.wp.com\/fertility.com.gt\/wp-content\/uploads\/2025\/11\/EOC-scaled.jpg?resize=1536%2C1025&amp;ssl=1 1536w, https:\/\/i0.wp.com\/fertility.com.gt\/wp-content\/uploads\/2025\/11\/EOC-scaled.jpg?resize=2048%2C1367&amp;ssl=1 2048w, https:\/\/i0.wp.com\/fertility.com.gt\/wp-content\/uploads\/2025\/11\/EOC-scaled.jpg?resize=18%2C12&amp;ssl=1 18w\" sizes=\"auto, (max-width: 1020px) 100vw, 1020px\" \/><\/figure><div class=\"wp-block-media-text__content\">\n<p class=\"\"><strong>Estimulaci\u00f3n ov\u00e1rica controlada (EOC)\u00a0<\/strong><\/p>\n\n\n\n<p class=\"\">La EOC es una de las etapas m\u00e1s importantes en los tratamientos de reproducci\u00f3n asistida (TRA). Su objetivo es lograr que uno o los dos ovarios produzcan mas de un \u00f3vulo maduro (MII) en un mismo ciclo, aumentando as\u00ed las posibilidades de lograr un embarazo de un 3-5% a un 10-15%.\u00a0<\/p>\n\n\n\n<p class=\"\"><a href=\"https:\/\/fertility.com.gt\/en\/estimulacion-ovarica-controlada-eoc\/\">Leer m\u00e1s<\/a><\/p>\n<\/div><\/div>\n\n\n\n<hr class=\"wp-block-separator has-alpha-channel-opacity\"\/>\n\n\n\n<div class=\"wp-block-media-text is-stacked-on-mobile\"><figure class=\"wp-block-media-text__media\"><img data-recalc-dims=\"1\" loading=\"lazy\" decoding=\"async\" width=\"1020\" height=\"681\" src=\"https:\/\/i0.wp.com\/fertility.com.gt\/wp-content\/uploads\/2025\/11\/D758810.jpg?resize=1020%2C681&#038;ssl=1\" alt=\"\" class=\"wp-image-655 size-full\" srcset=\"https:\/\/i0.wp.com\/fertility.com.gt\/wp-content\/uploads\/2025\/11\/D758810-scaled.jpg?resize=1024%2C684&amp;ssl=1 1024w, https:\/\/i0.wp.com\/fertility.com.gt\/wp-content\/uploads\/2025\/11\/D758810-scaled.jpg?resize=300%2C200&amp;ssl=1 300w, https:\/\/i0.wp.com\/fertility.com.gt\/wp-content\/uploads\/2025\/11\/D758810-scaled.jpg?resize=768%2C513&amp;ssl=1 768w, https:\/\/i0.wp.com\/fertility.com.gt\/wp-content\/uploads\/2025\/11\/D758810-scaled.jpg?resize=1536%2C1025&amp;ssl=1 1536w, https:\/\/i0.wp.com\/fertility.com.gt\/wp-content\/uploads\/2025\/11\/D758810-scaled.jpg?resize=2048%2C1367&amp;ssl=1 2048w, https:\/\/i0.wp.com\/fertility.com.gt\/wp-content\/uploads\/2025\/11\/D758810-scaled.jpg?resize=18%2C12&amp;ssl=1 18w\" sizes=\"auto, (max-width: 1020px) 100vw, 1020px\" \/><\/figure><div class=\"wp-block-media-text__content\">\n<p class=\"\"><strong>EOC + aumento de la actividad sexual\u00a0<\/strong><\/p>\n\n\n\n<p class=\"\">Es una de las t\u00e9cnicas de reproducci\u00f3n asistida (TRA) m\u00e1s sencillas y fisiol\u00f3gicas dentro de la medicina reproductiva. Su objetivo es aumentar la posibilidad de embarazo estimulando suavemente los ovarios para que produzcan uno o m\u00e1s fol\u00edculos con \u00f3vulos maduros (MII) e indicando la ventana de ovulaci\u00f3n para que la pareja pueda aumentar su frecuencia sexual\u00a0<\/p>\n\n\n\n<p class=\"\"><a href=\"https:\/\/fertility.com.gt\/en\/eoc-aumento-de-la-actividad-sexual\/\">Leer m\u00e1s<\/a><\/p>\n<\/div><\/div>\n\n\n\n<hr class=\"wp-block-separator has-alpha-channel-opacity\"\/>\n\n\n\n<div class=\"wp-block-media-text is-stacked-on-mobile\"><figure class=\"wp-block-media-text__media\"><img data-recalc-dims=\"1\" loading=\"lazy\" decoding=\"async\" width=\"1020\" height=\"681\" src=\"https:\/\/i0.wp.com\/fertility.com.gt\/wp-content\/uploads\/2025\/11\/D758488.jpg?resize=1020%2C681&#038;ssl=1\" alt=\"\" class=\"wp-image-659 size-full\" srcset=\"https:\/\/i0.wp.com\/fertility.com.gt\/wp-content\/uploads\/2025\/11\/D758488-scaled.jpg?resize=1024%2C684&amp;ssl=1 1024w, https:\/\/i0.wp.com\/fertility.com.gt\/wp-content\/uploads\/2025\/11\/D758488-scaled.jpg?resize=300%2C200&amp;ssl=1 300w, https:\/\/i0.wp.com\/fertility.com.gt\/wp-content\/uploads\/2025\/11\/D758488-scaled.jpg?resize=768%2C513&amp;ssl=1 768w, https:\/\/i0.wp.com\/fertility.com.gt\/wp-content\/uploads\/2025\/11\/D758488-scaled.jpg?resize=1536%2C1025&amp;ssl=1 1536w, https:\/\/i0.wp.com\/fertility.com.gt\/wp-content\/uploads\/2025\/11\/D758488-scaled.jpg?resize=2048%2C1367&amp;ssl=1 2048w, https:\/\/i0.wp.com\/fertility.com.gt\/wp-content\/uploads\/2025\/11\/D758488-scaled.jpg?resize=18%2C12&amp;ssl=1 18w\" sizes=\"auto, (max-width: 1020px) 100vw, 1020px\" \/><\/figure><div class=\"wp-block-media-text__content\">\n<p class=\"\"><strong>EOC + Coito Dirigido<\/strong><\/p>\n\n\n\n<p class=\"\">La estimulaci\u00f3n ov\u00e1rica controlada unida al coito dirigido es un tratamiento sencillo y eficaz que busca aumentar la tasa de embarazo de un 3-5% a un 15-18%<\/p>\n\n\n\n<p class=\"\"><a href=\"https:\/\/fertility.com.gt\/en\/eoc-coito-dirigido\/\">Leer m\u00e1s<\/a><\/p>\n<\/div><\/div>\n\n\n\n<p class=\"\"><\/p>\n\n\n\n<hr class=\"wp-block-separator has-alpha-channel-opacity\"\/>\n\n\n\n<h1 class=\"wp-block-heading has-text-align-center\">ALTA COMPLEJIDAD<\/h1>\n\n\n\n<p class=\"\"><\/p>","protected":false},"excerpt":{"rendered":"<p>BAJA COMPLEJIDAD Estimulaci\u00f3n ov\u00e1rica controlada (EOC)\u00a0 La EOC es una de las etapas m\u00e1s importantes en los tratamientos de reproducci\u00f3n asistida (TRA). Su objetivo es lograr que uno o los dos ovarios produzcan mas de un \u00f3vulo maduro (MII) en un mismo ciclo, aumentando as\u00ed las posibilidades de lograr un embarazo de un 3-5% a [&#8230;]\n","protected":false},"author":1,"featured_media":0,"parent":0,"menu_order":0,"comment_status":"closed","ping_status":"closed","template":"","meta":{"nf_dc_page":"","om_disable_all_campaigns":false,"_monsterinsights_skip_tracking":false,"_monsterinsights_sitenote_active":false,"_monsterinsights_sitenote_note":"","_monsterinsights_sitenote_category":0,"_joinchat":[],"footnotes":""},"class_list":["post-638","page","type-page","status-publish","hentry"],"yoast_head":"<!-- This site is optimized with the Yoast SEO plugin v27.4 - https:\/\/yoast.com\/product\/yoast-seo-wordpress\/ -->\n<title>TRATAMIENTOS - Fertility Guatemala<\/title>\n<meta name=\"robots\" content=\"index, follow, max-snippet:-1, max-image-preview:large, max-video-preview:-1\" \/>\n<link rel=\"canonical\" href=\"https:\/\/fertility.com.gt\/en\/tratamientos-3\/\" \/>\n<meta property=\"og:locale\" content=\"en_US\" \/>\n<meta property=\"og:type\" content=\"article\" \/>\n<meta property=\"og:title\" content=\"TRATAMIENTOS - Fertility Guatemala\" \/>\n<meta property=\"og:description\" content=\"BAJA COMPLEJIDAD Estimulaci\u00f3n ov\u00e1rica controlada (EOC)\u00a0 La EOC es una de las etapas m\u00e1s importantes en los tratamientos de reproducci\u00f3n asistida (TRA). Su objetivo es lograr que uno o los dos ovarios produzcan mas de un \u00f3vulo maduro (MII) en un mismo ciclo, aumentando as\u00ed las posibilidades de lograr un embarazo de un 3-5% a [...]\" \/>\n<meta property=\"og:url\" content=\"https:\/\/fertility.com.gt\/en\/tratamientos-3\/\" \/>\n<meta property=\"og:site_name\" content=\"Fertility Guatemala\" \/>\n<meta property=\"article:modified_time\" content=\"2025-11-25T14:26:26+00:00\" \/>\n<meta property=\"og:image\" content=\"https:\/\/fertility.com.gt\/wp-content\/uploads\/2025\/11\/EOC-1024x684.jpg\" \/>\n<meta name=\"twitter:card\" content=\"summary_large_image\" \/>\n<meta name=\"twitter:label1\" content=\"Est. reading time\" \/>\n\t<meta name=\"twitter:data1\" content=\"2 minutes\" \/>\n<script type=\"application\/ld+json\" class=\"yoast-schema-graph\">{\"@context\":\"https:\\\/\\\/schema.org\",\"@graph\":[{\"@type\":\"WebPage\",\"@id\":\"https:\\\/\\\/fertility.com.gt\\\/tratamientos-3\\\/\",\"url\":\"https:\\\/\\\/fertility.com.gt\\\/tratamientos-3\\\/\",\"name\":\"TRATAMIENTOS - Fertility Guatemala\",\"isPartOf\":{\"@id\":\"https:\\\/\\\/fertility.com.gt\\\/#website\"},\"primaryImageOfPage\":{\"@id\":\"https:\\\/\\\/fertility.com.gt\\\/tratamientos-3\\\/#primaryimage\"},\"image\":{\"@id\":\"https:\\\/\\\/fertility.com.gt\\\/tratamientos-3\\\/#primaryimage\"},\"thumbnailUrl\":\"https:\\\/\\\/fertility.com.gt\\\/wp-content\\\/uploads\\\/2025\\\/11\\\/EOC-1024x684.jpg\",\"datePublished\":\"2025-11-20T05:51:02+00:00\",\"dateModified\":\"2025-11-25T14:26:26+00:00\",\"breadcrumb\":{\"@id\":\"https:\\\/\\\/fertility.com.gt\\\/tratamientos-3\\\/#breadcrumb\"},\"inLanguage\":\"en-US\",\"potentialAction\":[{\"@type\":\"ReadAction\",\"target\":[\"https:\\\/\\\/fertility.com.gt\\\/tratamientos-3\\\/\"]}]},{\"@type\":\"ImageObject\",\"inLanguage\":\"en-US\",\"@id\":\"https:\\\/\\\/fertility.com.gt\\\/tratamientos-3\\\/#primaryimage\",\"url\":\"https:\\\/\\\/fertility.com.gt\\\/wp-content\\\/uploads\\\/2025\\\/11\\\/EOC-1024x684.jpg\",\"contentUrl\":\"https:\\\/\\\/fertility.com.gt\\\/wp-content\\\/uploads\\\/2025\\\/11\\\/EOC-1024x684.jpg\"},{\"@type\":\"BreadcrumbList\",\"@id\":\"https:\\\/\\\/fertility.com.gt\\\/tratamientos-3\\\/#breadcrumb\",\"itemListElement\":[{\"@type\":\"ListItem\",\"position\":1,\"name\":\"Home\",\"item\":\"https:\\\/\\\/fertility.com.gt\\\/\"},{\"@type\":\"ListItem\",\"position\":2,\"name\":\"TRATAMIENTOS\"}]},{\"@type\":\"WebSite\",\"@id\":\"https:\\\/\\\/fertility.com.gt\\\/#website\",\"url\":\"https:\\\/\\\/fertility.com.gt\\\/\",\"name\":\"Fertility Guatemala\",\"description\":\"\",\"publisher\":{\"@id\":\"https:\\\/\\\/fertility.com.gt\\\/#organization\"},\"potentialAction\":[{\"@type\":\"SearchAction\",\"target\":{\"@type\":\"EntryPoint\",\"urlTemplate\":\"https:\\\/\\\/fertility.com.gt\\\/?s={search_term_string}\"},\"query-input\":{\"@type\":\"PropertyValueSpecification\",\"valueRequired\":true,\"valueName\":\"search_term_string\"}}],\"inLanguage\":\"en-US\"},{\"@type\":\"Organization\",\"@id\":\"https:\\\/\\\/fertility.com.gt\\\/#organization\",\"name\":\"Fertility Guatemala\",\"url\":\"https:\\\/\\\/fertility.com.gt\\\/\",\"logo\":{\"@type\":\"ImageObject\",\"inLanguage\":\"en-US\",\"@id\":\"https:\\\/\\\/fertility.com.gt\\\/#\\\/schema\\\/logo\\\/image\\\/\",\"url\":\"https:\\\/\\\/i0.wp.com\\\/fertility.com.gt\\\/wp-content\\\/uploads\\\/2025\\\/10\\\/Fertility_Logo_RGB_3-scaled.png?fit=2560%2C1024&ssl=1\",\"contentUrl\":\"https:\\\/\\\/i0.wp.com\\\/fertility.com.gt\\\/wp-content\\\/uploads\\\/2025\\\/10\\\/Fertility_Logo_RGB_3-scaled.png?fit=2560%2C1024&ssl=1\",\"width\":2560,\"height\":1024,\"caption\":\"Fertility Guatemala\"},\"image\":{\"@id\":\"https:\\\/\\\/fertility.com.gt\\\/#\\\/schema\\\/logo\\\/image\\\/\"}}]}<\/script>\n<!-- \/ Yoast SEO plugin. -->","yoast_head_json":{"title":"TRATAMIENTOS - Fertility Guatemala","robots":{"index":"index","follow":"follow","max-snippet":"max-snippet:-1","max-image-preview":"max-image-preview:large","max-video-preview":"max-video-preview:-1"},"canonical":"https:\/\/fertility.com.gt\/en\/tratamientos-3\/","og_locale":"en_US","og_type":"article","og_title":"TRATAMIENTOS - Fertility Guatemala","og_description":"BAJA COMPLEJIDAD Estimulaci\u00f3n ov\u00e1rica controlada (EOC)\u00a0 La EOC es una de las etapas m\u00e1s importantes en los tratamientos de reproducci\u00f3n asistida (TRA). Su objetivo es lograr que uno o los dos ovarios produzcan mas de un \u00f3vulo maduro (MII) en un mismo ciclo, aumentando as\u00ed las posibilidades de lograr un embarazo de un 3-5% a [...]","og_url":"https:\/\/fertility.com.gt\/en\/tratamientos-3\/","og_site_name":"Fertility Guatemala","article_modified_time":"2025-11-25T14:26:26+00:00","og_image":[{"url":"https:\/\/fertility.com.gt\/wp-content\/uploads\/2025\/11\/EOC-1024x684.jpg","type":"","width":"","height":""}],"twitter_card":"summary_large_image","twitter_misc":{"Est. reading time":"2 minutes"},"schema":{"@context":"https:\/\/schema.org","@graph":[{"@type":"WebPage","@id":"https:\/\/fertility.com.gt\/tratamientos-3\/","url":"https:\/\/fertility.com.gt\/tratamientos-3\/","name":"TRATAMIENTOS - Fertility Guatemala","isPartOf":{"@id":"https:\/\/fertility.com.gt\/#website"},"primaryImageOfPage":{"@id":"https:\/\/fertility.com.gt\/tratamientos-3\/#primaryimage"},"image":{"@id":"https:\/\/fertility.com.gt\/tratamientos-3\/#primaryimage"},"thumbnailUrl":"https:\/\/fertility.com.gt\/wp-content\/uploads\/2025\/11\/EOC-1024x684.jpg","datePublished":"2025-11-20T05:51:02+00:00","dateModified":"2025-11-25T14:26:26+00:00","breadcrumb":{"@id":"https:\/\/fertility.com.gt\/tratamientos-3\/#breadcrumb"},"inLanguage":"en-US","potentialAction":[{"@type":"ReadAction","target":["https:\/\/fertility.com.gt\/tratamientos-3\/"]}]},{"@type":"ImageObject","inLanguage":"en-US","@id":"https:\/\/fertility.com.gt\/tratamientos-3\/#primaryimage","url":"https:\/\/fertility.com.gt\/wp-content\/uploads\/2025\/11\/EOC-1024x684.jpg","contentUrl":"https:\/\/fertility.com.gt\/wp-content\/uploads\/2025\/11\/EOC-1024x684.jpg"},{"@type":"BreadcrumbList","@id":"https:\/\/fertility.com.gt\/tratamientos-3\/#breadcrumb","itemListElement":[{"@type":"ListItem","position":1,"name":"Home","item":"https:\/\/fertility.com.gt\/"},{"@type":"ListItem","position":2,"name":"TRATAMIENTOS"}]},{"@type":"WebSite","@id":"https:\/\/fertility.com.gt\/#website","url":"https:\/\/fertility.com.gt\/","name":"Fertility Guatemala","description":"","publisher":{"@id":"https:\/\/fertility.com.gt\/#organization"},"potentialAction":[{"@type":"SearchAction","target":{"@type":"EntryPoint","urlTemplate":"https:\/\/fertility.com.gt\/?s={search_term_string}"},"query-input":{"@type":"PropertyValueSpecification","valueRequired":true,"valueName":"search_term_string"}}],"inLanguage":"en-US"},{"@type":"Organization","@id":"https:\/\/fertility.com.gt\/#organization","name":"Fertility Guatemala","url":"https:\/\/fertility.com.gt\/","logo":{"@type":"ImageObject","inLanguage":"en-US","@id":"https:\/\/fertility.com.gt\/#\/schema\/logo\/image\/","url":"https:\/\/i0.wp.com\/fertility.com.gt\/wp-content\/uploads\/2025\/10\/Fertility_Logo_RGB_3-scaled.png?fit=2560%2C1024&ssl=1","contentUrl":"https:\/\/i0.wp.com\/fertility.com.gt\/wp-content\/uploads\/2025\/10\/Fertility_Logo_RGB_3-scaled.png?fit=2560%2C1024&ssl=1","width":2560,"height":1024,"caption":"Fertility Guatemala"},"image":{"@id":"https:\/\/fertility.com.gt\/#\/schema\/logo\/image\/"}}]}},"jetpack_sharing_enabled":true,"_links":{"self":[{"href":"https:\/\/fertility.com.gt\/en\/wp-json\/wp\/v2\/pages\/638","targetHints":{"allow":["GET"]}}],"collection":[{"href":"https:\/\/fertility.com.gt\/en\/wp-json\/wp\/v2\/pages"}],"about":[{"href":"https:\/\/fertility.com.gt\/en\/wp-json\/wp\/v2\/types\/page"}],"author":[{"embeddable":true,"href":"https:\/\/fertility.com.gt\/en\/wp-json\/wp\/v2\/users\/1"}],"replies":[{"embeddable":true,"href":"https:\/\/fertility.com.gt\/en\/wp-json\/wp\/v2\/comments?post=638"}],"version-history":[{"count":5,"href":"https:\/\/fertility.com.gt\/en\/wp-json\/wp\/v2\/pages\/638\/revisions"}],"predecessor-version":[{"id":675,"href":"https:\/\/fertility.com.gt\/en\/wp-json\/wp\/v2\/pages\/638\/revisions\/675"}],"wp:attachment":[{"href":"https:\/\/fertility.com.gt\/en\/wp-json\/wp\/v2\/media?parent=638"}],"curies":[{"name":"wp","href":"https:\/\/api.w.org\/{rel}","templated":true}]}}