{"id":568,"date":"2025-10-22T17:43:38","date_gmt":"2025-10-22T17:43:38","guid":{"rendered":"https:\/\/fertility.com.gt\/?page_id=568"},"modified":"2025-10-22T17:54:30","modified_gmt":"2025-10-22T17:54:30","slug":"avances-en-la-salud-sexual-y-reproductiva","status":"publish","type":"page","link":"https:\/\/fertility.com.gt\/en\/avances-en-la-salud-sexual-y-reproductiva\/","title":{"rendered":"\u201cAvances en la Salud Sexual y Reproductiva\u201d"},"content":{"rendered":"<h1 class=\"justificado wp-block-heading\">\u201cAvances en la Salud Sexual y Reproductiva\u201d<\/h1>\n\n\n\n<p class=\"justificado\">En los \u00faltimos 20 anos la salud sexual y reproductiva ha tenido muchos avances, principalmente ha dejado de ser un tab\u00fa en la gran mayor\u00eda de pa\u00edses para convertirse en un eje vital para el desarrollo integral de la humanidad. La salud, seg\u00fan el trabajo de la Organizaci\u00f3n Mundial de la Salud (OMS), se define como el estado completo de bienestar f\u00edsico, mental, emocional y social y no solo la ausencia de enfermedad.&nbsp;&nbsp;La salud sexual y reproductiva aborda los sistemas, funciones y procesos reproductivos en todas las etapas de la vida. El comportamiento sexual y su impacto en la salud p\u00fablica es uno de los problemas m\u00e1s significativos que actualmente afronta la humanidad a nivel global. El HIV\/SIDA, infecciones de transmisi\u00f3n sexual, hepatitis, embarazos no planeados y violencia sexual constituyen un grupo de problemas de salud que impactan en tres de los ocho objetivos de desarrollo del milenio. 1. Disminuir la mortalidad infantil, 2. Mejorar la salud materna y 3. Combatir el VIH, malaria y otras enfermedades infecciosas.<\/p>\n\n\n\n<p class=\"justificado\">A pesar de ser un reto global, existen poblaciones que est\u00e1n m\u00e1s expuestas a padecer de estos problemas de salud: Los pa\u00edses en subdesarrollo, mujeres que est\u00e1n m\u00e1s expuestas que los hombres a embarazos no deseados y violencia sexual, adolescentes,&nbsp;&nbsp;minor\u00edas raciales y \u00e9tnicas; lesbianas, gays, bisexuales y transg\u00e9nero; hombres que tienen sexo con hombres; discapacitados. Estas poblaciones tienen mayor riesgo de experimentar una&nbsp;&nbsp;sindemia (dos o m\u00e1s problemas de salud que interact\u00faan sin\u00e9rgicamente) y que contribuye a una excesiva carga en la morbi-mortalidad para estos grupos y el resto de la poblaci\u00f3n. Esta carga tambi\u00e9n resulta en un impacto econ\u00f3mico nacional sustancioso.<\/p>\n\n\n\n<p class=\"justificado\">Los pa\u00edses que han reconocido los retos en salud p\u00fablica que se relacionan con el comportamiento sexual, han adoptado un enfoque m\u00e1s hol\u00edstico e integrado para promover la salud sexual. Para pa\u00edses como Guatemala se recomienda que se utilice como marco de referencia un enfoque utilizando y mejorando los programas que ya existen pero dirigiendo los esfuerzos en 5 principios claves:\u00a0<\/p>\n\n\n\n<p class=\"justificado\"><strong>1) Contextualizar el tema.<\/strong>\u00a0La prevenci\u00f3n y el control de las enfermedades infecciosas son vitales para la salud p\u00fablica. Sin embargo, d\u00e1ndole una perspectiva m\u00e1s amplia, desde el individuo, sus relaciones, la comunidad y los resultados en salud sexual a nivel nacional, mejoran considerablemente los esfuerzos dedicados a esta \u00e1rea.\u00a0<\/p>\n\n\n\n<p class=\"justificado\"><strong>2). Enfatizar en el bienestar y no solo en ausencia de enfermedad.<\/strong>\u00a0El enfoque hol\u00edstico que incorpora a la sexualidad los aspectos f\u00edsicos, mentales, emocionales y espirituales, ayudan a que se lleve una agenda de bienestar total y eliminar el silencio y los estigmas que acompanan a esta \u00e1rea de la salud.\u00a0<\/p>\n\n\n\n<p class=\"justificado\"><strong>3). Enfoque a las relaciones respetuosas y positivas.<\/strong>\u00a0Todo tipo de relaciones (Ej. Padres- hijos, pareja \u00edntima, entre compa\u00f1eros, etc.) Positivas y respetuosas han demostrado que se convierten en factores protectores para varios problemas de salud. Lograr tener relaciones saludables hace que se tenga un bienestar completo para el desarrollo humano.\u00a0<\/p>\n\n\n\n<p class=\"justificado\"><strong>4). Reconocer el impacto de la sexualidad en la salud.\u00a0<\/strong>Se ha demostrado que la expresi\u00f3n sexual conlleva muchos beneficios en la salud. Entendiendo y articulando los componentes de la salud sexual a la salud en general fortalece la inclusi\u00f3n de la prevenci\u00f3n de enfermedades, salud reproductiva, prevenci\u00f3n de violencia y otros componentes en un marco amplio de bienestar. <\/p>\n\n\n\n<p class=\"justificado\"><strong>5).<\/strong>\u00a0<strong>Utilizar un enfoque sind\u00e9mico para la prevenci\u00f3n<\/strong>.\u00a0\u00a0En el momento de desarrollar programas de salud p\u00fablica se debe tener un enfoque sind\u00e9mico que abarque y conecte varios aspectos de la salud sexual. Este aspecto inclusivo mejora la comunicaci\u00f3n entre las personas que se dedican a prestar los diferentes servicios de salud p\u00fablica y se economizan los recursos.Es importante que para que nuestro pa\u00eds consiga llegar a los objetivos del milenio se tenga un liderazgo nacional que trabaje con los diferentes sectores de la poblaci\u00f3n, se mejoren las alianzas estrat\u00e9gicas entre los diferentes sectores socio econ\u00f3micos, se fortalezca la base cient\u00edfica, supervisiones, monitoreo, evaluaciones y estudios cient\u00edficos. Se promuevan pol\u00edticas efectivas, se mejore la infraestructura para promover la salud sexual y se haga conciencia por medio de la educaci\u00f3n, promoci\u00f3n y comunicaci\u00f3n de lo vital que es la salud sexual y reproductiva para el desarrollo integral de cada persona.<\/p>\n\n\n\n<p class=\"justificado\"><\/p>\n\n\n\n<h2 class=\"wp-block-heading\">Escrito por:<\/h2>\n\n\n\n<div class=\"wp-block-media-text is-image-fill-element\" style=\"grid-template-columns:44% auto\"><figure class=\"wp-block-media-text__media\"><img data-recalc-dims=\"1\" loading=\"lazy\" decoding=\"async\" width=\"1020\" height=\"574\" src=\"https:\/\/i0.wp.com\/fertility.com.gt\/wp-content\/uploads\/2025\/10\/NCC3.png?resize=1020%2C574&#038;ssl=1\" alt=\"\" class=\"wp-image-254 size-full\" style=\"object-position:23% 22%\" srcset=\"https:\/\/i0.wp.com\/fertility.com.gt\/wp-content\/uploads\/2025\/10\/NCC3.png?w=1920&amp;ssl=1 1920w, https:\/\/i0.wp.com\/fertility.com.gt\/wp-content\/uploads\/2025\/10\/NCC3.png?resize=300%2C169&amp;ssl=1 300w, https:\/\/i0.wp.com\/fertility.com.gt\/wp-content\/uploads\/2025\/10\/NCC3.png?resize=1024%2C576&amp;ssl=1 1024w, https:\/\/i0.wp.com\/fertility.com.gt\/wp-content\/uploads\/2025\/10\/NCC3.png?resize=768%2C432&amp;ssl=1 768w, https:\/\/i0.wp.com\/fertility.com.gt\/wp-content\/uploads\/2025\/10\/NCC3.png?resize=1536%2C864&amp;ssl=1 1536w\" sizes=\"auto, (max-width: 1020px) 100vw, 1020px\" \/><\/figure><div class=\"wp-block-media-text__content\">\n<p class=\"\"><strong>DR. RODRIGO SALGUERO RUATA<\/strong><\/p>\n\n\n\n<p class=\"\">Ginec\u00f3logo y Obstetra Especialista en Medicina Reproductiva e infertilidad<\/p>\n<\/div><\/div>","protected":false},"excerpt":{"rendered":"<p>\u201cAvances en la Salud Sexual y Reproductiva\u201d En los \u00faltimos 20 anos la salud sexual y reproductiva ha tenido muchos avances, principalmente ha dejado de ser un tab\u00fa en la gran mayor\u00eda de pa\u00edses para convertirse en un eje vital para el desarrollo integral de la humanidad. La salud, seg\u00fan el trabajo de la Organizaci\u00f3n [&#8230;]\n","protected":false},"author":1,"featured_media":0,"parent":0,"menu_order":0,"comment_status":"closed","ping_status":"closed","template":"elementor_theme","meta":{"nf_dc_page":"","om_disable_all_campaigns":false,"_monsterinsights_skip_tracking":false,"_monsterinsights_sitenote_active":false,"_monsterinsights_sitenote_note":"","_monsterinsights_sitenote_category":0,"_joinchat":[],"footnotes":""},"class_list":["post-568","page","type-page","status-publish","hentry"],"yoast_head":"<!-- This site is optimized with the Yoast SEO plugin v27.4 - https:\/\/yoast.com\/product\/yoast-seo-wordpress\/ -->\n<title>\u201cAvances en la Salud Sexual y Reproductiva\u201d - Fertility Guatemala<\/title>\n<meta name=\"robots\" content=\"index, follow, max-snippet:-1, max-image-preview:large, max-video-preview:-1\" \/>\n<link rel=\"canonical\" href=\"https:\/\/fertility.com.gt\/en\/avances-en-la-salud-sexual-y-reproductiva\/\" \/>\n<meta property=\"og:locale\" content=\"en_US\" \/>\n<meta property=\"og:type\" content=\"article\" \/>\n<meta property=\"og:title\" content=\"\u201cAvances en la Salud Sexual y Reproductiva\u201d - Fertility Guatemala\" \/>\n<meta property=\"og:description\" content=\"\u201cAvances en la Salud Sexual y Reproductiva\u201d En los \u00faltimos 20 anos la salud sexual y reproductiva ha tenido muchos avances, principalmente ha dejado de ser un tab\u00fa en la gran mayor\u00eda de pa\u00edses para convertirse en un eje vital para el desarrollo integral de la humanidad. La salud, seg\u00fan el trabajo de la Organizaci\u00f3n [...]\" \/>\n<meta property=\"og:url\" content=\"https:\/\/fertility.com.gt\/en\/avances-en-la-salud-sexual-y-reproductiva\/\" \/>\n<meta property=\"og:site_name\" content=\"Fertility Guatemala\" \/>\n<meta property=\"article:modified_time\" content=\"2025-10-22T17:54:30+00:00\" \/>\n<meta property=\"og:image\" content=\"https:\/\/fertility.com.gt\/wp-content\/uploads\/2025\/10\/NCC3.png\" \/>\n<meta name=\"twitter:card\" content=\"summary_large_image\" \/>\n<meta name=\"twitter:label1\" content=\"Est. reading time\" \/>\n\t<meta name=\"twitter:data1\" content=\"4 minutes\" \/>\n<script type=\"application\/ld+json\" class=\"yoast-schema-graph\">{\"@context\":\"https:\\\/\\\/schema.org\",\"@graph\":[{\"@type\":\"WebPage\",\"@id\":\"https:\\\/\\\/fertility.com.gt\\\/avances-en-la-salud-sexual-y-reproductiva\\\/\",\"url\":\"https:\\\/\\\/fertility.com.gt\\\/avances-en-la-salud-sexual-y-reproductiva\\\/\",\"name\":\"\u201cAvances en la Salud Sexual y Reproductiva\u201d - Fertility Guatemala\",\"isPartOf\":{\"@id\":\"https:\\\/\\\/fertility.com.gt\\\/#website\"},\"primaryImageOfPage\":{\"@id\":\"https:\\\/\\\/fertility.com.gt\\\/avances-en-la-salud-sexual-y-reproductiva\\\/#primaryimage\"},\"image\":{\"@id\":\"https:\\\/\\\/fertility.com.gt\\\/avances-en-la-salud-sexual-y-reproductiva\\\/#primaryimage\"},\"thumbnailUrl\":\"https:\\\/\\\/fertility.com.gt\\\/wp-content\\\/uploads\\\/2025\\\/10\\\/NCC3.png\",\"datePublished\":\"2025-10-22T17:43:38+00:00\",\"dateModified\":\"2025-10-22T17:54:30+00:00\",\"breadcrumb\":{\"@id\":\"https:\\\/\\\/fertility.com.gt\\\/avances-en-la-salud-sexual-y-reproductiva\\\/#breadcrumb\"},\"inLanguage\":\"en-US\",\"potentialAction\":[{\"@type\":\"ReadAction\",\"target\":[\"https:\\\/\\\/fertility.com.gt\\\/avances-en-la-salud-sexual-y-reproductiva\\\/\"]}]},{\"@type\":\"ImageObject\",\"inLanguage\":\"en-US\",\"@id\":\"https:\\\/\\\/fertility.com.gt\\\/avances-en-la-salud-sexual-y-reproductiva\\\/#primaryimage\",\"url\":\"https:\\\/\\\/fertility.com.gt\\\/wp-content\\\/uploads\\\/2025\\\/10\\\/NCC3.png\",\"contentUrl\":\"https:\\\/\\\/fertility.com.gt\\\/wp-content\\\/uploads\\\/2025\\\/10\\\/NCC3.png\"},{\"@type\":\"BreadcrumbList\",\"@id\":\"https:\\\/\\\/fertility.com.gt\\\/avances-en-la-salud-sexual-y-reproductiva\\\/#breadcrumb\",\"itemListElement\":[{\"@type\":\"ListItem\",\"position\":1,\"name\":\"Home\",\"item\":\"https:\\\/\\\/fertility.com.gt\\\/\"},{\"@type\":\"ListItem\",\"position\":2,\"name\":\"\u201cAvances en la Salud Sexual y Reproductiva\u201d\"}]},{\"@type\":\"WebSite\",\"@id\":\"https:\\\/\\\/fertility.com.gt\\\/#website\",\"url\":\"https:\\\/\\\/fertility.com.gt\\\/\",\"name\":\"Fertility Guatemala\",\"description\":\"\",\"publisher\":{\"@id\":\"https:\\\/\\\/fertility.com.gt\\\/#organization\"},\"potentialAction\":[{\"@type\":\"SearchAction\",\"target\":{\"@type\":\"EntryPoint\",\"urlTemplate\":\"https:\\\/\\\/fertility.com.gt\\\/?s={search_term_string}\"},\"query-input\":{\"@type\":\"PropertyValueSpecification\",\"valueRequired\":true,\"valueName\":\"search_term_string\"}}],\"inLanguage\":\"en-US\"},{\"@type\":\"Organization\",\"@id\":\"https:\\\/\\\/fertility.com.gt\\\/#organization\",\"name\":\"Fertility Guatemala\",\"url\":\"https:\\\/\\\/fertility.com.gt\\\/\",\"logo\":{\"@type\":\"ImageObject\",\"inLanguage\":\"en-US\",\"@id\":\"https:\\\/\\\/fertility.com.gt\\\/#\\\/schema\\\/logo\\\/image\\\/\",\"url\":\"https:\\\/\\\/i0.wp.com\\\/fertility.com.gt\\\/wp-content\\\/uploads\\\/2025\\\/10\\\/Fertility_Logo_RGB_3-scaled.png?fit=2560%2C1024&ssl=1\",\"contentUrl\":\"https:\\\/\\\/i0.wp.com\\\/fertility.com.gt\\\/wp-content\\\/uploads\\\/2025\\\/10\\\/Fertility_Logo_RGB_3-scaled.png?fit=2560%2C1024&ssl=1\",\"width\":2560,\"height\":1024,\"caption\":\"Fertility Guatemala\"},\"image\":{\"@id\":\"https:\\\/\\\/fertility.com.gt\\\/#\\\/schema\\\/logo\\\/image\\\/\"}}]}<\/script>\n<!-- \/ Yoast SEO plugin. -->","yoast_head_json":{"title":"\u201cAvances en la Salud Sexual y Reproductiva\u201d - Fertility Guatemala","robots":{"index":"index","follow":"follow","max-snippet":"max-snippet:-1","max-image-preview":"max-image-preview:large","max-video-preview":"max-video-preview:-1"},"canonical":"https:\/\/fertility.com.gt\/en\/avances-en-la-salud-sexual-y-reproductiva\/","og_locale":"en_US","og_type":"article","og_title":"\u201cAvances en la Salud Sexual y Reproductiva\u201d - Fertility Guatemala","og_description":"\u201cAvances en la Salud Sexual y Reproductiva\u201d En los \u00faltimos 20 anos la salud sexual y reproductiva ha tenido muchos avances, principalmente ha dejado de ser un tab\u00fa en la gran mayor\u00eda de pa\u00edses para convertirse en un eje vital para el desarrollo integral de la humanidad. La salud, seg\u00fan el trabajo de la Organizaci\u00f3n [...]","og_url":"https:\/\/fertility.com.gt\/en\/avances-en-la-salud-sexual-y-reproductiva\/","og_site_name":"Fertility Guatemala","article_modified_time":"2025-10-22T17:54:30+00:00","og_image":[{"url":"https:\/\/fertility.com.gt\/wp-content\/uploads\/2025\/10\/NCC3.png","type":"","width":"","height":""}],"twitter_card":"summary_large_image","twitter_misc":{"Est. reading time":"4 minutes"},"schema":{"@context":"https:\/\/schema.org","@graph":[{"@type":"WebPage","@id":"https:\/\/fertility.com.gt\/avances-en-la-salud-sexual-y-reproductiva\/","url":"https:\/\/fertility.com.gt\/avances-en-la-salud-sexual-y-reproductiva\/","name":"\u201cAvances en la Salud Sexual y Reproductiva\u201d - Fertility Guatemala","isPartOf":{"@id":"https:\/\/fertility.com.gt\/#website"},"primaryImageOfPage":{"@id":"https:\/\/fertility.com.gt\/avances-en-la-salud-sexual-y-reproductiva\/#primaryimage"},"image":{"@id":"https:\/\/fertility.com.gt\/avances-en-la-salud-sexual-y-reproductiva\/#primaryimage"},"thumbnailUrl":"https:\/\/fertility.com.gt\/wp-content\/uploads\/2025\/10\/NCC3.png","datePublished":"2025-10-22T17:43:38+00:00","dateModified":"2025-10-22T17:54:30+00:00","breadcrumb":{"@id":"https:\/\/fertility.com.gt\/avances-en-la-salud-sexual-y-reproductiva\/#breadcrumb"},"inLanguage":"en-US","potentialAction":[{"@type":"ReadAction","target":["https:\/\/fertility.com.gt\/avances-en-la-salud-sexual-y-reproductiva\/"]}]},{"@type":"ImageObject","inLanguage":"en-US","@id":"https:\/\/fertility.com.gt\/avances-en-la-salud-sexual-y-reproductiva\/#primaryimage","url":"https:\/\/fertility.com.gt\/wp-content\/uploads\/2025\/10\/NCC3.png","contentUrl":"https:\/\/fertility.com.gt\/wp-content\/uploads\/2025\/10\/NCC3.png"},{"@type":"BreadcrumbList","@id":"https:\/\/fertility.com.gt\/avances-en-la-salud-sexual-y-reproductiva\/#breadcrumb","itemListElement":[{"@type":"ListItem","position":1,"name":"Home","item":"https:\/\/fertility.com.gt\/"},{"@type":"ListItem","position":2,"name":"\u201cAvances en la Salud Sexual y Reproductiva\u201d"}]},{"@type":"WebSite","@id":"https:\/\/fertility.com.gt\/#website","url":"https:\/\/fertility.com.gt\/","name":"Fertility Guatemala","description":"","publisher":{"@id":"https:\/\/fertility.com.gt\/#organization"},"potentialAction":[{"@type":"SearchAction","target":{"@type":"EntryPoint","urlTemplate":"https:\/\/fertility.com.gt\/?s={search_term_string}"},"query-input":{"@type":"PropertyValueSpecification","valueRequired":true,"valueName":"search_term_string"}}],"inLanguage":"en-US"},{"@type":"Organization","@id":"https:\/\/fertility.com.gt\/#organization","name":"Fertility Guatemala","url":"https:\/\/fertility.com.gt\/","logo":{"@type":"ImageObject","inLanguage":"en-US","@id":"https:\/\/fertility.com.gt\/#\/schema\/logo\/image\/","url":"https:\/\/i0.wp.com\/fertility.com.gt\/wp-content\/uploads\/2025\/10\/Fertility_Logo_RGB_3-scaled.png?fit=2560%2C1024&ssl=1","contentUrl":"https:\/\/i0.wp.com\/fertility.com.gt\/wp-content\/uploads\/2025\/10\/Fertility_Logo_RGB_3-scaled.png?fit=2560%2C1024&ssl=1","width":2560,"height":1024,"caption":"Fertility Guatemala"},"image":{"@id":"https:\/\/fertility.com.gt\/#\/schema\/logo\/image\/"}}]}},"jetpack_sharing_enabled":true,"_links":{"self":[{"href":"https:\/\/fertility.com.gt\/en\/wp-json\/wp\/v2\/pages\/568","targetHints":{"allow":["GET"]}}],"collection":[{"href":"https:\/\/fertility.com.gt\/en\/wp-json\/wp\/v2\/pages"}],"about":[{"href":"https:\/\/fertility.com.gt\/en\/wp-json\/wp\/v2\/types\/page"}],"author":[{"embeddable":true,"href":"https:\/\/fertility.com.gt\/en\/wp-json\/wp\/v2\/users\/1"}],"replies":[{"embeddable":true,"href":"https:\/\/fertility.com.gt\/en\/wp-json\/wp\/v2\/comments?post=568"}],"version-history":[{"count":5,"href":"https:\/\/fertility.com.gt\/en\/wp-json\/wp\/v2\/pages\/568\/revisions"}],"predecessor-version":[{"id":576,"href":"https:\/\/fertility.com.gt\/en\/wp-json\/wp\/v2\/pages\/568\/revisions\/576"}],"wp:attachment":[{"href":"https:\/\/fertility.com.gt\/en\/wp-json\/wp\/v2\/media?parent=568"}],"curies":[{"name":"wp","href":"https:\/\/api.w.org\/{rel}","templated":true}]}}