{"id":260,"date":"2025-10-09T13:59:34","date_gmt":"2025-10-09T13:59:34","guid":{"rendered":"https:\/\/fertility.com.gt\/?page_id=260"},"modified":"2025-11-03T15:36:16","modified_gmt":"2025-11-03T15:36:16","slug":"datos-de-interes","status":"publish","type":"page","link":"https:\/\/fertility.com.gt\/en\/datos-de-interes\/","title":{"rendered":"Datos de inter\u00e9s"},"content":{"rendered":"<div class=\"nfd-container nfd-wb-call-to-action__cta-1 wp-block-group\"><div class=\"wp-block-group__inner-container is-layout-constrained wp-block-group-is-layout-constrained\">\n<div class=\"wp-block-columns is-layout-flex wp-container-core-columns-is-layout-27d3582e wp-block-columns-is-layout-flex\">\n<div class=\"wp-block-column is-vertically-aligned-stretch is-layout-flow wp-block-column-is-layout-flow\">\n<div class=\"wp-block-group is-vertical is-content-justification-stretch is-layout-flex wp-container-core-group-is-layout-a42ae012 wp-block-group-is-layout-flex\" style=\"min-height:100%\">\n<div class=\"wp-block-cover is-light wp-container-content-9cfa9a5a\"><img data-recalc-dims=\"1\" loading=\"lazy\" decoding=\"async\" width=\"1000\" height=\"667\" class=\"wp-block-cover__image-background wp-image-579 size-full\" alt=\"\" src=\"https:\/\/i0.wp.com\/fertility.com.gt\/wp-content\/uploads\/2025\/10\/main-picture.973b601.jpg?resize=1000%2C667&#038;ssl=1\" data-object-fit=\"cover\" srcset=\"https:\/\/i0.wp.com\/fertility.com.gt\/wp-content\/uploads\/2025\/10\/main-picture.973b601.jpg?w=1000&amp;ssl=1 1000w, https:\/\/i0.wp.com\/fertility.com.gt\/wp-content\/uploads\/2025\/10\/main-picture.973b601.jpg?resize=300%2C200&amp;ssl=1 300w, https:\/\/i0.wp.com\/fertility.com.gt\/wp-content\/uploads\/2025\/10\/main-picture.973b601.jpg?resize=768%2C512&amp;ssl=1 768w, https:\/\/i0.wp.com\/fertility.com.gt\/wp-content\/uploads\/2025\/10\/main-picture.973b601.jpg?resize=18%2C12&amp;ssl=1 18w\" sizes=\"auto, (max-width: 1000px) 100vw, 1000px\" \/><span aria-hidden=\"true\" class=\"wp-block-cover__background has-background-dim-0 has-background-dim\" style=\"background-color:#e6e0dc\"><\/span><div class=\"wp-block-cover__inner-container is-layout-constrained wp-block-cover-is-layout-constrained\">\n<p class=\"has-text-align-center has-large-font-size\"><\/p>\n<\/div><\/div>\n<\/div>\n<\/div>\n\n\n\n<div class=\"wp-block-column is-vertically-aligned-stretch is-layout-flow wp-block-column-is-layout-flow\">\n<div class=\"nfd-gap-md nfd-p-card-square-lg is-style-nfd-theme-darker wp-block-group has-background nfd-bg-effect-grid-3 is-vertical is-layout-flex wp-container-core-group-is-layout-76a81b31 wp-block-group-is-layout-flex\" style=\"background-color:#a8c7ff;min-height:100%\">\n<div class=\"wp-block-group is-nowrap is-layout-flex wp-container-core-group-is-layout-ad2f72ca wp-block-group-is-layout-flex\"><\/div>\n\n\n\n<h2 class=\"nfd-text-xl nfd-text-contrast nfd-text-balance wp-block-heading has-text-align-left has-black-color has-text-color has-link-color wp-elements-a787031850bac783cf5dee265bee0a70\">Avances en la Salud Sexual y Reproductiva<\/h2>\n\n\n\n<p class=\"nfd-text-faded nfd-text-base nfd-text-balance justificado has-black-color has-text-color has-link-color wp-elements-ac645be685c1ec1ca2db393f73852c3b\">En los \u00faltimos 20 a\u00f1os la salud sexual y reproductiva ha tenido muchos avances, principalmente ha dejado de ser un tab\u00fa en la gran mayor\u00eda de pa\u00edses para convertirse en un eje vital para el desarrollo integral de la humanidad.<\/p>\n\n\n\n<div style=\"height:0px\" aria-hidden=\"true\" class=\"wp-block-spacer wp-container-content-7d115344\"><\/div>\n\n\n\n<div class=\"wp-block-buttons is-layout-flex wp-container-core-buttons-is-layout-132b0da8 wp-block-buttons-is-layout-flex\">\n<div class=\"nfd-btn-wide is-style-fill wp-block-button\"><a class=\"wp-block-button__link has-background wp-element-button\" href=\"https:\/\/fertility.com.gt\/en\/avances-en-la-salud-sexual-y-reproductiva\/\" style=\"background-color:#3438a3\" rel=\"https:\/\/fertility.com.gt\/avances-en-la-salud-sexual-y-reproductiva\/\">LEER M\u00c1S<\/a><\/div>\n<\/div>\n<\/div>\n<\/div>\n<\/div>\n<\/div><\/div>\n\n\n\n<div class=\"nfd-container nfd-wb-call-to-action__cta-2 wp-block-group\"><div class=\"wp-block-group__inner-container is-layout-constrained wp-block-group-is-layout-constrained\">\n<div class=\"wp-block-columns is-layout-flex wp-container-core-columns-is-layout-27d3582e wp-block-columns-is-layout-flex\">\n<div class=\"wp-block-column is-vertically-aligned-stretch is-layout-flow wp-block-column-is-layout-flow\">\n<div class=\"nfd-gap-md nfd-p-card-square-lg is-style-nfd-theme-darker wp-block-group has-background nfd-bg-effect-grid-3 is-vertical is-layout-flex wp-container-core-group-is-layout-76a81b31 wp-block-group-is-layout-flex\" style=\"background-color:#a8c7ff;min-height:100%\">\n<div class=\"wp-block-group is-nowrap is-layout-flex wp-container-core-group-is-layout-ad2f72ca wp-block-group-is-layout-flex\"><\/div>\n\n\n\n<h2 class=\"nfd-text-xl nfd-text-contrast nfd-text-balance wp-block-heading has-text-align-left has-black-color has-text-color has-link-color wp-elements-cbb6d46bcc37e90c3129f5dd9cb10ab5\">Diabetes Gestacional<\/h2>\n\n\n\n<p class=\"nfd-text-faded nfd-text-base nfd-text-balance justificado has-black-color has-text-color has-link-color wp-elements-d678bf4d68f796d37a90f05fc8ed4780\">Su monitoreo temprano es esencial para prevenir m\u00faltiples complicaciones.<\/p>\n\n\n\n<div style=\"height:0px\" aria-hidden=\"true\" class=\"wp-block-spacer wp-container-content-7d115344\"><\/div>\n\n\n\n<div class=\"wp-block-buttons is-layout-flex wp-container-core-buttons-is-layout-132b0da8 wp-block-buttons-is-layout-flex\">\n<div class=\"nfd-btn-wide is-style-fill wp-block-button\"><a class=\"wp-block-button__link has-background wp-element-button\" href=\"https:\/\/fertility.com.gt\/en\/diabetes-gestacional-su-monitoreo-temprano-es-esencial-para-prevenir-multiples-complicaciones\/\" style=\"background-color:#3438a3\">LEER M\u00c1S<\/a><\/div>\n<\/div>\n<\/div>\n<\/div>\n\n\n\n<div class=\"wp-block-column is-vertically-aligned-stretch is-layout-flow wp-block-column-is-layout-flow\">\n<div class=\"wp-block-group is-vertical is-content-justification-stretch is-layout-flex wp-container-core-group-is-layout-a42ae012 wp-block-group-is-layout-flex\" style=\"min-height:100%\">\n<div class=\"wp-block-cover is-light wp-container-content-9cfa9a5a\"><img data-recalc-dims=\"1\" loading=\"lazy\" decoding=\"async\" width=\"600\" height=\"400\" class=\"wp-block-cover__image-background wp-image-582 size-full\" alt=\"\" src=\"https:\/\/i0.wp.com\/fertility.com.gt\/wp-content\/uploads\/2025\/10\/CinfaSalud-imagen-diabetes-gestacional-600.jpg?resize=600%2C400&#038;ssl=1\" data-object-fit=\"cover\" srcset=\"https:\/\/i0.wp.com\/fertility.com.gt\/wp-content\/uploads\/2025\/10\/CinfaSalud-imagen-diabetes-gestacional-600.jpg?w=600&amp;ssl=1 600w, https:\/\/i0.wp.com\/fertility.com.gt\/wp-content\/uploads\/2025\/10\/CinfaSalud-imagen-diabetes-gestacional-600.jpg?resize=300%2C200&amp;ssl=1 300w, https:\/\/i0.wp.com\/fertility.com.gt\/wp-content\/uploads\/2025\/10\/CinfaSalud-imagen-diabetes-gestacional-600.jpg?resize=18%2C12&amp;ssl=1 18w\" sizes=\"auto, (max-width: 600px) 100vw, 600px\" \/><span aria-hidden=\"true\" class=\"wp-block-cover__background has-background-dim-0 has-background-dim\" style=\"background-color:#c7c6cc\"><\/span><div class=\"wp-block-cover__inner-container is-layout-constrained wp-block-cover-is-layout-constrained\">\n<p class=\"has-text-align-center has-large-font-size\"><\/p>\n<\/div><\/div>\n<\/div>\n<\/div>\n<\/div>\n<\/div><\/div>","protected":false},"excerpt":{"rendered":"<p>Avances en la Salud Sexual y Reproductiva En los \u00faltimos 20 a\u00f1os la salud sexual y reproductiva ha tenido muchos avances, principalmente ha dejado de ser un tab\u00fa en la gran mayor\u00eda de pa\u00edses para convertirse en un eje vital para el desarrollo integral de la humanidad. Diabetes Gestacional Su monitoreo temprano es esencial para [&#8230;]\n","protected":false},"author":1,"featured_media":0,"parent":0,"menu_order":0,"comment_status":"closed","ping_status":"closed","template":"","meta":{"nf_dc_page":"","om_disable_all_campaigns":false,"_monsterinsights_skip_tracking":false,"_monsterinsights_sitenote_active":false,"_monsterinsights_sitenote_note":"","_monsterinsights_sitenote_category":0,"_joinchat":[],"footnotes":""},"class_list":["post-260","page","type-page","status-publish","hentry"],"yoast_head":"<!-- This site is optimized with the Yoast SEO plugin v27.4 - https:\/\/yoast.com\/product\/yoast-seo-wordpress\/ -->\n<title>Datos de inter\u00e9s - Fertility Guatemala<\/title>\n<meta name=\"robots\" content=\"index, follow, max-snippet:-1, max-image-preview:large, max-video-preview:-1\" \/>\n<link rel=\"canonical\" href=\"https:\/\/fertility.com.gt\/en\/datos-de-interes\/\" \/>\n<meta property=\"og:locale\" content=\"en_US\" \/>\n<meta property=\"og:type\" content=\"article\" \/>\n<meta property=\"og:title\" content=\"Datos de inter\u00e9s - Fertility Guatemala\" \/>\n<meta property=\"og:description\" content=\"Avances en la Salud Sexual y Reproductiva En los \u00faltimos 20 a\u00f1os la salud sexual y reproductiva ha tenido muchos avances, principalmente ha dejado de ser un tab\u00fa en la gran mayor\u00eda de pa\u00edses para convertirse en un eje vital para el desarrollo integral de la humanidad. Diabetes Gestacional Su monitoreo temprano es esencial para [...]\" \/>\n<meta property=\"og:url\" content=\"https:\/\/fertility.com.gt\/en\/datos-de-interes\/\" \/>\n<meta property=\"og:site_name\" content=\"Fertility Guatemala\" \/>\n<meta property=\"article:modified_time\" content=\"2025-11-03T15:36:16+00:00\" \/>\n<meta property=\"og:image\" content=\"https:\/\/fertility.com.gt\/wp-content\/uploads\/2025\/10\/main-picture.973b601.jpg\" \/>\n<meta name=\"twitter:card\" content=\"summary_large_image\" \/>\n<meta name=\"twitter:label1\" content=\"Est. reading time\" \/>\n\t<meta name=\"twitter:data1\" content=\"1 minute\" \/>\n<script type=\"application\/ld+json\" class=\"yoast-schema-graph\">{\"@context\":\"https:\\\/\\\/schema.org\",\"@graph\":[{\"@type\":\"WebPage\",\"@id\":\"https:\\\/\\\/fertility.com.gt\\\/datos-de-interes\\\/\",\"url\":\"https:\\\/\\\/fertility.com.gt\\\/datos-de-interes\\\/\",\"name\":\"Datos de inter\u00e9s - Fertility Guatemala\",\"isPartOf\":{\"@id\":\"https:\\\/\\\/fertility.com.gt\\\/#website\"},\"primaryImageOfPage\":{\"@id\":\"https:\\\/\\\/fertility.com.gt\\\/datos-de-interes\\\/#primaryimage\"},\"image\":{\"@id\":\"https:\\\/\\\/fertility.com.gt\\\/datos-de-interes\\\/#primaryimage\"},\"thumbnailUrl\":\"https:\\\/\\\/fertility.com.gt\\\/wp-content\\\/uploads\\\/2025\\\/10\\\/main-picture.973b601.jpg\",\"datePublished\":\"2025-10-09T13:59:34+00:00\",\"dateModified\":\"2025-11-03T15:36:16+00:00\",\"breadcrumb\":{\"@id\":\"https:\\\/\\\/fertility.com.gt\\\/datos-de-interes\\\/#breadcrumb\"},\"inLanguage\":\"en-US\",\"potentialAction\":[{\"@type\":\"ReadAction\",\"target\":[\"https:\\\/\\\/fertility.com.gt\\\/datos-de-interes\\\/\"]}]},{\"@type\":\"ImageObject\",\"inLanguage\":\"en-US\",\"@id\":\"https:\\\/\\\/fertility.com.gt\\\/datos-de-interes\\\/#primaryimage\",\"url\":\"https:\\\/\\\/fertility.com.gt\\\/wp-content\\\/uploads\\\/2025\\\/10\\\/main-picture.973b601.jpg\",\"contentUrl\":\"https:\\\/\\\/fertility.com.gt\\\/wp-content\\\/uploads\\\/2025\\\/10\\\/main-picture.973b601.jpg\"},{\"@type\":\"BreadcrumbList\",\"@id\":\"https:\\\/\\\/fertility.com.gt\\\/datos-de-interes\\\/#breadcrumb\",\"itemListElement\":[{\"@type\":\"ListItem\",\"position\":1,\"name\":\"Home\",\"item\":\"https:\\\/\\\/fertility.com.gt\\\/\"},{\"@type\":\"ListItem\",\"position\":2,\"name\":\"Datos de inter\u00e9s\"}]},{\"@type\":\"WebSite\",\"@id\":\"https:\\\/\\\/fertility.com.gt\\\/#website\",\"url\":\"https:\\\/\\\/fertility.com.gt\\\/\",\"name\":\"Fertility Guatemala\",\"description\":\"\",\"publisher\":{\"@id\":\"https:\\\/\\\/fertility.com.gt\\\/#organization\"},\"potentialAction\":[{\"@type\":\"SearchAction\",\"target\":{\"@type\":\"EntryPoint\",\"urlTemplate\":\"https:\\\/\\\/fertility.com.gt\\\/?s={search_term_string}\"},\"query-input\":{\"@type\":\"PropertyValueSpecification\",\"valueRequired\":true,\"valueName\":\"search_term_string\"}}],\"inLanguage\":\"en-US\"},{\"@type\":\"Organization\",\"@id\":\"https:\\\/\\\/fertility.com.gt\\\/#organization\",\"name\":\"Fertility Guatemala\",\"url\":\"https:\\\/\\\/fertility.com.gt\\\/\",\"logo\":{\"@type\":\"ImageObject\",\"inLanguage\":\"en-US\",\"@id\":\"https:\\\/\\\/fertility.com.gt\\\/#\\\/schema\\\/logo\\\/image\\\/\",\"url\":\"https:\\\/\\\/i0.wp.com\\\/fertility.com.gt\\\/wp-content\\\/uploads\\\/2025\\\/10\\\/Fertility_Logo_RGB_3-scaled.png?fit=2560%2C1024&ssl=1\",\"contentUrl\":\"https:\\\/\\\/i0.wp.com\\\/fertility.com.gt\\\/wp-content\\\/uploads\\\/2025\\\/10\\\/Fertility_Logo_RGB_3-scaled.png?fit=2560%2C1024&ssl=1\",\"width\":2560,\"height\":1024,\"caption\":\"Fertility Guatemala\"},\"image\":{\"@id\":\"https:\\\/\\\/fertility.com.gt\\\/#\\\/schema\\\/logo\\\/image\\\/\"}}]}<\/script>\n<!-- \/ Yoast SEO plugin. -->","yoast_head_json":{"title":"Datos de inter\u00e9s - Fertility Guatemala","robots":{"index":"index","follow":"follow","max-snippet":"max-snippet:-1","max-image-preview":"max-image-preview:large","max-video-preview":"max-video-preview:-1"},"canonical":"https:\/\/fertility.com.gt\/en\/datos-de-interes\/","og_locale":"en_US","og_type":"article","og_title":"Datos de inter\u00e9s - Fertility Guatemala","og_description":"Avances en la Salud Sexual y Reproductiva En los \u00faltimos 20 a\u00f1os la salud sexual y reproductiva ha tenido muchos avances, principalmente ha dejado de ser un tab\u00fa en la gran mayor\u00eda de pa\u00edses para convertirse en un eje vital para el desarrollo integral de la humanidad. Diabetes Gestacional Su monitoreo temprano es esencial para [...]","og_url":"https:\/\/fertility.com.gt\/en\/datos-de-interes\/","og_site_name":"Fertility Guatemala","article_modified_time":"2025-11-03T15:36:16+00:00","og_image":[{"url":"https:\/\/fertility.com.gt\/wp-content\/uploads\/2025\/10\/main-picture.973b601.jpg","type":"","width":"","height":""}],"twitter_card":"summary_large_image","twitter_misc":{"Est. reading time":"1 minute"},"schema":{"@context":"https:\/\/schema.org","@graph":[{"@type":"WebPage","@id":"https:\/\/fertility.com.gt\/datos-de-interes\/","url":"https:\/\/fertility.com.gt\/datos-de-interes\/","name":"Datos de inter\u00e9s - Fertility Guatemala","isPartOf":{"@id":"https:\/\/fertility.com.gt\/#website"},"primaryImageOfPage":{"@id":"https:\/\/fertility.com.gt\/datos-de-interes\/#primaryimage"},"image":{"@id":"https:\/\/fertility.com.gt\/datos-de-interes\/#primaryimage"},"thumbnailUrl":"https:\/\/fertility.com.gt\/wp-content\/uploads\/2025\/10\/main-picture.973b601.jpg","datePublished":"2025-10-09T13:59:34+00:00","dateModified":"2025-11-03T15:36:16+00:00","breadcrumb":{"@id":"https:\/\/fertility.com.gt\/datos-de-interes\/#breadcrumb"},"inLanguage":"en-US","potentialAction":[{"@type":"ReadAction","target":["https:\/\/fertility.com.gt\/datos-de-interes\/"]}]},{"@type":"ImageObject","inLanguage":"en-US","@id":"https:\/\/fertility.com.gt\/datos-de-interes\/#primaryimage","url":"https:\/\/fertility.com.gt\/wp-content\/uploads\/2025\/10\/main-picture.973b601.jpg","contentUrl":"https:\/\/fertility.com.gt\/wp-content\/uploads\/2025\/10\/main-picture.973b601.jpg"},{"@type":"BreadcrumbList","@id":"https:\/\/fertility.com.gt\/datos-de-interes\/#breadcrumb","itemListElement":[{"@type":"ListItem","position":1,"name":"Home","item":"https:\/\/fertility.com.gt\/"},{"@type":"ListItem","position":2,"name":"Datos de inter\u00e9s"}]},{"@type":"WebSite","@id":"https:\/\/fertility.com.gt\/#website","url":"https:\/\/fertility.com.gt\/","name":"Fertility Guatemala","description":"","publisher":{"@id":"https:\/\/fertility.com.gt\/#organization"},"potentialAction":[{"@type":"SearchAction","target":{"@type":"EntryPoint","urlTemplate":"https:\/\/fertility.com.gt\/?s={search_term_string}"},"query-input":{"@type":"PropertyValueSpecification","valueRequired":true,"valueName":"search_term_string"}}],"inLanguage":"en-US"},{"@type":"Organization","@id":"https:\/\/fertility.com.gt\/#organization","name":"Fertility Guatemala","url":"https:\/\/fertility.com.gt\/","logo":{"@type":"ImageObject","inLanguage":"en-US","@id":"https:\/\/fertility.com.gt\/#\/schema\/logo\/image\/","url":"https:\/\/i0.wp.com\/fertility.com.gt\/wp-content\/uploads\/2025\/10\/Fertility_Logo_RGB_3-scaled.png?fit=2560%2C1024&ssl=1","contentUrl":"https:\/\/i0.wp.com\/fertility.com.gt\/wp-content\/uploads\/2025\/10\/Fertility_Logo_RGB_3-scaled.png?fit=2560%2C1024&ssl=1","width":2560,"height":1024,"caption":"Fertility Guatemala"},"image":{"@id":"https:\/\/fertility.com.gt\/#\/schema\/logo\/image\/"}}]}},"jetpack_sharing_enabled":true,"_links":{"self":[{"href":"https:\/\/fertility.com.gt\/en\/wp-json\/wp\/v2\/pages\/260","targetHints":{"allow":["GET"]}}],"collection":[{"href":"https:\/\/fertility.com.gt\/en\/wp-json\/wp\/v2\/pages"}],"about":[{"href":"https:\/\/fertility.com.gt\/en\/wp-json\/wp\/v2\/types\/page"}],"author":[{"embeddable":true,"href":"https:\/\/fertility.com.gt\/en\/wp-json\/wp\/v2\/users\/1"}],"replies":[{"embeddable":true,"href":"https:\/\/fertility.com.gt\/en\/wp-json\/wp\/v2\/comments?post=260"}],"version-history":[{"count":5,"href":"https:\/\/fertility.com.gt\/en\/wp-json\/wp\/v2\/pages\/260\/revisions"}],"predecessor-version":[{"id":630,"href":"https:\/\/fertility.com.gt\/en\/wp-json\/wp\/v2\/pages\/260\/revisions\/630"}],"wp:attachment":[{"href":"https:\/\/fertility.com.gt\/en\/wp-json\/wp\/v2\/media?parent=260"}],"curies":[{"name":"wp","href":"https:\/\/api.w.org\/{rel}","templated":true}]}}